{"id":6656,"date":"2025-08-22T11:46:19","date_gmt":"2025-08-22T11:46:19","guid":{"rendered":"https:\/\/gridamokykloms.lt\/katalogai\/"},"modified":"2025-10-07T16:02:46","modified_gmt":"2025-10-07T16:02:46","slug":"katalogai","status":"publish","type":"page","link":"https:\/\/gridamokykloms.lt\/en\/katalogai\/","title":{"rendered":"Catalogues"},"content":{"rendered":"\t\t<div data-elementor-type=\"wp-page\" data-elementor-id=\"6656\" class=\"elementor elementor-6656 elementor-4969\" data-elementor-post-type=\"page\">\n\t\t\t\t<div class=\"elementor-element elementor-element-2762ebc e-con-full elementor-hidden-tablet elementor-hidden-mobile e-flex e-con e-parent\" data-id=\"2762ebc\" data-element_type=\"container\" data-settings=\"{&quot;background_background&quot;:&quot;classic&quot;}\">\n\t\t\t\t<\/div>\n\t\t<div class=\"elementor-element elementor-element-3a85483 e-con-full e-flex e-con e-parent\" data-id=\"3a85483\" data-element_type=\"container\">\n\t\t\t\t<div class=\"elementor-element elementor-element-5d7197d elementor-widget elementor-widget-woocommerce-breadcrumb\" data-id=\"5d7197d\" data-element_type=\"widget\" data-widget_type=\"woocommerce-breadcrumb.default\">\n\t\t\t\t<div class=\"elementor-widget-container\">\n\t\t\t\t\t<nav class=\"woocommerce-breadcrumb\" aria-label=\"Breadcrumb\">Home<\/nav>\t\t\t\t<\/div>\n\t\t\t\t<\/div>\n\t\t\t\t<\/div>\n\t\t<div class=\"elementor-element elementor-element-f37c061 e-con-full e-flex e-con e-parent\" data-id=\"f37c061\" data-element_type=\"container\">\n\t\t<div class=\"elementor-element elementor-element-15bbea4 e-con-full e-flex e-con e-child\" data-id=\"15bbea4\" data-element_type=\"container\">\n\t\t\t\t<div class=\"elementor-element elementor-element-e97c2e1 elementor-widget elementor-widget-jet-smart-filters-search\" data-id=\"e97c2e1\" data-element_type=\"widget\" data-widget_type=\"jet-smart-filters-search.default\">\n\t\t\t\t<div class=\"elementor-widget-container\">\n\t\t\t\t\t<div class=\"jet-smart-filters-search jet-filter\"><div class=\"jet-search-filter\" data-query-type=\"_s\" data-query-var=\"query\" data-smart-filter=\"search\" data-filter-id=\"7197\" data-apply-type=\"ajax-ontyping\" data-content-provider=\"jet-woo-products-grid\" data-additional-providers=\"\" data-query-id=\"default\" data-active-label=\"\" data-layout-options=\"{&quot;show_label&quot;:&quot;&quot;,&quot;display_options&quot;:[]}\" data-query-var-suffix=\"search\" data-min-letters-count=\"3\">\n\t<div class=\"jet-search-filter__input-wrapper\">\n\t\t<input\n\t\t\tclass=\"jet-search-filter__input\"\n\t\t\ttype=\"search\"\n\t\t\tautocomplete=\"off\"\n\t\t\tname=\"query\"\n\t\t\tvalue=\"\"\n\t\t\tplaceholder=\"Enter the catalog name...\"\n\t\t\taria-label=\"Catalog search\"\n\t\t\t\t\t>\n\t\t\t\t\t<div class=\"jet-search-filter__input-clear\">\n\t\t\t\t<svg width=\"22\" height=\"28\" viewBox=\"0 0 22 28\" xmlns=\"http:\/\/www.w3.org\/2000\/svg\">\n\t<path d=\"M20.281 20.656c0 0.391-0.156 0.781-0.438 1.062l-2.125 2.125c-0.281 0.281-0.672 0.438-1.062 0.438s-0.781-0.156-1.062-0.438l-4.594-4.594-4.594 4.594c-0.281 0.281-0.672 0.438-1.062 0.438s-0.781-0.156-1.062-0.438l-2.125-2.125c-0.281-0.281-0.438-0.672-0.438-1.062s0.156-0.781 0.438-1.062l4.594-4.594-4.594-4.594c-0.281-0.281-0.438-0.672-0.438-1.062s0.156-0.781 0.438-1.062l2.125-2.125c0.281-0.281 0.672-0.438 1.062-0.438s0.781 0.156 1.062 0.438l4.594 4.594 4.594-4.594c0.281-0.281 0.672-0.438 1.062-0.438s0.781 0.156 1.062 0.438l2.125 2.125c0.281 0.281 0.438 0.672 0.438 1.062s-0.156 0.781-0.438 1.062l-4.594 4.594 4.594 4.594c0.281 0.281 0.438 0.672 0.438 1.062z\"><\/path>\n<\/svg>\n\t\t\t<\/div>\n\t\t\t<div class=\"jet-search-filter__input-loading\"><\/div>\n\t\t\t<\/div>\n\t<\/div>\n<\/div>\t\t\t\t<\/div>\n\t\t\t\t<\/div>\n\t\t\t\t<\/div>\n\t\t<div class=\"elementor-element elementor-element-fc31089 e-con-full e-flex e-con e-child\" data-id=\"fc31089\" data-element_type=\"container\">\n\t\t\t\t<div class=\"elementor-element elementor-element-6fc8033 jet-woo-builder-title-line-wrap-yes elementor-widget elementor-widget-jet-woo-products\" data-id=\"6fc8033\" data-element_type=\"widget\" data-settings=\"{&quot;columns&quot;:&quot;4&quot;,&quot;columns_mobile&quot;:&quot;1&quot;,&quot;columns_laptop&quot;:&quot;2&quot;,&quot;columns_tablet&quot;:&quot;2&quot;}\" data-widget_type=\"jet-woo-products.default\">\n\t\t\t\t<div class=\"elementor-widget-container\">\n\t\t\t\t\t<div class=\"elementor-jet-woo-products jet-woo-builder\"><div class=\"jet-woo-products jet-woo-products--preset-1 col-row  jet-equal-cols\" data-mobile-hover=\"\" >\n<div class=\"jet-woo-products__item jet-woo-builder-product\" data-product-id=\"6804\">\n\t<div class=\"jet-woo-products__inner-box\"  >\n\t\t\n<div class=\"jet-woo-product-thumbnail\">\n\t\n\t<a href=\"https:\/\/gridamokykloms.lt\/en\/produktas\/toy-catalog\/\" ><img fetchpriority=\"high\" decoding=\"async\" width=\"597\" height=\"775\" src=\"https:\/\/gridamokykloms.lt\/wp-content\/uploads\/2025\/09\/Screenshot-2025-09-03-131711.png\" class=\"attachment-full size-full\" alt=\"\" srcset=\"https:\/\/gridamokykloms.lt\/wp-content\/uploads\/2025\/09\/Screenshot-2025-09-03-131711.png 597w, https:\/\/gridamokykloms.lt\/wp-content\/uploads\/2025\/09\/Screenshot-2025-09-03-131711-231x300.png 231w, https:\/\/gridamokykloms.lt\/wp-content\/uploads\/2025\/09\/Screenshot-2025-09-03-131711-64x83.png 64w\" sizes=\"(max-width: 597px) 100vw, 597px\" \/><\/a>\n\t<div class=\"jet-woo-product-img-overlay\"><\/div>\n\n\t\n\t<\/div><h5 class=\"jet-woo-product-title\" ><a href=\"https:\/\/gridamokykloms.lt\/en\/produktas\/toy-catalog\/\" >Toy catalog<\/a><\/h5>\n<div class=\"jet-woo-product-price\">\n\t<span class=\"price\"><span class=\"price ds-price-on-request\">Inquire about price<\/span><\/span>\n<\/div>\n<div class=\"jet-woo-product-excerpt\">\n\tFounded in 1972, Elenco has been delivering quality STEM learning toys for...<\/div>\n<div class=\"jet-woo-products-cqw-wrapper\">\n\t<\/div>\t<\/div>\n\n\t<\/div>\n<div class=\"jet-woo-products__item jet-woo-builder-product\" data-product-id=\"6871\">\n\t<div class=\"jet-woo-products__inner-box\"  >\n\t\t\n<div class=\"jet-woo-product-thumbnail\">\n\t\n\t<a href=\"https:\/\/gridamokykloms.lt\/en\/produktas\/zioxi-produktu-katalogas-c22\/\" ><img decoding=\"async\" width=\"673\" height=\"378\" src=\"https:\/\/gridamokykloms.lt\/wp-content\/uploads\/2025\/08\/Zioxi-produktu-katalogas.png\" class=\"attachment-full size-full\" alt=\"\" srcset=\"https:\/\/gridamokykloms.lt\/wp-content\/uploads\/2025\/08\/Zioxi-produktu-katalogas.png 673w, https:\/\/gridamokykloms.lt\/wp-content\/uploads\/2025\/08\/Zioxi-produktu-katalogas-64x36.png 64w, https:\/\/gridamokykloms.lt\/wp-content\/uploads\/2025\/08\/Zioxi-produktu-katalogas-300x168.png 300w, https:\/\/gridamokykloms.lt\/wp-content\/uploads\/2025\/08\/Zioxi-produktu-katalogas-600x337.png 600w\" sizes=\"(max-width: 673px) 100vw, 673px\" \/><\/a>\n\t<div class=\"jet-woo-product-img-overlay\"><\/div>\n\n\t\n\t<\/div><h5 class=\"jet-woo-product-title\" ><a href=\"https:\/\/gridamokykloms.lt\/en\/produktas\/zioxi-produktu-katalogas-c22\/\" >Zioxi produkt\u0173 katalogas C22<\/a><\/h5>\n<div class=\"jet-woo-product-price\">\n\t<span class=\"price\"><span class=\"price ds-price-on-request\">Inquire about price<\/span><\/span>\n<\/div>\n<div class=\"jet-woo-product-excerpt\">\n\t\u201eZioxi\u201c projektuoja ir gamina novatori\u0161kus, pa\u017eangius ir sujungtus baldus,...<\/div>\n<div class=\"jet-woo-products-cqw-wrapper\">\n\t<\/div>\t<\/div>\n\n\t<\/div>\n<div class=\"jet-woo-products__item jet-woo-builder-product\" data-product-id=\"6872\">\n\t<div class=\"jet-woo-products__inner-box\"  >\n\t\t\n<div class=\"jet-woo-product-thumbnail\">\n\t\n\t<a href=\"https:\/\/gridamokykloms.lt\/en\/produktas\/uts-katalogas\/\" ><img decoding=\"async\" width=\"1697\" height=\"1061\" src=\"https:\/\/gridamokykloms.lt\/wp-content\/uploads\/2025\/08\/UTS-katalogas-e1755878218269.png\" class=\"attachment-full size-full\" alt=\"\" srcset=\"https:\/\/gridamokykloms.lt\/wp-content\/uploads\/2025\/08\/UTS-katalogas-e1755878218269.png 1697w, https:\/\/gridamokykloms.lt\/wp-content\/uploads\/2025\/08\/UTS-katalogas-e1755878218269-800x500.png 800w, https:\/\/gridamokykloms.lt\/wp-content\/uploads\/2025\/08\/UTS-katalogas-e1755878218269-64x40.png 64w, https:\/\/gridamokykloms.lt\/wp-content\/uploads\/2025\/08\/UTS-katalogas-e1755878218269-300x188.png 300w, https:\/\/gridamokykloms.lt\/wp-content\/uploads\/2025\/08\/UTS-katalogas-e1755878218269-1024x640.png 1024w, https:\/\/gridamokykloms.lt\/wp-content\/uploads\/2025\/08\/UTS-katalogas-e1755878218269-768x480.png 768w, https:\/\/gridamokykloms.lt\/wp-content\/uploads\/2025\/08\/UTS-katalogas-e1755878218269-1536x960.png 1536w\" sizes=\"(max-width: 1697px) 100vw, 1697px\" \/><\/a>\n\t<div class=\"jet-woo-product-img-overlay\"><\/div>\n\n\t\n\t<\/div><h5 class=\"jet-woo-product-title\" ><a href=\"https:\/\/gridamokykloms.lt\/en\/produktas\/uts-katalogas\/\" >UTS katalogas<\/a><\/h5>\n<div class=\"jet-woo-product-price\">\n\t<span class=\"price\"><span class=\"price ds-price-on-request\">Inquire about price<\/span><\/span>\n<\/div>\n<div class=\"jet-woo-product-excerpt\">\n\tiSandBOX yra interaktyvi sm\u0117lio d\u0117\u017e\u0117, kuri sm\u0117lio pavir\u0161i\u0173 paver\u010dia spalvin...<\/div>\n<div class=\"jet-woo-products-cqw-wrapper\">\n\t<\/div>\t<\/div>\n\n\t<\/div>\n<div class=\"jet-woo-products__item jet-woo-builder-product\" data-product-id=\"6878\">\n\t<div class=\"jet-woo-products__inner-box\"  >\n\t\t\n<div class=\"jet-woo-product-thumbnail\">\n\t\n\t<a href=\"https:\/\/gridamokykloms.lt\/en\/produktas\/katalogas-cool-tool\/\" ><img loading=\"lazy\" decoding=\"async\" width=\"863\" height=\"509\" src=\"https:\/\/gridamokykloms.lt\/wp-content\/uploads\/2025\/08\/Katalogas-\u201eCool-Tool.png\" class=\"attachment-full size-full\" alt=\"\" srcset=\"https:\/\/gridamokykloms.lt\/wp-content\/uploads\/2025\/08\/Katalogas-\u201eCool-Tool.png 863w, https:\/\/gridamokykloms.lt\/wp-content\/uploads\/2025\/08\/Katalogas-\u201eCool-Tool-800x472.png 800w, https:\/\/gridamokykloms.lt\/wp-content\/uploads\/2025\/08\/Katalogas-\u201eCool-Tool-64x38.png 64w, https:\/\/gridamokykloms.lt\/wp-content\/uploads\/2025\/08\/Katalogas-\u201eCool-Tool-300x177.png 300w, https:\/\/gridamokykloms.lt\/wp-content\/uploads\/2025\/08\/Katalogas-\u201eCool-Tool-768x453.png 768w\" sizes=\"(max-width: 863px) 100vw, 863px\" \/><\/a>\n\t<div class=\"jet-woo-product-img-overlay\"><\/div>\n\n\t\n\t<\/div><h5 class=\"jet-woo-product-title\" ><a href=\"https:\/\/gridamokykloms.lt\/en\/produktas\/katalogas-cool-tool\/\" >Katalogas \u201eCool Tool\u201c<\/a><\/h5>\n<div class=\"jet-woo-product-price\">\n\t<span class=\"price\"><span class=\"price ds-price-on-request\">Inquire about price<\/span><\/span>\n<\/div>\n<div class=\"jet-woo-product-excerpt\">\n\tTheCoolTool\u00ae u\u017esiima naujovi\u0161k\u0173 ma\u0161in\u0173, skirt\u0173 modeli\u0173 gamybai, projektavim...<\/div>\n<div class=\"jet-woo-products-cqw-wrapper\">\n\t<\/div>\t<\/div>\n\n\t<\/div><\/div>\n<\/div>\t\t\t\t<\/div>\n\t\t\t\t<\/div>\n\t\t\t\t<div class=\"elementor-element elementor-element-2565a29 elementor-widget elementor-widget-jet-smart-filters-pagination\" data-id=\"2565a29\" data-element_type=\"widget\" data-widget_type=\"jet-smart-filters-pagination.default\">\n\t\t\t\t<div class=\"elementor-widget-container\">\n\t\t\t\t\t<div\n\t\t\t\tclass=\"jet-smart-filters-pagination jet-filter\"\n\t\t\t\tdata-apply-provider=\"jet-woo-products-grid\"\n\t\t\t\tdata-content-provider=\"jet-woo-products-grid\"\n\t\t\t\tdata-query-id=\"default\"\n\t\t\t\tdata-controls=\"{&quot;items_enabled&quot;:true,&quot;pages_mid_size&quot;:0,&quot;pages_end_size&quot;:0,&quot;nav_enabled&quot;:true,&quot;prev&quot;:&quot;&amp;laquo;&quot;,&quot;next&quot;:&quot;&amp;raquo;&quot;,&quot;hide_inactive_nav&quot;:true,&quot;load_more_enabled&quot;:false,&quot;provider_top_offset&quot;:0}\"\n\t\t\t\tdata-apply-type=\"ajax\"\n\t\t\t><\/div>\t\t\t\t<\/div>\n\t\t\t\t<\/div>\n\t\t\t\t<\/div>\n\t\t\t\t<\/div>\n\t\t\t\t<\/div>\n\t\t","protected":false},"excerpt":{"rendered":"<p>Toy catalog Inquire about price Founded in 1972, Elenco has been delivering quality STEM learning toys for&#8230; Zioxi produkt\u0173 katalogas C22 Inquire about price \u201eZioxi\u201c projektuoja ir gamina novatori\u0161kus, pa\u017eangius ir sujungtus baldus,&#8230; UTS katalogas Inquire about price iSandBOX yra interaktyvi sm\u0117lio d\u0117\u017e\u0117, kuri sm\u0117lio pavir\u0161i\u0173 paver\u010dia spalvin&#8230; Katalogas \u201eCool Tool\u201c Inquire about price TheCoolTool\u00ae [&hellip;]<\/p>\n","protected":false},"author":1,"featured_media":0,"parent":0,"menu_order":0,"comment_status":"closed","ping_status":"closed","template":"","meta":{"_acf_changed":false,"footnotes":""},"class_list":["post-6656","page","type-page","status-publish","hentry"],"acf":[],"_links":{"self":[{"href":"https:\/\/gridamokykloms.lt\/en\/wp-json\/wp\/v2\/pages\/6656","targetHints":{"allow":["GET"]}}],"collection":[{"href":"https:\/\/gridamokykloms.lt\/en\/wp-json\/wp\/v2\/pages"}],"about":[{"href":"https:\/\/gridamokykloms.lt\/en\/wp-json\/wp\/v2\/types\/page"}],"author":[{"embeddable":true,"href":"https:\/\/gridamokykloms.lt\/en\/wp-json\/wp\/v2\/users\/1"}],"replies":[{"embeddable":true,"href":"https:\/\/gridamokykloms.lt\/en\/wp-json\/wp\/v2\/comments?post=6656"}],"version-history":[{"count":5,"href":"https:\/\/gridamokykloms.lt\/en\/wp-json\/wp\/v2\/pages\/6656\/revisions"}],"predecessor-version":[{"id":7250,"href":"https:\/\/gridamokykloms.lt\/en\/wp-json\/wp\/v2\/pages\/6656\/revisions\/7250"}],"wp:attachment":[{"href":"https:\/\/gridamokykloms.lt\/en\/wp-json\/wp\/v2\/media?parent=6656"}],"curies":[{"name":"wp","href":"https:\/\/api.w.org\/{rel}","templated":true}]}}