{"id":6662,"date":"2025-08-19T17:01:11","date_gmt":"2025-08-19T17:01:11","guid":{"rendered":"https:\/\/gridamokykloms.lt\/privatumo-politika\/"},"modified":"2025-10-07T16:16:00","modified_gmt":"2025-10-07T16:16:00","slug":"privatumo-politika","status":"publish","type":"page","link":"https:\/\/gridamokykloms.lt\/en\/privatumo-politika\/","title":{"rendered":"Privacy policy"},"content":{"rendered":"\t\t<div data-elementor-type=\"wp-page\" data-elementor-id=\"6662\" class=\"elementor elementor-6662 elementor-4837\" data-elementor-post-type=\"page\">\n\t\t\t\t<div class=\"elementor-element elementor-element-8f2330f e-con-full elementor-hidden-laptop elementor-hidden-tablet elementor-hidden-mobile e-flex e-con e-parent\" data-id=\"8f2330f\" data-element_type=\"container\" data-settings=\"{&quot;background_background&quot;:&quot;classic&quot;}\">\n\t\t\t\t<\/div>\n\t\t<div class=\"elementor-element elementor-element-50121c6 e-con-full e-flex e-con e-parent\" data-id=\"50121c6\" data-element_type=\"container\" data-settings=\"{&quot;background_background&quot;:&quot;classic&quot;}\">\n\t\t<div class=\"elementor-element elementor-element-ba8588e e-con-full e-flex e-con e-child\" data-id=\"ba8588e\" data-element_type=\"container\">\n\t\t\t\t<div class=\"elementor-element elementor-element-047249d elementor-widget elementor-widget-heading\" data-id=\"047249d\" data-element_type=\"widget\" data-widget_type=\"heading.default\">\n\t\t\t\t<div class=\"elementor-widget-container\">\n\t\t\t\t\t<h3 class=\"elementor-heading-title elementor-size-default\">Effective date: 2025-08-01<\/h3>\t\t\t\t<\/div>\n\t\t\t\t<\/div>\n\t\t\t\t<div class=\"elementor-element elementor-element-ef196ea elementor-widget elementor-widget-text-editor\" data-id=\"ef196ea\" data-element_type=\"widget\" data-widget_type=\"text-editor.default\">\n\t\t\t\t<div class=\"elementor-widget-container\">\n\t\t\t\t\t\t\t\t\t<p>This privacy policy explains how Grida, UAB (hereinafter referred to as &#8220;We&#8221;) collects, uses, and stores your personal data when you visit our website or use our services.<\/p>\t\t\t\t\t\t\t\t<\/div>\n\t\t\t\t<\/div>\n\t\t\t\t<div class=\"elementor-element elementor-element-181adbe elementor-widget elementor-widget-heading\" data-id=\"181adbe\" data-element_type=\"widget\" data-widget_type=\"heading.default\">\n\t\t\t\t<div class=\"elementor-widget-container\">\n\t\t\t\t\t<h3 class=\"elementor-heading-title elementor-size-default\">1. Data controller<\/h3>\t\t\t\t<\/div>\n\t\t\t\t<\/div>\n\t\t\t\t<div class=\"elementor-element elementor-element-8f5b1cf elementor-widget elementor-widget-text-editor\" data-id=\"8f5b1cf\" data-element_type=\"widget\" data-widget_type=\"text-editor.default\">\n\t\t\t\t<div class=\"elementor-widget-container\">\n\t\t\t\t\t\t\t\t\t<p>Grida, UAB<br \/>Company code: 121464065<br \/>VAT payer code: LT214640610<br \/>Address: Mol\u0117t\u0173 g. 16, Did\u017eiosios Rie\u0161\u0117s k., LT-14260 Vilniaus r.<br \/>Email: labor@grida.lt<br \/>Tel. no.: +370 5 246 94 35<\/p>\t\t\t\t\t\t\t\t<\/div>\n\t\t\t\t<\/div>\n\t\t\t\t<div class=\"elementor-element elementor-element-28d6d17 elementor-widget elementor-widget-heading\" data-id=\"28d6d17\" data-element_type=\"widget\" data-widget_type=\"heading.default\">\n\t\t\t\t<div class=\"elementor-widget-container\">\n\t\t\t\t\t<h3 class=\"elementor-heading-title elementor-size-default\">2. What data do we collect?<\/h3>\t\t\t\t<\/div>\n\t\t\t\t<\/div>\n\t\t\t\t<div class=\"elementor-element elementor-element-117ddb6 elementor-widget elementor-widget-text-editor\" data-id=\"117ddb6\" data-element_type=\"widget\" data-widget_type=\"text-editor.default\">\n\t\t\t\t<div class=\"elementor-widget-container\">\n\t\t\t\t\t\t\t\t\t<p>We collect the following data:<\/p><ul><li>Contact details when you submit them in the inquiry form: name, email address, phone number, company name.<\/li><li>Technical data (via Google Analytics and advertising tools): IP address, browser type, equipment used, information about pages visited.<\/li><li>Enquiry and communication data: emails, messages, and other communication-related information.<\/li><\/ul>\t\t\t\t\t\t\t\t<\/div>\n\t\t\t\t<\/div>\n\t\t\t\t<div class=\"elementor-element elementor-element-efc805a elementor-widget elementor-widget-heading\" data-id=\"efc805a\" data-element_type=\"widget\" data-widget_type=\"heading.default\">\n\t\t\t\t<div class=\"elementor-widget-container\">\n\t\t\t\t\t<h3 class=\"elementor-heading-title elementor-size-default\">3. What do we use the data for?<\/h3>\t\t\t\t<\/div>\n\t\t\t\t<\/div>\n\t\t\t\t<div class=\"elementor-element elementor-element-5458df5 elementor-widget elementor-widget-text-editor\" data-id=\"5458df5\" data-element_type=\"widget\" data-widget_type=\"text-editor.default\">\n\t\t\t\t<div class=\"elementor-widget-container\">\n\t\t\t\t\t\t\t\t\t<ul><li>Respond to your inquiries and provide offers.<\/li><li>Sign and execute contracts with customers.<\/li><li>Improve website performance and service quality (Google Analytics).<\/li><li>Display personalized ads (Google Ads, Facebook Ads).<\/li><\/ul>\t\t\t\t\t\t\t\t<\/div>\n\t\t\t\t<\/div>\n\t\t\t\t<div class=\"elementor-element elementor-element-98c7384 elementor-widget elementor-widget-heading\" data-id=\"98c7384\" data-element_type=\"widget\" data-widget_type=\"heading.default\">\n\t\t\t\t<div class=\"elementor-widget-container\">\n\t\t\t\t\t<h3 class=\"elementor-heading-title elementor-size-default\">4. Use of cookies<\/h3>\t\t\t\t<\/div>\n\t\t\t\t<\/div>\n\t\t\t\t<div class=\"elementor-element elementor-element-6eb5794 elementor-widget__width-inherit elementor-widget elementor-widget-text-editor\" data-id=\"6eb5794\" data-element_type=\"widget\" data-widget_type=\"text-editor.default\">\n\t\t\t\t<div class=\"elementor-widget-container\">\n\t\t\t\t\t\t\t\t\t<p>What are cookies?<br \/>Cookies are small text files stored in your browser that help identify your device and improve your experience on the website.<\/p><p>What cookies do we use?<\/p><p data-start=\"272\" data-end=\"301\"><strong data-start=\"272\" data-end=\"299\"><em data-start=\"274\" data-end=\"297\">ga (Google Analytics)<\/em><\/strong><\/p><ul><li>Purpose: analysis of user behavior in order to improve website functionality.<\/li><li>Type: Analytical<\/li><li>Validity: 2 years<\/li><\/ul><hr data-start=\"446\" data-end=\"449\" \/><p data-start=\"451\" data-end=\"481\"><strong data-start=\"451\" data-end=\"479\"><em data-start=\"453\" data-end=\"477\">gid (Google Analytics)<\/em><\/strong><\/p><ul><li>Purpose: to distinguish users during different visits.<\/li><li>Type: Analytical<\/li><li>Validity: 24 hours<\/li><\/ul><hr data-start=\"606\" data-end=\"609\" \/><p data-start=\"611\" data-end=\"641\"><strong data-start=\"611\" data-end=\"639\"><em data-start=\"613\" data-end=\"637\">gat (Google Analytics)<\/em><\/strong><\/p><ul><li>Purpose: to manage query speed so that the system does not overload the servers.<\/li><li>Type: Analytical<\/li><li>Validity: 1 minute<\/li><\/ul><hr data-start=\"778\" data-end=\"781\" \/><p data-start=\"783\" data-end=\"805\"><strong data-start=\"783\" data-end=\"803\">IDE (Google Ads)<\/strong><\/p><ul><li>Purpose: Displaying personalized ads based on user browsing habits.<\/li><li>Type: Marketing<\/li><li>Validity: 13 months<\/li><\/ul><hr data-start=\"944\" data-end=\"947\" \/><p data-start=\"949\" data-end=\"972\"><strong data-start=\"949\" data-end=\"970\">fr (Facebook Ads)<\/strong><\/p><ul><li>Purpose: advertising optimization and audience creation based on website visitors.<\/li><li>Type: Marketing<\/li><li>Validity: 3 months.<\/li><\/ul><hr data-start=\"1120\" data-end=\"1123\" \/><p data-start=\"1125\" data-end=\"1144\"><strong data-start=\"1125\" data-end=\"1142\">CookieConsent<\/strong><\/p><ul><li>Purpose: to store user preferences regarding the use of cookies.<\/li><li>Type: Essential<\/li><li>Validity: 12 months<\/li><\/ul><p data-start=\"2592\" data-end=\"2752\">How to manage cookies?<br \/>You can delete cookies at any time in your browser settings or withdraw your consent by changing the cookie settings on our website.<\/p>\t\t\t\t\t\t\t\t<\/div>\n\t\t\t\t<\/div>\n\t\t\t\t<div class=\"elementor-element elementor-element-d5519a4 elementor-widget elementor-widget-heading\" data-id=\"d5519a4\" data-element_type=\"widget\" data-widget_type=\"heading.default\">\n\t\t\t\t<div class=\"elementor-widget-container\">\n\t\t\t\t\t<h3 class=\"elementor-heading-title elementor-size-default\">5. Data storage<\/h3>\t\t\t\t<\/div>\n\t\t\t\t<\/div>\n\t\t\t\t<div class=\"elementor-element elementor-element-f254e49 elementor-widget elementor-widget-text-editor\" data-id=\"f254e49\" data-element_type=\"widget\" data-widget_type=\"text-editor.default\">\n\t\t\t\t<div class=\"elementor-widget-container\">\n\t\t\t\t\t\t\t\t\t<ul><li>Personal data is stored for as long as necessary to provide services and fulfill legal obligations.<\/li><li>Cookies are stored according to their expiration dates (from the end of the session to 24 months).<\/li><\/ul>\t\t\t\t\t\t\t\t<\/div>\n\t\t\t\t<\/div>\n\t\t\t\t<div class=\"elementor-element elementor-element-a304110 elementor-widget elementor-widget-heading\" data-id=\"a304110\" data-element_type=\"widget\" data-widget_type=\"heading.default\">\n\t\t\t\t<div class=\"elementor-widget-container\">\n\t\t\t\t\t<h3 class=\"elementor-heading-title elementor-size-default\">6. Transfer of data to third parties<\/h3>\t\t\t\t<\/div>\n\t\t\t\t<\/div>\n\t\t\t\t<div class=\"elementor-element elementor-element-af317ff elementor-widget elementor-widget-text-editor\" data-id=\"af317ff\" data-element_type=\"widget\" data-widget_type=\"text-editor.default\">\n\t\t\t\t<div class=\"elementor-widget-container\">\n\t\t\t\t\t\t\t\t\t<ul><li>We only transfer data to partners who provide IT, server, accounting, and marketing services when necessary for the provision of services.<\/li><li>Your data is not sold to third parties.<\/li><\/ul>\t\t\t\t\t\t\t\t<\/div>\n\t\t\t\t<\/div>\n\t\t\t\t<div class=\"elementor-element elementor-element-6411a8d elementor-widget elementor-widget-heading\" data-id=\"6411a8d\" data-element_type=\"widget\" data-widget_type=\"heading.default\">\n\t\t\t\t<div class=\"elementor-widget-container\">\n\t\t\t\t\t<h3 class=\"elementor-heading-title elementor-size-default\">7. Your rights<\/h3>\t\t\t\t<\/div>\n\t\t\t\t<\/div>\n\t\t\t\t<div class=\"elementor-element elementor-element-1dfe392 elementor-widget elementor-widget-text-editor\" data-id=\"1dfe392\" data-element_type=\"widget\" data-widget_type=\"text-editor.default\">\n\t\t\t\t<div class=\"elementor-widget-container\">\n\t\t\t\t\t\t\t\t\t<p>Under the GDPR, you have the right to:<\/p><ul><li>Access your data.<\/li><li>Request the correction, deletion, or restriction of data processing.<\/li><li>Object to data processing for marketing purposes.<\/li><\/ul><p>You can submit your requests by email to: labor@grida.lt<\/p>\t\t\t\t\t\t\t\t<\/div>\n\t\t\t\t<\/div>\n\t\t\t\t<div class=\"elementor-element elementor-element-e30428b elementor-widget elementor-widget-heading\" data-id=\"e30428b\" data-element_type=\"widget\" data-widget_type=\"heading.default\">\n\t\t\t\t<div class=\"elementor-widget-container\">\n\t\t\t\t\t<h3 class=\"elementor-heading-title elementor-size-default\">8. Changes to the Privacy Policy<\/h3>\t\t\t\t<\/div>\n\t\t\t\t<\/div>\n\t\t\t\t<div class=\"elementor-element elementor-element-9e223ec elementor-widget elementor-widget-text-editor\" data-id=\"9e223ec\" data-element_type=\"widget\" data-widget_type=\"text-editor.default\">\n\t\t\t\t<div class=\"elementor-widget-container\">\n\t\t\t\t\t\t\t\t\t<p>The privacy policy may be updated. The latest version is always available on our website.<\/p>\t\t\t\t\t\t\t\t<\/div>\n\t\t\t\t<\/div>\n\t\t\t\t<\/div>\n\t\t\t\t<\/div>\n\t\t\t\t<\/div>\n\t\t","protected":false},"excerpt":{"rendered":"<p>Effective date: 2025-08-01 This privacy policy explains how Grida, UAB (hereinafter referred to as &#8220;We&#8221;) collects, uses, and stores your personal data when you visit our website or use our services. 1. Data controller Grida, UABCompany code: 121464065VAT payer code: LT214640610Address: Mol\u0117t\u0173 g. 16, Did\u017eiosios Rie\u0161\u0117s k., LT-14260 Vilniaus r.Email: labor@grida.ltTel. no.: +370 5 246 [&hellip;]<\/p>\n","protected":false},"author":1,"featured_media":0,"parent":0,"menu_order":0,"comment_status":"closed","ping_status":"closed","template":"","meta":{"_acf_changed":false,"footnotes":""},"class_list":["post-6662","page","type-page","status-publish","hentry"],"acf":[],"_links":{"self":[{"href":"https:\/\/gridamokykloms.lt\/en\/wp-json\/wp\/v2\/pages\/6662","targetHints":{"allow":["GET"]}}],"collection":[{"href":"https:\/\/gridamokykloms.lt\/en\/wp-json\/wp\/v2\/pages"}],"about":[{"href":"https:\/\/gridamokykloms.lt\/en\/wp-json\/wp\/v2\/types\/page"}],"author":[{"embeddable":true,"href":"https:\/\/gridamokykloms.lt\/en\/wp-json\/wp\/v2\/users\/1"}],"replies":[{"embeddable":true,"href":"https:\/\/gridamokykloms.lt\/en\/wp-json\/wp\/v2\/comments?post=6662"}],"version-history":[{"count":5,"href":"https:\/\/gridamokykloms.lt\/en\/wp-json\/wp\/v2\/pages\/6662\/revisions"}],"predecessor-version":[{"id":7262,"href":"https:\/\/gridamokykloms.lt\/en\/wp-json\/wp\/v2\/pages\/6662\/revisions\/7262"}],"wp:attachment":[{"href":"https:\/\/gridamokykloms.lt\/en\/wp-json\/wp\/v2\/media?parent=6662"}],"curies":[{"name":"wp","href":"https:\/\/api.w.org\/{rel}","templated":true}]}}