{"id":6807,"date":"2025-08-29T10:16:44","date_gmt":"2025-08-29T10:16:44","guid":{"rendered":"https:\/\/gridamokykloms.lt\/produktas\/didelis-statybiniu-detaliu-rinkinys\/"},"modified":"2025-08-29T10:16:44","modified_gmt":"2025-08-29T10:16:44","slug":"didelis-statybiniu-detaliu-rinkinys","status":"publish","type":"product","link":"https:\/\/gridamokykloms.lt\/en\/produktas\/didelis-statybiniu-detaliu-rinkinys\/","title":{"rendered":"Didelis statybini\u0173 detali\u0173 rinkinys"},"content":{"rendered":"<p>\u201ePOLYDRON XL Set 3\u201c \u2013 didelis konstruktorius, sukurtas lavinti vaik\u0173 motorinius \u012fg\u016bd\u017eius, erdvin\u012f m\u0105stym\u0105, form\u0173 atpa\u017einim\u0105 ir bendradarbiavimo geb\u0117jimus. \u0160is rinkinys puikiai tinka dar\u017eeliams ar pradin\u0117ms mokykloms.<br \/>\nVaikai gal\u0117s statyti bok\u0161tus, raketas, tunelius ir net sujungti statinius tarpusavyje. D\u0117l didelio detali\u0173 dyd\u017eio ir lang\u0173 kvadratuose bei trikampiuose, \u017eaidimas tampa interaktyvus \u2013 ma\u017eieji gali \u0161liau\u017eti per tunelius ir steb\u0117ti aplink\u0105.<\/p>\n<p>Rinkinys sudarytas i\u0161:<\/p>\n<p>12 kvadrat\u0173 su 16 skyli\u0173<br \/>\n12 kvadrat\u0173 su 4 skyl\u0117mis<br \/>\n12 trikampi\u0173<br \/>\nStatybos gido<\/p>\n<p>Am\u017eius: nuo 2 met\u0173<br \/>\nDetali\u0173 skai\u010dius: 36<br \/>\nMed\u017eiaga: 100 % perdirbtas plastikas<br \/>\nTinka naudoti lauke<\/p>\n","protected":false},"excerpt":{"rendered":"<p>Mil\u017eini\u0161kas konstruktorius i\u0161 36 detali\u0173 \u2013 k\u016brybi\u0161kam \u017eaidimui ir lavinimui.<\/p>\n","protected":false},"featured_media":6808,"comment_status":"open","ping_status":"closed","template":"","meta":{"_acf_changed":false},"product_brand":[],"product_cat":[299],"product_tag":[],"class_list":{"0":"post-6807","1":"product","2":"type-product","3":"status-publish","4":"has-post-thumbnail","6":"product_cat-findel","8":"first","9":"instock","10":"taxable","11":"shipping-taxable","12":"purchasable","13":"product-type-simple"},"acf":[],"_links":{"self":[{"href":"https:\/\/gridamokykloms.lt\/en\/wp-json\/wp\/v2\/product\/6807","targetHints":{"allow":["GET"]}}],"collection":[{"href":"https:\/\/gridamokykloms.lt\/en\/wp-json\/wp\/v2\/product"}],"about":[{"href":"https:\/\/gridamokykloms.lt\/en\/wp-json\/wp\/v2\/types\/product"}],"replies":[{"embeddable":true,"href":"https:\/\/gridamokykloms.lt\/en\/wp-json\/wp\/v2\/comments?post=6807"}],"wp:featuredmedia":[{"embeddable":true,"href":"https:\/\/gridamokykloms.lt\/en\/wp-json\/wp\/v2\/media\/6808"}],"wp:attachment":[{"href":"https:\/\/gridamokykloms.lt\/en\/wp-json\/wp\/v2\/media?parent=6807"}],"wp:term":[{"taxonomy":"product_brand","embeddable":true,"href":"https:\/\/gridamokykloms.lt\/en\/wp-json\/wp\/v2\/product_brand?post=6807"},{"taxonomy":"product_cat","embeddable":true,"href":"https:\/\/gridamokykloms.lt\/en\/wp-json\/wp\/v2\/product_cat?post=6807"},{"taxonomy":"product_tag","embeddable":true,"href":"https:\/\/gridamokykloms.lt\/en\/wp-json\/wp\/v2\/product_tag?post=6807"}],"curies":[{"name":"wp","href":"https:\/\/api.w.org\/{rel}","templated":true}]}}