{"id":6809,"date":"2025-08-29T10:16:44","date_gmt":"2025-08-29T10:16:44","guid":{"rendered":"https:\/\/gridamokykloms.lt\/produktas\/dideles-minkstos-putplascio-kaladeles\/"},"modified":"2025-08-29T10:16:44","modified_gmt":"2025-08-29T10:16:44","slug":"dideles-minkstos-putplascio-kaladeles","status":"publish","type":"product","link":"https:\/\/gridamokykloms.lt\/en\/produktas\/dideles-minkstos-putplascio-kaladeles\/","title":{"rendered":"Didel\u0117s mink\u0161tos putplas\u010dio kalad\u0117l\u0117s"},"content":{"rendered":"<p>32 dideli\u0173, mink\u0161t\u0173, spalving\u0173 kalad\u0117li\u0173 rinkinys, sukurtas lavinti vaik\u0173 k\u016brybi\u0161kum\u0105 ir vaizduot\u0119. \u012evairi\u0173 form\u0173 blokeliai pagaminti i\u0161 lengvo, ta\u010diau patvaraus putplas\u010dio, tod\u0117l yra saug\u016bs, tinkami net patiems ma\u017eiausiems ir patog\u016bs naudoti tiek patalpose, tiek lauke.<br \/>\n\u0160is rinkinys padeda lavinti motorinius \u012fg\u016bd\u017eius, spalv\u0173 ir form\u0173 pa\u017einim\u0105 bei problem\u0173 sprendimo geb\u0117jimus. Kalad\u0117li\u0173 dyd\u017eiai \u012fvair\u016bs \u2013 nuo 10 cm iki 38 cm, tod\u0117l vaikai gali kurti didelius, ta\u010diau lengvus statinius.<\/p>\n","protected":false},"excerpt":{"rendered":"<p>Spalvingos, lengvos ir saugios putplas\u010dio kalad\u0117l\u0117s \u2013 k\u016brybi\u0161kam \u017eaidimui patalpose ir lauke nuo pat gimimo.<\/p>\n","protected":false},"featured_media":6810,"comment_status":"open","ping_status":"closed","template":"","meta":{"_acf_changed":false},"product_brand":[],"product_cat":[299],"product_tag":[],"class_list":{"0":"post-6809","1":"product","2":"type-product","3":"status-publish","4":"has-post-thumbnail","6":"product_cat-findel","8":"first","9":"instock","10":"taxable","11":"shipping-taxable","12":"purchasable","13":"product-type-simple"},"acf":[],"_links":{"self":[{"href":"https:\/\/gridamokykloms.lt\/en\/wp-json\/wp\/v2\/product\/6809","targetHints":{"allow":["GET"]}}],"collection":[{"href":"https:\/\/gridamokykloms.lt\/en\/wp-json\/wp\/v2\/product"}],"about":[{"href":"https:\/\/gridamokykloms.lt\/en\/wp-json\/wp\/v2\/types\/product"}],"replies":[{"embeddable":true,"href":"https:\/\/gridamokykloms.lt\/en\/wp-json\/wp\/v2\/comments?post=6809"}],"wp:featuredmedia":[{"embeddable":true,"href":"https:\/\/gridamokykloms.lt\/en\/wp-json\/wp\/v2\/media\/6810"}],"wp:attachment":[{"href":"https:\/\/gridamokykloms.lt\/en\/wp-json\/wp\/v2\/media?parent=6809"}],"wp:term":[{"taxonomy":"product_brand","embeddable":true,"href":"https:\/\/gridamokykloms.lt\/en\/wp-json\/wp\/v2\/product_brand?post=6809"},{"taxonomy":"product_cat","embeddable":true,"href":"https:\/\/gridamokykloms.lt\/en\/wp-json\/wp\/v2\/product_cat?post=6809"},{"taxonomy":"product_tag","embeddable":true,"href":"https:\/\/gridamokykloms.lt\/en\/wp-json\/wp\/v2\/product_tag?post=6809"}],"curies":[{"name":"wp","href":"https:\/\/api.w.org\/{rel}","templated":true}]}}