{"id":6811,"date":"2025-08-29T10:16:41","date_gmt":"2025-08-29T10:16:41","guid":{"rendered":"https:\/\/gridamokykloms.lt\/produktas\/brio-konstruktorius\/"},"modified":"2025-08-29T10:16:41","modified_gmt":"2025-08-29T10:16:41","slug":"brio-konstruktorius","status":"publish","type":"product","link":"https:\/\/gridamokykloms.lt\/en\/produktas\/brio-konstruktorius\/","title":{"rendered":"BRIO konstruktorius"},"content":{"rendered":"<p>BRIO 136 dali\u0173 konstruktoriaus rinkinys suteikia vaikams galimyb\u0119 kurti savo dizain\u0105 ir statinius i\u0161 \u012fvairi\u0173 detali\u0173 bei \u012franki\u0173. Rinkinyje rasite ver\u017eles, var\u017etus, plaktuk\u0105, atsuktuv\u0105 ir kitas dalis, kurios leid\u017eia sukonstruoti beveik bet k\u0105, k\u0105 \u012fsivaizduosite. Tai smagus b\u016bdas lavinti rank\u0173 ir aki\u0173 koordinacij\u0105, smulki\u0105j\u0105 motorik\u0105 bei k\u016brybin\u012f m\u0105stym\u0105.<\/p>\n<p>Komplektas: 136 dalys<br \/>\nMed\u017eiaga: mediena ir plastikas<\/p>\n<p>Am\u017eius: nuo 3 met\u0173<br \/>\nNetinka laikyti lauke<\/p>\n","protected":false},"excerpt":{"rendered":"<p>Konstruktorius su \u012frankiais k\u016brybingiems statyb\u0173 projektams.<\/p>\n","protected":false},"featured_media":6812,"comment_status":"open","ping_status":"closed","template":"","meta":{"_acf_changed":false},"product_brand":[],"product_cat":[299],"product_tag":[],"class_list":{"0":"post-6811","1":"product","2":"type-product","3":"status-publish","4":"has-post-thumbnail","6":"product_cat-findel","8":"first","9":"instock","10":"taxable","11":"shipping-taxable","12":"purchasable","13":"product-type-simple"},"acf":[],"_links":{"self":[{"href":"https:\/\/gridamokykloms.lt\/en\/wp-json\/wp\/v2\/product\/6811","targetHints":{"allow":["GET"]}}],"collection":[{"href":"https:\/\/gridamokykloms.lt\/en\/wp-json\/wp\/v2\/product"}],"about":[{"href":"https:\/\/gridamokykloms.lt\/en\/wp-json\/wp\/v2\/types\/product"}],"replies":[{"embeddable":true,"href":"https:\/\/gridamokykloms.lt\/en\/wp-json\/wp\/v2\/comments?post=6811"}],"wp:featuredmedia":[{"embeddable":true,"href":"https:\/\/gridamokykloms.lt\/en\/wp-json\/wp\/v2\/media\/6812"}],"wp:attachment":[{"href":"https:\/\/gridamokykloms.lt\/en\/wp-json\/wp\/v2\/media?parent=6811"}],"wp:term":[{"taxonomy":"product_brand","embeddable":true,"href":"https:\/\/gridamokykloms.lt\/en\/wp-json\/wp\/v2\/product_brand?post=6811"},{"taxonomy":"product_cat","embeddable":true,"href":"https:\/\/gridamokykloms.lt\/en\/wp-json\/wp\/v2\/product_cat?post=6811"},{"taxonomy":"product_tag","embeddable":true,"href":"https:\/\/gridamokykloms.lt\/en\/wp-json\/wp\/v2\/product_tag?post=6811"}],"curies":[{"name":"wp","href":"https:\/\/api.w.org\/{rel}","templated":true}]}}