{"id":6813,"date":"2025-08-29T10:16:41","date_gmt":"2025-08-29T10:16:41","guid":{"rendered":"https:\/\/gridamokykloms.lt\/produktas\/magnetiniu-figuru-rinkinys\/"},"modified":"2025-08-29T10:16:41","modified_gmt":"2025-08-29T10:16:41","slug":"magnetiniu-figuru-rinkinys","status":"publish","type":"product","link":"https:\/\/gridamokykloms.lt\/en\/produktas\/magnetiniu-figuru-rinkinys\/","title":{"rendered":"Magnetini\u0173 fig\u016br\u0173 rinkinys"},"content":{"rendered":"<p>\u0160is rinkinys \u2013 puikus pasirinkimas mokant vaikus geometrijos, konstrukcijos ir magnetizmo pagrind\u0173. 104 dali\u0173 komplektas suteikia galimyb\u0119 kurti tiek paprastas, tiek sud\u0117tingesnes fig\u016bras ir tyrin\u0117ti j\u0173 strukt\u016bras.<\/p>\n<p>D\u0117l gausaus element\u0173 kiekio, keli vaikai vienu metu gali konstruoti \u012fvairias 2D ir 3D formas. Detal\u0117s yra ry\u0161ki\u0173 spalv\u0173, patvarios, suderinamos su visais kitais \u201eMagnetic Polydron\u201c rinkiniais.<br \/>\nPrivalumai:<\/p>\n<p>Ugdo k\u016brybi\u0161kum\u0105 ir erdvin\u012f m\u0105stym\u0105<br \/>\nSkatina bendradarbiavim\u0105 grup\u0117je<\/p>\n<p>Am\u017eius: nuo 3 met\u0173<br \/>\nKomplekte yra konstrukcij\u0173 vadovas<br \/>\nMed\u017eiaga: ABS plastikas, 70 % perdirbtas<\/p>\n","protected":false},"excerpt":{"rendered":"<p>104 dali\u0173 magnetinis rinkinys, skirtas geometrijos, konstrukcijos ir magnetizmo princip\u0173 pa\u017einimui.<\/p>\n","protected":false},"featured_media":6814,"comment_status":"open","ping_status":"closed","template":"","meta":{"_acf_changed":false},"product_brand":[],"product_cat":[299],"product_tag":[],"class_list":{"0":"post-6813","1":"product","2":"type-product","3":"status-publish","4":"has-post-thumbnail","6":"product_cat-findel","8":"first","9":"instock","10":"taxable","11":"shipping-taxable","12":"purchasable","13":"product-type-simple"},"acf":[],"_links":{"self":[{"href":"https:\/\/gridamokykloms.lt\/en\/wp-json\/wp\/v2\/product\/6813","targetHints":{"allow":["GET"]}}],"collection":[{"href":"https:\/\/gridamokykloms.lt\/en\/wp-json\/wp\/v2\/product"}],"about":[{"href":"https:\/\/gridamokykloms.lt\/en\/wp-json\/wp\/v2\/types\/product"}],"replies":[{"embeddable":true,"href":"https:\/\/gridamokykloms.lt\/en\/wp-json\/wp\/v2\/comments?post=6813"}],"wp:featuredmedia":[{"embeddable":true,"href":"https:\/\/gridamokykloms.lt\/en\/wp-json\/wp\/v2\/media\/6814"}],"wp:attachment":[{"href":"https:\/\/gridamokykloms.lt\/en\/wp-json\/wp\/v2\/media?parent=6813"}],"wp:term":[{"taxonomy":"product_brand","embeddable":true,"href":"https:\/\/gridamokykloms.lt\/en\/wp-json\/wp\/v2\/product_brand?post=6813"},{"taxonomy":"product_cat","embeddable":true,"href":"https:\/\/gridamokykloms.lt\/en\/wp-json\/wp\/v2\/product_cat?post=6813"},{"taxonomy":"product_tag","embeddable":true,"href":"https:\/\/gridamokykloms.lt\/en\/wp-json\/wp\/v2\/product_tag?post=6813"}],"curies":[{"name":"wp","href":"https:\/\/api.w.org\/{rel}","templated":true}]}}