{"id":6815,"date":"2025-08-29T10:16:41","date_gmt":"2025-08-29T10:16:41","guid":{"rendered":"https:\/\/gridamokykloms.lt\/produktas\/universalus-konstruktorius\/"},"modified":"2025-08-29T10:16:41","modified_gmt":"2025-08-29T10:16:41","slug":"universalus-konstruktorius","status":"publish","type":"product","link":"https:\/\/gridamokykloms.lt\/en\/produktas\/universalus-konstruktorius\/","title":{"rendered":"Universalus konstruktorius"},"content":{"rendered":"<p>\u201eConstructa Den\u201c \u2013 tai 76 dali\u0173 konstruktorius, suteikiantis vaikams galimyb\u0119 statyti sl\u0117ptuves, gara\u017eus, laivus ar kitus \u012fdomius statinius. Rinkinys puikiai tinka vaidmen\u0173 ir k\u016brybiniams \u017eaidimams, skatina bendradarbiavim\u0105, erdvin\u012f suvokim\u0105 bei in\u017einerin\u012f m\u0105stym\u0105. D\u0117l lengvai sujungiam\u0173 detali\u0173 rinkinys patogus net ma\u017eiems vaikams. Gali b\u016bti naudojamas tiek viduje, tiek lauke. Pagamintas i\u0161 itin tvirto, 100 % perdirbto plastiko, tod\u0117l yra draugi\u0161kas aplinkai ir atsparus \u012fvairioms s\u0105lygoms.<\/p>\n<p>Am\u017eius: nuo 2 met\u0173<br \/>\nI\u0161matavimai: auk\u0161tis 22 cm, plotis 42 cm, gylis 90 cm<br \/>\nTinka naudoti lauke<\/p>\n","protected":false},"excerpt":{"rendered":"<p>76 dali\u0173 rinkinys \u012fvairi\u0173 statini\u0173 k\u016brimui, lavinantis k\u016brybi\u0161kum\u0105 ir erdvin\u012f m\u0105stym\u0105.<\/p>\n","protected":false},"featured_media":6816,"comment_status":"open","ping_status":"closed","template":"","meta":{"_acf_changed":false},"product_brand":[],"product_cat":[299],"product_tag":[],"class_list":{"0":"post-6815","1":"product","2":"type-product","3":"status-publish","4":"has-post-thumbnail","6":"product_cat-findel","8":"first","9":"instock","10":"taxable","11":"shipping-taxable","12":"purchasable","13":"product-type-simple"},"acf":[],"_links":{"self":[{"href":"https:\/\/gridamokykloms.lt\/en\/wp-json\/wp\/v2\/product\/6815","targetHints":{"allow":["GET"]}}],"collection":[{"href":"https:\/\/gridamokykloms.lt\/en\/wp-json\/wp\/v2\/product"}],"about":[{"href":"https:\/\/gridamokykloms.lt\/en\/wp-json\/wp\/v2\/types\/product"}],"replies":[{"embeddable":true,"href":"https:\/\/gridamokykloms.lt\/en\/wp-json\/wp\/v2\/comments?post=6815"}],"wp:featuredmedia":[{"embeddable":true,"href":"https:\/\/gridamokykloms.lt\/en\/wp-json\/wp\/v2\/media\/6816"}],"wp:attachment":[{"href":"https:\/\/gridamokykloms.lt\/en\/wp-json\/wp\/v2\/media?parent=6815"}],"wp:term":[{"taxonomy":"product_brand","embeddable":true,"href":"https:\/\/gridamokykloms.lt\/en\/wp-json\/wp\/v2\/product_brand?post=6815"},{"taxonomy":"product_cat","embeddable":true,"href":"https:\/\/gridamokykloms.lt\/en\/wp-json\/wp\/v2\/product_cat?post=6815"},{"taxonomy":"product_tag","embeddable":true,"href":"https:\/\/gridamokykloms.lt\/en\/wp-json\/wp\/v2\/product_tag?post=6815"}],"curies":[{"name":"wp","href":"https:\/\/api.w.org\/{rel}","templated":true}]}}