{"id":6817,"date":"2025-08-29T10:16:41","date_gmt":"2025-08-29T10:16:41","guid":{"rendered":"https:\/\/gridamokykloms.lt\/produktas\/mobilo-rinkinys\/"},"modified":"2025-08-29T10:16:41","modified_gmt":"2025-08-29T10:16:41","slug":"mobilo-rinkinys","status":"publish","type":"product","link":"https:\/\/gridamokykloms.lt\/en\/produktas\/mobilo-rinkinys\/","title":{"rendered":"MOBILO\u00ae rinkinys"},"content":{"rendered":"<p>MOBILO\u00ae 360 detali\u0173 grupinis rinkinys su 2 darbo korteli\u0173 rinkiniais \u2013 puikus pasirinkimas mokykloms, dar\u017eeliams ir k\u016brybiniams u\u017esi\u0117mimams. Jame rasite 3 x MOBILO\u00ae 120 detali\u0173 rinkinius ir 12 darbo korteli\u0173, kurios \u012fkv\u0117ps kurti \u012fvairius objektus: namus, gyv\u016bnus, transporto priemones ar \u017emoni\u0173 fig\u016bras.<br \/>\nMOBILO\u00ae konstruktoriai pasi\u017eymi i\u0161skirtiniu patvarumu ir ilgaam\u017ei\u0161kumu, tod\u0117l yra pla\u010diai naudojami \u0161vietimo \u012fstaigose visame pasaulyje. Detal\u0117s lengvai sujungiamos lanks\u010diais jungtukais, o ry\u0161kios spalvos pritraukia vaik\u0173 d\u0117mes\u012f ir skatina k\u016brybi\u0161kum\u0105. Visi komponentai yra auk\u0161tos kokyb\u0117s, netoksi\u0161ki ir plaunami, tod\u0117l u\u017etikrinamas saugumas ir higiena.<\/p>\n<p>Am\u017eius: nuo 3 met\u0173<\/p>\n","protected":false},"excerpt":{"rendered":"<p>Didelis 360 detali\u0173 MOBILO\u00ae rinkinys su darbo kortel\u0117mis, skirtas k\u016brybi\u0161kam konstravimui ir motorikos lavinimui.<\/p>\n","protected":false},"featured_media":6818,"comment_status":"open","ping_status":"closed","template":"","meta":{"_acf_changed":false},"product_brand":[],"product_cat":[299],"product_tag":[],"class_list":{"0":"post-6817","1":"product","2":"type-product","3":"status-publish","4":"has-post-thumbnail","6":"product_cat-findel","8":"first","9":"instock","10":"taxable","11":"shipping-taxable","12":"purchasable","13":"product-type-simple"},"acf":[],"_links":{"self":[{"href":"https:\/\/gridamokykloms.lt\/en\/wp-json\/wp\/v2\/product\/6817","targetHints":{"allow":["GET"]}}],"collection":[{"href":"https:\/\/gridamokykloms.lt\/en\/wp-json\/wp\/v2\/product"}],"about":[{"href":"https:\/\/gridamokykloms.lt\/en\/wp-json\/wp\/v2\/types\/product"}],"replies":[{"embeddable":true,"href":"https:\/\/gridamokykloms.lt\/en\/wp-json\/wp\/v2\/comments?post=6817"}],"wp:featuredmedia":[{"embeddable":true,"href":"https:\/\/gridamokykloms.lt\/en\/wp-json\/wp\/v2\/media\/6818"}],"wp:attachment":[{"href":"https:\/\/gridamokykloms.lt\/en\/wp-json\/wp\/v2\/media?parent=6817"}],"wp:term":[{"taxonomy":"product_brand","embeddable":true,"href":"https:\/\/gridamokykloms.lt\/en\/wp-json\/wp\/v2\/product_brand?post=6817"},{"taxonomy":"product_cat","embeddable":true,"href":"https:\/\/gridamokykloms.lt\/en\/wp-json\/wp\/v2\/product_cat?post=6817"},{"taxonomy":"product_tag","embeddable":true,"href":"https:\/\/gridamokykloms.lt\/en\/wp-json\/wp\/v2\/product_tag?post=6817"}],"curies":[{"name":"wp","href":"https:\/\/api.w.org\/{rel}","templated":true}]}}