{"id":6819,"date":"2025-08-29T10:16:41","date_gmt":"2025-08-29T10:16:41","guid":{"rendered":"https:\/\/gridamokykloms.lt\/produktas\/milziniskas-zaidimas-4-is-eiles\/"},"modified":"2025-08-29T10:16:41","modified_gmt":"2025-08-29T10:16:41","slug":"milziniskas-zaidimas-4-is-eiles","status":"publish","type":"product","link":"https:\/\/gridamokykloms.lt\/en\/produktas\/milziniskas-zaidimas-4-is-eiles\/","title":{"rendered":"Mil\u017eini\u0161kas \u017eaidimas \u201e4 i\u0161 eil\u0117s\u201c"},"content":{"rendered":"<p>Mil\u017eini\u0161kas \u201e4 i\u0161 eil\u0117s\u201c \u017eaidimas lavina strategin\u012f ir login\u012f m\u0105stym\u0105, aki\u0173-rank\u0173 koordinacij\u0105. \u017daid\u0117jai paeiliui meta spalvotus diskus ir stengiasi pirmieji sud\u0117ti keturias vienos spalvos fig\u016bras horizontaliai, vertikaliai arba \u012fstri\u017eai.<br \/>\nD\u0117l lengv\u0173 ir patvari\u0173 plastikini\u0173 dali\u0173 jis yra saugus vaikams ir patogus naudoti tiek viduje, tiek lauke.<\/p>\n<p>Matmenys: ilgis \u2013 1,21 m, plotis \u2013 45 cm, auk\u0161tis \u2013 1,17 m<br \/>\n\u017daid\u0117j\u0173 skai\u010dius: 2<br \/>\nRekomenduojamas am\u017eius: nuo 5 met\u0173<\/p>\n","protected":false},"excerpt":{"rendered":"<p>Klasikinis \u201e4 i\u0161 eil\u0117s\u201c \u017eaidimas mil\u017eini\u0161ko dyd\u017eio \u2013 puikiai tinka \u017eaidimui lauke ar viduje.<\/p>\n","protected":false},"featured_media":6820,"comment_status":"open","ping_status":"closed","template":"","meta":{"_acf_changed":false},"product_brand":[],"product_cat":[299],"product_tag":[],"class_list":{"0":"post-6819","1":"product","2":"type-product","3":"status-publish","4":"has-post-thumbnail","6":"product_cat-findel","8":"first","9":"instock","10":"taxable","11":"shipping-taxable","12":"purchasable","13":"product-type-simple"},"acf":[],"_links":{"self":[{"href":"https:\/\/gridamokykloms.lt\/en\/wp-json\/wp\/v2\/product\/6819","targetHints":{"allow":["GET"]}}],"collection":[{"href":"https:\/\/gridamokykloms.lt\/en\/wp-json\/wp\/v2\/product"}],"about":[{"href":"https:\/\/gridamokykloms.lt\/en\/wp-json\/wp\/v2\/types\/product"}],"replies":[{"embeddable":true,"href":"https:\/\/gridamokykloms.lt\/en\/wp-json\/wp\/v2\/comments?post=6819"}],"wp:featuredmedia":[{"embeddable":true,"href":"https:\/\/gridamokykloms.lt\/en\/wp-json\/wp\/v2\/media\/6820"}],"wp:attachment":[{"href":"https:\/\/gridamokykloms.lt\/en\/wp-json\/wp\/v2\/media?parent=6819"}],"wp:term":[{"taxonomy":"product_brand","embeddable":true,"href":"https:\/\/gridamokykloms.lt\/en\/wp-json\/wp\/v2\/product_brand?post=6819"},{"taxonomy":"product_cat","embeddable":true,"href":"https:\/\/gridamokykloms.lt\/en\/wp-json\/wp\/v2\/product_cat?post=6819"},{"taxonomy":"product_tag","embeddable":true,"href":"https:\/\/gridamokykloms.lt\/en\/wp-json\/wp\/v2\/product_tag?post=6819"}],"curies":[{"name":"wp","href":"https:\/\/api.w.org\/{rel}","templated":true}]}}