{"id":6823,"date":"2025-08-29T10:16:41","date_gmt":"2025-08-29T10:16:41","guid":{"rendered":"https:\/\/gridamokykloms.lt\/produktas\/vandens-lovelis-su-stovu\/"},"modified":"2025-08-29T10:16:41","modified_gmt":"2025-08-29T10:16:41","slug":"vandens-lovelis-su-stovu","status":"publish","type":"product","link":"https:\/\/gridamokykloms.lt\/en\/produktas\/vandens-lovelis-su-stovu\/","title":{"rendered":"Vandens lovelis su stovu"},"content":{"rendered":"<p>\u0160is rinkinys apima skaidr\u0173, patvar\u0173 ir erdv\u0173 \u201ePremium\u201c vandens lovel\u012f bei stabil\u0173 metalin\u012f stov\u0105. Lovelis yra pakankamai didelis, kad aplink j\u012f gal\u0117t\u0173 \u017eaisti keli vaikai vienu metu \u2013 tai puiki priemon\u0117 lavinti bendravimo \u012fg\u016bd\u017eius, skatinti k\u016brybin\u012f \u017eaidim\u0105 ir tyrin\u0117jim\u0105.<br \/>\nStovas pagamintas i\u0161 tarpusavyje jungiam\u0173 metalini\u0173 vamzdeli\u0173, tod\u0117l j\u012f lengva surinkti ir i\u0161ardyti patogiam sand\u0117liavimui.<\/p>\n<p>Komplekto matmenys:<br \/>\nVandens lovelis: auk\u0161tis 62,5 \u00d7 ilgis 112 cm<br \/>\nStovas: auk\u0161tis 58 cm<\/p>\n<p>Med\u017eiaga: plastikas ir plienas<br \/>\nAm\u017eius: nuo 3 met\u0173<br \/>\nGalima laikyti lauke<\/p>\n","protected":false},"excerpt":{"rendered":"<p>Tvirtas ir erdvus vandens lovelis su stovu \u2013 sm\u0117lio ir vandens \u017eaidimams bei grupinei veiklai.<\/p>\n","protected":false},"featured_media":6824,"comment_status":"open","ping_status":"closed","template":"","meta":{"_acf_changed":false},"product_brand":[],"product_cat":[299],"product_tag":[],"class_list":{"0":"post-6823","1":"product","2":"type-product","3":"status-publish","4":"has-post-thumbnail","6":"product_cat-findel","8":"first","9":"instock","10":"taxable","11":"shipping-taxable","12":"purchasable","13":"product-type-simple"},"acf":[],"_links":{"self":[{"href":"https:\/\/gridamokykloms.lt\/en\/wp-json\/wp\/v2\/product\/6823","targetHints":{"allow":["GET"]}}],"collection":[{"href":"https:\/\/gridamokykloms.lt\/en\/wp-json\/wp\/v2\/product"}],"about":[{"href":"https:\/\/gridamokykloms.lt\/en\/wp-json\/wp\/v2\/types\/product"}],"replies":[{"embeddable":true,"href":"https:\/\/gridamokykloms.lt\/en\/wp-json\/wp\/v2\/comments?post=6823"}],"wp:featuredmedia":[{"embeddable":true,"href":"https:\/\/gridamokykloms.lt\/en\/wp-json\/wp\/v2\/media\/6824"}],"wp:attachment":[{"href":"https:\/\/gridamokykloms.lt\/en\/wp-json\/wp\/v2\/media?parent=6823"}],"wp:term":[{"taxonomy":"product_brand","embeddable":true,"href":"https:\/\/gridamokykloms.lt\/en\/wp-json\/wp\/v2\/product_brand?post=6823"},{"taxonomy":"product_cat","embeddable":true,"href":"https:\/\/gridamokykloms.lt\/en\/wp-json\/wp\/v2\/product_cat?post=6823"},{"taxonomy":"product_tag","embeddable":true,"href":"https:\/\/gridamokykloms.lt\/en\/wp-json\/wp\/v2\/product_tag?post=6823"}],"curies":[{"name":"wp","href":"https:\/\/api.w.org\/{rel}","templated":true}]}}