{"id":6825,"date":"2025-08-29T10:16:41","date_gmt":"2025-08-29T10:16:41","guid":{"rendered":"https:\/\/gridamokykloms.lt\/produktas\/mediniu-kaladeliu-rinkinys\/"},"modified":"2025-08-29T10:16:41","modified_gmt":"2025-08-29T10:16:41","slug":"mediniu-kaladeliu-rinkinys","status":"publish","type":"product","link":"https:\/\/gridamokykloms.lt\/en\/produktas\/mediniu-kaladeliu-rinkinys\/","title":{"rendered":"Medini\u0173 kalad\u0117li\u0173 rinkinys"},"content":{"rendered":"<p>Tvirtas medini\u0173 kalad\u0117li\u0173 rinkinys su patogia d\u0117\u017ee \u2013 tai puiki priemon\u0117 tiek savaranki\u0161kam, tiek grupiniam \u017eaidimui. Atviro tipo edukacin\u0117 priemon\u0117 skatina vaikus konstruoti pastatus, tyrin\u0117ti formas ir dyd\u017eius, ugdyti erdvin\u012f m\u0105stym\u0105 bei k\u016brybi\u0161kum\u0105.<br \/>\nRinkinyje yra net 208 detal\u0117s: kvadratai, sta\u010diakampiai, trikampiai \u2013 tod\u0117l kiekvienas vaikas gal\u0117s sukurti savo architekt\u016brin\u012f \u0161edevr\u0105.<br \/>\nKomplekte taip pat yra patogi medin\u0117 d\u0117\u017e\u0117 su virvin\u0117mis rankenomis, kad rinkin\u012f b\u016bt\u0173 lengva perkelti \u012f bet kuri\u0105 klas\u0117s viet\u0105.<\/p>\n<p>Komplektacija:<\/p>\n<p>64 kvadratai: 45 \u00d7 45 \u00d7 28 mm<br \/>\n56 sta\u010diakampiai: 45 \u00d7 28 \u00d7 28 mm<br \/>\n40 lygiakra\u0161\u010diai trikampiai: 45 \u00d7 45 \u00d7 28 mm<br \/>\n48 \u012fstri\u017eieji trikampiai: 85 \u00d7 45 \u00d7 28 mm<br \/>\n1 d\u0117\u017e\u0117 su virvin\u0117mis rankenomis: 370 \u00d7 290 \u00d7 220 mm<\/p>\n<p>Am\u017eius: nuo 3 met\u0173<br \/>\nSpalva: nat\u016brali ruda<\/p>\n","protected":false},"excerpt":{"rendered":"<p>Nat\u016brali\u0173 form\u0173 medini\u0173 kalad\u0117li\u0173 rinkinys k\u016brybi\u0161kam konstravimui ir mokymuisi \u017eaid\u017eiant.<\/p>\n","protected":false},"featured_media":6826,"comment_status":"open","ping_status":"closed","template":"","meta":{"_acf_changed":false},"product_brand":[],"product_cat":[299],"product_tag":[],"class_list":{"0":"post-6825","1":"product","2":"type-product","3":"status-publish","4":"has-post-thumbnail","6":"product_cat-findel","8":"first","9":"instock","10":"taxable","11":"shipping-taxable","12":"purchasable","13":"product-type-simple"},"acf":[],"_links":{"self":[{"href":"https:\/\/gridamokykloms.lt\/en\/wp-json\/wp\/v2\/product\/6825","targetHints":{"allow":["GET"]}}],"collection":[{"href":"https:\/\/gridamokykloms.lt\/en\/wp-json\/wp\/v2\/product"}],"about":[{"href":"https:\/\/gridamokykloms.lt\/en\/wp-json\/wp\/v2\/types\/product"}],"replies":[{"embeddable":true,"href":"https:\/\/gridamokykloms.lt\/en\/wp-json\/wp\/v2\/comments?post=6825"}],"wp:featuredmedia":[{"embeddable":true,"href":"https:\/\/gridamokykloms.lt\/en\/wp-json\/wp\/v2\/media\/6826"}],"wp:attachment":[{"href":"https:\/\/gridamokykloms.lt\/en\/wp-json\/wp\/v2\/media?parent=6825"}],"wp:term":[{"taxonomy":"product_brand","embeddable":true,"href":"https:\/\/gridamokykloms.lt\/en\/wp-json\/wp\/v2\/product_brand?post=6825"},{"taxonomy":"product_cat","embeddable":true,"href":"https:\/\/gridamokykloms.lt\/en\/wp-json\/wp\/v2\/product_cat?post=6825"},{"taxonomy":"product_tag","embeddable":true,"href":"https:\/\/gridamokykloms.lt\/en\/wp-json\/wp\/v2\/product_tag?post=6825"}],"curies":[{"name":"wp","href":"https:\/\/api.w.org\/{rel}","templated":true}]}}