{"id":6827,"date":"2025-08-29T10:16:41","date_gmt":"2025-08-29T10:16:41","guid":{"rendered":"https:\/\/gridamokykloms.lt\/produktas\/naturaliu-saku-kaladeliu-rinkinys-big-branch-block-builders\/"},"modified":"2025-08-29T10:16:41","modified_gmt":"2025-08-29T10:16:41","slug":"naturaliu-saku-kaladeliu-rinkinys-big-branch-block-builders","status":"publish","type":"product","link":"https:\/\/gridamokykloms.lt\/en\/produktas\/naturaliu-saku-kaladeliu-rinkinys-big-branch-block-builders\/","title":{"rendered":"Nat\u016brali\u0173 \u0161ak\u0173 kalad\u0117li\u0173 rinkinys \u201eBig Branch Block Builders\u201c"},"content":{"rendered":"<p>\u201eBig Branch Block Builders\u201c \u2013 tai unikalus 125 dali\u0173 rinkinys, pagamintas i\u0161 tikr\u0173 nat\u016brali\u0173 \u0161ak\u0173, skirtas vaikams nuo 3 met\u0173. \u012evairaus ilgio \u0161akos su i\u0161pjovomis leid\u017eia konstruoti statinius sluoksniuojant detales statmenai, o specialios dalys suteikia galimyb\u0119 sukurti lang\u0173 r\u0117mus ir stogus.<\/p>\n<p>Neapdorota mediena ir nat\u016bralios \u0161akos laikui b\u0117gant d\u0117visi, tod\u0117l vaikai gali steb\u0117ti med\u017eiagos poky\u010dius ir gamtos procesus. Autenti\u0161ki \u017eym\u0117jimai, d\u0117mel\u0117s ir nelygumai suteikia kiekvienai detalei savitumo, stiprina ry\u0161\u012f su gamta bei skatina sensorin\u012f patyrim\u0105.<\/p>\n<p>Komplektacija:<\/p>\n<p>125 nat\u016bralios medienos detal\u0117s (ilgiausia \u0161aka \u2013 349 mm, trumpiausia \u2013 57 mm)<br \/>\n10 dvipusi\u0173 id\u0117j\u0173 korteli\u0173 su k\u016brybiniais pavyzd\u017eiais ir realaus gyvenimo statini\u0173 iliustracijomis<\/p>\n<p>Am\u017eius: nuo 3 met\u0173<br \/>\nNaudojimas: patalpose ir lauke (laikyti tik patalpose)<\/p>\n","protected":false},"excerpt":{"rendered":"<p>Autenti\u0161kas gamtos \u012fkv\u0117ptas kalad\u0117li\u0173 rinkinys vaikams nuo 3 met\u0173 \u2013 k\u016brybi\u0161kam konstravimui viduje arba lauke.<\/p>\n","protected":false},"featured_media":6828,"comment_status":"open","ping_status":"closed","template":"","meta":{"_acf_changed":false},"product_brand":[],"product_cat":[299],"product_tag":[],"class_list":{"0":"post-6827","1":"product","2":"type-product","3":"status-publish","4":"has-post-thumbnail","6":"product_cat-findel","8":"first","9":"instock","10":"taxable","11":"shipping-taxable","12":"purchasable","13":"product-type-simple"},"acf":[],"_links":{"self":[{"href":"https:\/\/gridamokykloms.lt\/en\/wp-json\/wp\/v2\/product\/6827","targetHints":{"allow":["GET"]}}],"collection":[{"href":"https:\/\/gridamokykloms.lt\/en\/wp-json\/wp\/v2\/product"}],"about":[{"href":"https:\/\/gridamokykloms.lt\/en\/wp-json\/wp\/v2\/types\/product"}],"replies":[{"embeddable":true,"href":"https:\/\/gridamokykloms.lt\/en\/wp-json\/wp\/v2\/comments?post=6827"}],"wp:featuredmedia":[{"embeddable":true,"href":"https:\/\/gridamokykloms.lt\/en\/wp-json\/wp\/v2\/media\/6828"}],"wp:attachment":[{"href":"https:\/\/gridamokykloms.lt\/en\/wp-json\/wp\/v2\/media?parent=6827"}],"wp:term":[{"taxonomy":"product_brand","embeddable":true,"href":"https:\/\/gridamokykloms.lt\/en\/wp-json\/wp\/v2\/product_brand?post=6827"},{"taxonomy":"product_cat","embeddable":true,"href":"https:\/\/gridamokykloms.lt\/en\/wp-json\/wp\/v2\/product_cat?post=6827"},{"taxonomy":"product_tag","embeddable":true,"href":"https:\/\/gridamokykloms.lt\/en\/wp-json\/wp\/v2\/product_tag?post=6827"}],"curies":[{"name":"wp","href":"https:\/\/api.w.org\/{rel}","templated":true}]}}