{"id":6831,"date":"2025-08-29T10:16:40","date_gmt":"2025-08-29T10:16:40","guid":{"rendered":"https:\/\/gridamokykloms.lt\/produktas\/rinkinys-zemes-medziagos\/"},"modified":"2025-08-29T10:16:40","modified_gmt":"2025-08-29T10:16:40","slug":"rinkinys-zemes-medziagos","status":"publish","type":"product","link":"https:\/\/gridamokykloms.lt\/en\/produktas\/rinkinys-zemes-medziagos\/","title":{"rendered":"Rinkinys &#8220;\u017dem\u0117s med\u017eiagos&#8221;"},"content":{"rendered":"<p>\u201e\u017dem\u0117s med\u017eiagos\u201c \u2013 tai rinkinys skirtas 2 klas\u0117s mokiniams. Vaikai tyrin\u0117ja vandens, uolien\u0173, sm\u0117lio, dirvo\u017eemio savybes, nagrin\u0117ja skirtingas \u017eem\u0117s formas ir vandens telkinius. Rinkinys skatina steb\u0117jim\u0105, palyginim\u0105, eksperimentavim\u0105 ir duomen\u0173 fiksavim\u0105, padeda mokiniams suprasti gamtin\u0119 aplink\u0105 bei jos sudedam\u0105sias dalis.<\/p>\n","protected":false},"excerpt":{"rendered":"<p>Rinkinys skirtas vaikams, kuriame tyrin\u0117jamos vandens, uolien\u0173, sm\u0117lio, dirvo\u017eemio savybes bei \u017eem\u0117s form\u0173 \u012fvairov\u0117.<\/p>\n","protected":false},"featured_media":6832,"comment_status":"open","ping_status":"closed","template":"","meta":{"_acf_changed":false},"product_brand":[],"product_cat":[298],"product_tag":[],"class_list":{"0":"post-6831","1":"product","2":"type-product","3":"status-publish","4":"has-post-thumbnail","6":"product_cat-carolina","8":"first","9":"instock","10":"taxable","11":"shipping-taxable","12":"purchasable","13":"product-type-simple"},"acf":[],"_links":{"self":[{"href":"https:\/\/gridamokykloms.lt\/en\/wp-json\/wp\/v2\/product\/6831","targetHints":{"allow":["GET"]}}],"collection":[{"href":"https:\/\/gridamokykloms.lt\/en\/wp-json\/wp\/v2\/product"}],"about":[{"href":"https:\/\/gridamokykloms.lt\/en\/wp-json\/wp\/v2\/types\/product"}],"replies":[{"embeddable":true,"href":"https:\/\/gridamokykloms.lt\/en\/wp-json\/wp\/v2\/comments?post=6831"}],"wp:featuredmedia":[{"embeddable":true,"href":"https:\/\/gridamokykloms.lt\/en\/wp-json\/wp\/v2\/media\/6832"}],"wp:attachment":[{"href":"https:\/\/gridamokykloms.lt\/en\/wp-json\/wp\/v2\/media?parent=6831"}],"wp:term":[{"taxonomy":"product_brand","embeddable":true,"href":"https:\/\/gridamokykloms.lt\/en\/wp-json\/wp\/v2\/product_brand?post=6831"},{"taxonomy":"product_cat","embeddable":true,"href":"https:\/\/gridamokykloms.lt\/en\/wp-json\/wp\/v2\/product_cat?post=6831"},{"taxonomy":"product_tag","embeddable":true,"href":"https:\/\/gridamokykloms.lt\/en\/wp-json\/wp\/v2\/product_tag?post=6831"}],"curies":[{"name":"wp","href":"https:\/\/api.w.org\/{rel}","templated":true}]}}