{"id":6833,"date":"2025-08-29T10:16:40","date_gmt":"2025-08-29T10:16:40","guid":{"rendered":"https:\/\/gridamokykloms.lt\/produktas\/rinkinys-ekosistemu-ivairove\/"},"modified":"2025-08-29T10:16:40","modified_gmt":"2025-08-29T10:16:40","slug":"rinkinys-ekosistemu-ivairove","status":"publish","type":"product","link":"https:\/\/gridamokykloms.lt\/en\/produktas\/rinkinys-ekosistemu-ivairove\/","title":{"rendered":"Rinkinys &#8220;Ekosistem\u0173 \u012fvairov\u0117&#8221;"},"content":{"rendered":"<p>\u201eEkosistem\u0173 \u012fvairov\u0117\u201c \u2013 tai rinkinys skirtas 2 klas\u0117s mokiniams. Vaikai tyrin\u0117ja gyv\u0173 organizm\u0173 poreikius ir priklausomyb\u0119 nuo aplinkos s\u0105lyg\u0173, mokosi suprasti, kaip \u012fvairios ekosistemos u\u017etikrina gyvyb\u0117s i\u0161likim\u0105. Rinkinys skatina steb\u0117jim\u0105, palyginim\u0105, analiz\u0119 bei duomen\u0173 fiksavim\u0105, padeda mokiniams formuoti supratim\u0105 apie biologin\u0119 \u012fvairov\u0119 ir ekologinius ry\u0161ius.<\/p>\n","protected":false},"excerpt":{"rendered":"<p>Rinkinys skirtas vaikams, kuriame tyrin\u0117jama &#8211; ko gyviems organizmams reikia, kad i\u0161gyvent\u0173 \u012fvairiose aplinkose.<\/p>\n","protected":false},"featured_media":6834,"comment_status":"open","ping_status":"closed","template":"","meta":{"_acf_changed":false},"product_brand":[],"product_cat":[298],"product_tag":[],"class_list":{"0":"post-6833","1":"product","2":"type-product","3":"status-publish","4":"has-post-thumbnail","6":"product_cat-carolina","8":"first","9":"instock","10":"taxable","11":"shipping-taxable","12":"purchasable","13":"product-type-simple"},"acf":[],"_links":{"self":[{"href":"https:\/\/gridamokykloms.lt\/en\/wp-json\/wp\/v2\/product\/6833","targetHints":{"allow":["GET"]}}],"collection":[{"href":"https:\/\/gridamokykloms.lt\/en\/wp-json\/wp\/v2\/product"}],"about":[{"href":"https:\/\/gridamokykloms.lt\/en\/wp-json\/wp\/v2\/types\/product"}],"replies":[{"embeddable":true,"href":"https:\/\/gridamokykloms.lt\/en\/wp-json\/wp\/v2\/comments?post=6833"}],"wp:featuredmedia":[{"embeddable":true,"href":"https:\/\/gridamokykloms.lt\/en\/wp-json\/wp\/v2\/media\/6834"}],"wp:attachment":[{"href":"https:\/\/gridamokykloms.lt\/en\/wp-json\/wp\/v2\/media?parent=6833"}],"wp:term":[{"taxonomy":"product_brand","embeddable":true,"href":"https:\/\/gridamokykloms.lt\/en\/wp-json\/wp\/v2\/product_brand?post=6833"},{"taxonomy":"product_cat","embeddable":true,"href":"https:\/\/gridamokykloms.lt\/en\/wp-json\/wp\/v2\/product_cat?post=6833"},{"taxonomy":"product_tag","embeddable":true,"href":"https:\/\/gridamokykloms.lt\/en\/wp-json\/wp\/v2\/product_tag?post=6833"}],"curies":[{"name":"wp","href":"https:\/\/api.w.org\/{rel}","templated":true}]}}