{"id":6835,"date":"2025-08-29T10:16:40","date_gmt":"2025-08-29T10:16:40","guid":{"rendered":"https:\/\/gridamokykloms.lt\/produktas\/rinkinys-apie-medziagu-buvius\/"},"modified":"2025-08-29T10:16:40","modified_gmt":"2025-08-29T10:16:40","slug":"rinkinys-apie-medziagu-buvius","status":"publish","type":"product","link":"https:\/\/gridamokykloms.lt\/en\/produktas\/rinkinys-apie-medziagu-buvius\/","title":{"rendered":"Rinkinys apie med\u017eiag\u0173 b\u016bvius"},"content":{"rendered":"<p>Rinkinys apie med\u017eiag\u0173 b\u016bvius skirtas 2 klas\u0117s mokiniams. Vaikai supa\u017eindinami su trimis med\u017eiag\u0173 b\u016bviais, j\u0173 charakteristikomis, kai kuriomis fizin\u0117mis ir chemin\u0117mis savyb\u0117mis bei med\u017eiag\u0173 poky\u010di\u0173 procesais. Per praktinius bandymus ir steb\u0117jimus mokiniai gali pamatyti kaip med\u017eiaga kei\u010diasi ir gali \u012fgyti pagrindines s\u0105vokas apie fizinius ir cheminius procesus.<\/p>\n","protected":false},"excerpt":{"rendered":"<p>Rinkinys skirtas vaikams, kuriame tyrin\u0117jami med\u017eiag\u0173 b\u016bviai, savyb\u0117s ir poky\u010diai.<\/p>\n","protected":false},"featured_media":6836,"comment_status":"open","ping_status":"closed","template":"","meta":{"_acf_changed":false},"product_brand":[],"product_cat":[298],"product_tag":[],"class_list":{"0":"post-6835","1":"product","2":"type-product","3":"status-publish","4":"has-post-thumbnail","6":"product_cat-carolina","8":"first","9":"instock","10":"taxable","11":"shipping-taxable","12":"purchasable","13":"product-type-simple"},"acf":[],"_links":{"self":[{"href":"https:\/\/gridamokykloms.lt\/en\/wp-json\/wp\/v2\/product\/6835","targetHints":{"allow":["GET"]}}],"collection":[{"href":"https:\/\/gridamokykloms.lt\/en\/wp-json\/wp\/v2\/product"}],"about":[{"href":"https:\/\/gridamokykloms.lt\/en\/wp-json\/wp\/v2\/types\/product"}],"replies":[{"embeddable":true,"href":"https:\/\/gridamokykloms.lt\/en\/wp-json\/wp\/v2\/comments?post=6835"}],"wp:featuredmedia":[{"embeddable":true,"href":"https:\/\/gridamokykloms.lt\/en\/wp-json\/wp\/v2\/media\/6836"}],"wp:attachment":[{"href":"https:\/\/gridamokykloms.lt\/en\/wp-json\/wp\/v2\/media?parent=6835"}],"wp:term":[{"taxonomy":"product_brand","embeddable":true,"href":"https:\/\/gridamokykloms.lt\/en\/wp-json\/wp\/v2\/product_brand?post=6835"},{"taxonomy":"product_cat","embeddable":true,"href":"https:\/\/gridamokykloms.lt\/en\/wp-json\/wp\/v2\/product_cat?post=6835"},{"taxonomy":"product_tag","embeddable":true,"href":"https:\/\/gridamokykloms.lt\/en\/wp-json\/wp\/v2\/product_tag?post=6835"}],"curies":[{"name":"wp","href":"https:\/\/api.w.org\/{rel}","templated":true}]}}