{"id":6837,"date":"2025-08-29T10:16:40","date_gmt":"2025-08-29T10:16:40","guid":{"rendered":"https:\/\/gridamokykloms.lt\/produktas\/rinkinys-dangus-stebetojai\/"},"modified":"2025-08-29T10:16:40","modified_gmt":"2025-08-29T10:16:40","slug":"rinkinys-dangus-stebetojai","status":"publish","type":"product","link":"https:\/\/gridamokykloms.lt\/en\/produktas\/rinkinys-dangus-stebetojai\/","title":{"rendered":"Rinkinys &#8220;Dangus steb\u0117tojai&#8221;"},"content":{"rendered":"<p>\u201eDangus steb\u0117tojai\u201c \u2013 tai mokomasis rinkinys skirtas 1 klas\u0117s mokiniams. Vaikai supa\u017eindinami su \u017eem\u0117s ir kosmoso mokslo temomis, tyrin\u0117ja dangaus objektus ir mokosi \u012fvairi\u0173 steb\u0117jimo strategij\u0173. Rinkinys skatina steb\u0117jim\u0105, analiz\u0119, duomen\u0173 fiksavim\u0105 ir ugdo smalsum\u0105 bei kritin\u012f m\u0105stym\u0105 apie gamtos rei\u0161kinius.<\/p>\n","protected":false},"excerpt":{"rendered":"<p>Rinkinys skirtas vaikams, kuriame tyrin\u0117jami \u017eem\u0117s ir kosmoso rei\u0161kiniai bei dangaus objektai.<\/p>\n","protected":false},"featured_media":6838,"comment_status":"open","ping_status":"closed","template":"","meta":{"_acf_changed":false},"product_brand":[],"product_cat":[298],"product_tag":[],"class_list":{"0":"post-6837","1":"product","2":"type-product","3":"status-publish","4":"has-post-thumbnail","6":"product_cat-carolina","8":"first","9":"instock","10":"taxable","11":"shipping-taxable","12":"purchasable","13":"product-type-simple"},"acf":[],"_links":{"self":[{"href":"https:\/\/gridamokykloms.lt\/en\/wp-json\/wp\/v2\/product\/6837","targetHints":{"allow":["GET"]}}],"collection":[{"href":"https:\/\/gridamokykloms.lt\/en\/wp-json\/wp\/v2\/product"}],"about":[{"href":"https:\/\/gridamokykloms.lt\/en\/wp-json\/wp\/v2\/types\/product"}],"replies":[{"embeddable":true,"href":"https:\/\/gridamokykloms.lt\/en\/wp-json\/wp\/v2\/comments?post=6837"}],"wp:featuredmedia":[{"embeddable":true,"href":"https:\/\/gridamokykloms.lt\/en\/wp-json\/wp\/v2\/media\/6838"}],"wp:attachment":[{"href":"https:\/\/gridamokykloms.lt\/en\/wp-json\/wp\/v2\/media?parent=6837"}],"wp:term":[{"taxonomy":"product_brand","embeddable":true,"href":"https:\/\/gridamokykloms.lt\/en\/wp-json\/wp\/v2\/product_brand?post=6837"},{"taxonomy":"product_cat","embeddable":true,"href":"https:\/\/gridamokykloms.lt\/en\/wp-json\/wp\/v2\/product_cat?post=6837"},{"taxonomy":"product_tag","embeddable":true,"href":"https:\/\/gridamokykloms.lt\/en\/wp-json\/wp\/v2\/product_tag?post=6837"}],"curies":[{"name":"wp","href":"https:\/\/api.w.org\/{rel}","templated":true}]}}