{"id":6839,"date":"2025-08-29T10:16:40","date_gmt":"2025-08-29T10:16:40","guid":{"rendered":"https:\/\/gridamokykloms.lt\/produktas\/rinkinys-sviesa-ir-garso-bangos\/"},"modified":"2025-08-29T10:16:40","modified_gmt":"2025-08-29T10:16:40","slug":"rinkinys-sviesa-ir-garso-bangos","status":"publish","type":"product","link":"https:\/\/gridamokykloms.lt\/en\/produktas\/rinkinys-sviesa-ir-garso-bangos\/","title":{"rendered":"Rinkinys &#8220;\u0160viesa ir garso bangos&#8221;"},"content":{"rendered":"<p>\u201e\u0160viesa ir garso bangos\u201c \u2013 tai mokomasis rinkinys, skirtas 1 klas\u0117s mokiniams. Jis supa\u017eindina vaikus su fizikos pagrindais: \u0161viesa ir garsas yra rei\u0161kiniai, kurie sklinda bangomis. Vaikai per praktinius tyrimus ir steb\u0117jimus su\u017eino, kaip \u0161viesa juda, kaip sklinda garsas ir kaip \u0161ie rei\u0161kiniai veikia m\u016bs\u0173 aplink\u0105.<\/p>\n<p>Programa strukt\u016bruota taip, kad b\u016bt\u0173 lengva \u012fgyvendinti per trumpas 30 minu\u010di\u0173 pamokas.<\/p>\n","protected":false},"excerpt":{"rendered":"<p>Rinkinys skirtas vaikams, kuriame tyrin\u0117jamos \u0161viesos ir garso bang\u0173 savybes.<\/p>\n","protected":false},"featured_media":6840,"comment_status":"open","ping_status":"closed","template":"","meta":{"_acf_changed":false},"product_brand":[],"product_cat":[298],"product_tag":[],"class_list":{"0":"post-6839","1":"product","2":"type-product","3":"status-publish","4":"has-post-thumbnail","6":"product_cat-carolina","8":"first","9":"instock","10":"taxable","11":"shipping-taxable","12":"purchasable","13":"product-type-simple"},"acf":[],"_links":{"self":[{"href":"https:\/\/gridamokykloms.lt\/en\/wp-json\/wp\/v2\/product\/6839","targetHints":{"allow":["GET"]}}],"collection":[{"href":"https:\/\/gridamokykloms.lt\/en\/wp-json\/wp\/v2\/product"}],"about":[{"href":"https:\/\/gridamokykloms.lt\/en\/wp-json\/wp\/v2\/types\/product"}],"replies":[{"embeddable":true,"href":"https:\/\/gridamokykloms.lt\/en\/wp-json\/wp\/v2\/comments?post=6839"}],"wp:featuredmedia":[{"embeddable":true,"href":"https:\/\/gridamokykloms.lt\/en\/wp-json\/wp\/v2\/media\/6840"}],"wp:attachment":[{"href":"https:\/\/gridamokykloms.lt\/en\/wp-json\/wp\/v2\/media?parent=6839"}],"wp:term":[{"taxonomy":"product_brand","embeddable":true,"href":"https:\/\/gridamokykloms.lt\/en\/wp-json\/wp\/v2\/product_brand?post=6839"},{"taxonomy":"product_cat","embeddable":true,"href":"https:\/\/gridamokykloms.lt\/en\/wp-json\/wp\/v2\/product_cat?post=6839"},{"taxonomy":"product_tag","embeddable":true,"href":"https:\/\/gridamokykloms.lt\/en\/wp-json\/wp\/v2\/product_tag?post=6839"}],"curies":[{"name":"wp","href":"https:\/\/api.w.org\/{rel}","templated":true}]}}