{"id":6841,"date":"2025-08-29T10:16:40","date_gmt":"2025-08-29T10:16:40","guid":{"rendered":"https:\/\/gridamokykloms.lt\/produktas\/rinkinys-gyvenimas-ekosistemose\/"},"modified":"2025-08-29T10:16:40","modified_gmt":"2025-08-29T10:16:40","slug":"rinkinys-gyvenimas-ekosistemose","status":"publish","type":"product","link":"https:\/\/gridamokykloms.lt\/en\/produktas\/rinkinys-gyvenimas-ekosistemose\/","title":{"rendered":"Rinkinys &#8220;Gyvenimas ekosistemose&#8221;"},"content":{"rendered":"<p>\u201eGyvenimas ekosistemose\u201c \u2013 tai rinkinys skirtas 3 klas\u0117s mokiniams. Vaikai tyrin\u0117ja \u012fvairi\u0173 gyv\u0173 organizm\u0173 \u012fvairov\u0119, j\u0173 tarpusavio ry\u0161ius ir svarb\u0105 sveikai ekosistemai. Rinkinys skatina steb\u0117jim\u0105, klasifikavim\u0105, duomen\u0173 rinkim\u0105 bei analiz\u0119, padeda mokiniams formuoti ekologin\u012f supratim\u0105 ir suprasti biologin\u0117s \u012fvairov\u0117s svarb\u0105.<\/p>\n","protected":false},"excerpt":{"rendered":"<p>Rinkinys skirtas 3 klas\u0117s mokiniams, kuriame tyrin\u0117jama gyv\u0173 organizm\u0173 \u012fvairov\u0117 ir j\u0173 vaidmuo ekosistemose.<\/p>\n","protected":false},"featured_media":6842,"comment_status":"open","ping_status":"closed","template":"","meta":{"_acf_changed":false},"product_brand":[],"product_cat":[298],"product_tag":[],"class_list":{"0":"post-6841","1":"product","2":"type-product","3":"status-publish","4":"has-post-thumbnail","6":"product_cat-carolina","8":"first","9":"instock","10":"taxable","11":"shipping-taxable","12":"purchasable","13":"product-type-simple"},"acf":[],"_links":{"self":[{"href":"https:\/\/gridamokykloms.lt\/en\/wp-json\/wp\/v2\/product\/6841","targetHints":{"allow":["GET"]}}],"collection":[{"href":"https:\/\/gridamokykloms.lt\/en\/wp-json\/wp\/v2\/product"}],"about":[{"href":"https:\/\/gridamokykloms.lt\/en\/wp-json\/wp\/v2\/types\/product"}],"replies":[{"embeddable":true,"href":"https:\/\/gridamokykloms.lt\/en\/wp-json\/wp\/v2\/comments?post=6841"}],"wp:featuredmedia":[{"embeddable":true,"href":"https:\/\/gridamokykloms.lt\/en\/wp-json\/wp\/v2\/media\/6842"}],"wp:attachment":[{"href":"https:\/\/gridamokykloms.lt\/en\/wp-json\/wp\/v2\/media?parent=6841"}],"wp:term":[{"taxonomy":"product_brand","embeddable":true,"href":"https:\/\/gridamokykloms.lt\/en\/wp-json\/wp\/v2\/product_brand?post=6841"},{"taxonomy":"product_cat","embeddable":true,"href":"https:\/\/gridamokykloms.lt\/en\/wp-json\/wp\/v2\/product_cat?post=6841"},{"taxonomy":"product_tag","embeddable":true,"href":"https:\/\/gridamokykloms.lt\/en\/wp-json\/wp\/v2\/product_tag?post=6841"}],"curies":[{"name":"wp","href":"https:\/\/api.w.org\/{rel}","templated":true}]}}