{"id":6843,"date":"2025-08-29T10:16:40","date_gmt":"2025-08-29T10:16:40","guid":{"rendered":"https:\/\/gridamokykloms.lt\/produktas\/rinkinys-oro-ir-klimato-modeliai\/"},"modified":"2025-08-29T10:16:40","modified_gmt":"2025-08-29T10:16:40","slug":"rinkinys-oro-ir-klimato-modeliai","status":"publish","type":"product","link":"https:\/\/gridamokykloms.lt\/en\/produktas\/rinkinys-oro-ir-klimato-modeliai\/","title":{"rendered":"Rinkinys &#8220;Oro ir klimato modeliai&#8221;"},"content":{"rendered":"<p>\u201eOro ir klimato modeliai\u201c \u2013 tai rinkinys skirtas 3 klas\u0117s mokiniams. Vaikai susipa\u017e\u012fsta su \u012fvairiais oro komponentais, nagrin\u0117ja oro rei\u0161kini\u0173 \u012fvairov\u0119 ir j\u0173 tarpusavio ry\u0161ius, mokosi atpa\u017einti bei steb\u0117ti klimato modelius. Rinkinys skatina eksperimentavim\u0105, steb\u0117jim\u0105 ir duomen\u0173 analiz\u0119, padeda mokiniams suprasti meteorologijos ir klimatologijos pagrindus.<\/p>\n","protected":false},"excerpt":{"rendered":"<p>Rinkinys skirtas 3 klas\u0117s mokiniams, kuriame tyrin\u0117jami oro rei\u0161kiniai ir klimato modeliai.<\/p>\n","protected":false},"featured_media":6844,"comment_status":"open","ping_status":"closed","template":"","meta":{"_acf_changed":false},"product_brand":[],"product_cat":[298],"product_tag":[],"class_list":{"0":"post-6843","1":"product","2":"type-product","3":"status-publish","4":"has-post-thumbnail","6":"product_cat-carolina","8":"first","9":"instock","10":"taxable","11":"shipping-taxable","12":"purchasable","13":"product-type-simple"},"acf":[],"_links":{"self":[{"href":"https:\/\/gridamokykloms.lt\/en\/wp-json\/wp\/v2\/product\/6843","targetHints":{"allow":["GET"]}}],"collection":[{"href":"https:\/\/gridamokykloms.lt\/en\/wp-json\/wp\/v2\/product"}],"about":[{"href":"https:\/\/gridamokykloms.lt\/en\/wp-json\/wp\/v2\/types\/product"}],"replies":[{"embeddable":true,"href":"https:\/\/gridamokykloms.lt\/en\/wp-json\/wp\/v2\/comments?post=6843"}],"wp:featuredmedia":[{"embeddable":true,"href":"https:\/\/gridamokykloms.lt\/en\/wp-json\/wp\/v2\/media\/6844"}],"wp:attachment":[{"href":"https:\/\/gridamokykloms.lt\/en\/wp-json\/wp\/v2\/media?parent=6843"}],"wp:term":[{"taxonomy":"product_brand","embeddable":true,"href":"https:\/\/gridamokykloms.lt\/en\/wp-json\/wp\/v2\/product_brand?post=6843"},{"taxonomy":"product_cat","embeddable":true,"href":"https:\/\/gridamokykloms.lt\/en\/wp-json\/wp\/v2\/product_cat?post=6843"},{"taxonomy":"product_tag","embeddable":true,"href":"https:\/\/gridamokykloms.lt\/en\/wp-json\/wp\/v2\/product_tag?post=6843"}],"curies":[{"name":"wp","href":"https:\/\/api.w.org\/{rel}","templated":true}]}}