{"id":6847,"date":"2025-08-29T10:16:40","date_gmt":"2025-08-29T10:16:40","guid":{"rendered":"https:\/\/gridamokykloms.lt\/produktas\/lauko-konstruktorius-172-daliu-rinkinys\/"},"modified":"2025-08-29T10:16:40","modified_gmt":"2025-08-29T10:16:40","slug":"lauko-konstruktorius-172-daliu-rinkinys","status":"publish","type":"product","link":"https:\/\/gridamokykloms.lt\/en\/produktas\/lauko-konstruktorius-172-daliu-rinkinys\/","title":{"rendered":"Lauko konstruktorius &#8211; 172 dali\u0173 rinkinys"},"content":{"rendered":"<p>\u201eWisdom Outdoor Construction Blocks\u201c \u2013 tai inovatyvus lauko konstruktori\u0173 rinkinys, skirtas vaik\u0173 fiziniam, kognityviniam, socialiniam ir emociniam ugdymui. Unikalaus dizaino jungiamieji blokai leid\u017eia kurti tvirtesnes, stabilesnes konstrukcijas, skatinant vaikus eksperimentuoti, kurti ir lavinti in\u017einerinius geb\u0117jimus.<\/p>\n<p>Rinkin\u012f sudaro \u012fvairaus dyd\u017eio detal\u0117s \u2013 nuo ma\u017e\u0173 rankai tinkam\u0173 element\u0173 iki didesni\u0173 statybini\u0173 blok\u0173 su jungimo priedais. Tai puiki priemon\u0117 atviro tipo \u017eaidimams, kuri skatina k\u016brybi\u0161kum\u0105, problem\u0173 sprendim\u0105 ir komandin\u012f darb\u0105. Tinka tiek individualiems, tiek grupiniams \u017eaidimams, kuriant \u012fvairias strukt\u016bras, miestus ar peiza\u017eus.<\/p>\n<p>Skatina bendradarbiavim\u0105 ir socialinius \u012fg\u016bd\u017eius<br \/>\nSaugi, apvalint\u0173 kamp\u0173 konstrukcija<br \/>\nPagaminta i\u0161 auk\u0161tos kokyb\u0117s HDPE \u2013 atspari oro s\u0105lygoms, lengvai pri\u017ei\u016brima<\/p>\n<p>Komplektacija: 172 dalys<br \/>\nAm\u017eius: nuo 3 met\u0173<\/p>\n","protected":false},"excerpt":{"rendered":"<p>Tvirtas ir k\u016brybi\u0161kas lauko konstruktorius, lavinantis vaik\u0173 vaizduot\u0119, bendravim\u0105 ir in\u017einerinius \u012fg\u016bd\u017eius.<\/p>\n","protected":false},"featured_media":6848,"comment_status":"open","ping_status":"closed","template":"","meta":{"_acf_changed":false},"product_brand":[],"product_cat":[299],"product_tag":[],"class_list":{"0":"post-6847","1":"product","2":"type-product","3":"status-publish","4":"has-post-thumbnail","6":"product_cat-findel","8":"first","9":"instock","10":"taxable","11":"shipping-taxable","12":"purchasable","13":"product-type-simple"},"acf":[],"_links":{"self":[{"href":"https:\/\/gridamokykloms.lt\/en\/wp-json\/wp\/v2\/product\/6847","targetHints":{"allow":["GET"]}}],"collection":[{"href":"https:\/\/gridamokykloms.lt\/en\/wp-json\/wp\/v2\/product"}],"about":[{"href":"https:\/\/gridamokykloms.lt\/en\/wp-json\/wp\/v2\/types\/product"}],"replies":[{"embeddable":true,"href":"https:\/\/gridamokykloms.lt\/en\/wp-json\/wp\/v2\/comments?post=6847"}],"wp:featuredmedia":[{"embeddable":true,"href":"https:\/\/gridamokykloms.lt\/en\/wp-json\/wp\/v2\/media\/6848"}],"wp:attachment":[{"href":"https:\/\/gridamokykloms.lt\/en\/wp-json\/wp\/v2\/media?parent=6847"}],"wp:term":[{"taxonomy":"product_brand","embeddable":true,"href":"https:\/\/gridamokykloms.lt\/en\/wp-json\/wp\/v2\/product_brand?post=6847"},{"taxonomy":"product_cat","embeddable":true,"href":"https:\/\/gridamokykloms.lt\/en\/wp-json\/wp\/v2\/product_cat?post=6847"},{"taxonomy":"product_tag","embeddable":true,"href":"https:\/\/gridamokykloms.lt\/en\/wp-json\/wp\/v2\/product_tag?post=6847"}],"curies":[{"name":"wp","href":"https:\/\/api.w.org\/{rel}","templated":true}]}}