{"id":6849,"date":"2025-08-29T10:16:40","date_gmt":"2025-08-29T10:16:40","guid":{"rendered":"https:\/\/gridamokykloms.lt\/produktas\/rinkinys-jegos-ir-saveikos\/"},"modified":"2025-08-29T10:16:40","modified_gmt":"2025-08-29T10:16:40","slug":"rinkinys-jegos-ir-saveikos","status":"publish","type":"product","link":"https:\/\/gridamokykloms.lt\/en\/produktas\/rinkinys-jegos-ir-saveikos\/","title":{"rendered":"Rinkinys &#8220;J\u0117gos ir s\u0105veikos&#8221;"},"content":{"rendered":"<p>\u201eJ\u0117gos ir s\u0105veikos\u201c \u2013 tai rinkinys, skirtas 3 klas\u0117s mokiniams. Vaikai tyrin\u0117ja, kaip veikia j\u0117gos ir s\u0105veikos kasdieniniame pasaulyje, nagrin\u0117ja fizinius procesus ir j\u0173 poveik\u012f objektams. Rinkinys skatina eksperimentavim\u0105, steb\u0117jim\u0105, duomen\u0173 fiksavim\u0105 bei analitin\u012f m\u0105stym\u0105, padeda mokiniams suprasti pagrindinius fizikos principus.<\/p>\n","protected":false},"excerpt":{"rendered":"<p>Rinkinys, skirtas 3 klas\u0117s mokiniams suprasti j\u0117g\u0173 ir s\u0105veik\u0173 principus fizikoje.<\/p>\n","protected":false},"featured_media":6850,"comment_status":"open","ping_status":"closed","template":"","meta":{"_acf_changed":false},"product_brand":[],"product_cat":[298],"product_tag":[],"class_list":{"0":"post-6849","1":"product","2":"type-product","3":"status-publish","4":"has-post-thumbnail","6":"product_cat-carolina","8":"first","9":"instock","10":"taxable","11":"shipping-taxable","12":"purchasable","13":"product-type-simple"},"acf":[],"_links":{"self":[{"href":"https:\/\/gridamokykloms.lt\/en\/wp-json\/wp\/v2\/product\/6849","targetHints":{"allow":["GET"]}}],"collection":[{"href":"https:\/\/gridamokykloms.lt\/en\/wp-json\/wp\/v2\/product"}],"about":[{"href":"https:\/\/gridamokykloms.lt\/en\/wp-json\/wp\/v2\/types\/product"}],"replies":[{"embeddable":true,"href":"https:\/\/gridamokykloms.lt\/en\/wp-json\/wp\/v2\/comments?post=6849"}],"wp:featuredmedia":[{"embeddable":true,"href":"https:\/\/gridamokykloms.lt\/en\/wp-json\/wp\/v2\/media\/6850"}],"wp:attachment":[{"href":"https:\/\/gridamokykloms.lt\/en\/wp-json\/wp\/v2\/media?parent=6849"}],"wp:term":[{"taxonomy":"product_brand","embeddable":true,"href":"https:\/\/gridamokykloms.lt\/en\/wp-json\/wp\/v2\/product_brand?post=6849"},{"taxonomy":"product_cat","embeddable":true,"href":"https:\/\/gridamokykloms.lt\/en\/wp-json\/wp\/v2\/product_cat?post=6849"},{"taxonomy":"product_tag","embeddable":true,"href":"https:\/\/gridamokykloms.lt\/en\/wp-json\/wp\/v2\/product_tag?post=6849"}],"curies":[{"name":"wp","href":"https:\/\/api.w.org\/{rel}","templated":true}]}}