{"id":6851,"date":"2025-08-29T10:16:40","date_gmt":"2025-08-29T10:16:40","guid":{"rendered":"https:\/\/gridamokykloms.lt\/produktas\/rinkinys-zemes-ir-kosmoso-sistemos\/"},"modified":"2025-08-29T10:16:40","modified_gmt":"2025-08-29T10:16:40","slug":"rinkinys-zemes-ir-kosmoso-sistemos","status":"publish","type":"product","link":"https:\/\/gridamokykloms.lt\/en\/produktas\/rinkinys-zemes-ir-kosmoso-sistemos\/","title":{"rendered":"Rinkinys &#8220;\u017dem\u0117s ir kosmoso sistemos&#8221;"},"content":{"rendered":"<p>\u201e\u017dem\u0117s ir kosmoso sistemos\u201c \u2013 tai rinkinys, skirtas supa\u017eindinti mokinius su \u017dem\u0117s vieta kosmin\u0117je erdv\u0117je ir vidine s\u0105veika tarp jos sistem\u0173. Naudodami \u0161\u012f rinkin\u012f mokiniai tyrin\u0117ja kaip m\u016bs\u0173 planeta yra susijusi su didesne Visatos sistema ir kokiu b\u016bdu atmosferos, hidrosferos, litosferos ir biosferos sistemos tarpusavyje s\u0105veikauja, lemia klimato, oro bei geologini\u0173 proces\u0173 formavim\u0105si.<\/p>\n","protected":false},"excerpt":{"rendered":"<p>Rinkinys skirtas 5 klas\u0117s mokiniams, padedantis tyrin\u0117ti \u017dem\u0119 kaip dal\u012f kosmoso ir jos tarpusavyje susijusias sistemas.<\/p>\n","protected":false},"featured_media":6853,"comment_status":"open","ping_status":"closed","template":"","meta":{"_acf_changed":false},"product_brand":[],"product_cat":[298],"product_tag":[],"class_list":{"0":"post-6851","1":"product","2":"type-product","3":"status-publish","4":"has-post-thumbnail","6":"product_cat-carolina","8":"first","9":"instock","10":"taxable","11":"shipping-taxable","12":"purchasable","13":"product-type-simple"},"acf":[],"_links":{"self":[{"href":"https:\/\/gridamokykloms.lt\/en\/wp-json\/wp\/v2\/product\/6851","targetHints":{"allow":["GET"]}}],"collection":[{"href":"https:\/\/gridamokykloms.lt\/en\/wp-json\/wp\/v2\/product"}],"about":[{"href":"https:\/\/gridamokykloms.lt\/en\/wp-json\/wp\/v2\/types\/product"}],"replies":[{"embeddable":true,"href":"https:\/\/gridamokykloms.lt\/en\/wp-json\/wp\/v2\/comments?post=6851"}],"wp:featuredmedia":[{"embeddable":true,"href":"https:\/\/gridamokykloms.lt\/en\/wp-json\/wp\/v2\/media\/6853"}],"wp:attachment":[{"href":"https:\/\/gridamokykloms.lt\/en\/wp-json\/wp\/v2\/media?parent=6851"}],"wp:term":[{"taxonomy":"product_brand","embeddable":true,"href":"https:\/\/gridamokykloms.lt\/en\/wp-json\/wp\/v2\/product_brand?post=6851"},{"taxonomy":"product_cat","embeddable":true,"href":"https:\/\/gridamokykloms.lt\/en\/wp-json\/wp\/v2\/product_cat?post=6851"},{"taxonomy":"product_tag","embeddable":true,"href":"https:\/\/gridamokykloms.lt\/en\/wp-json\/wp\/v2\/product_tag?post=6851"}],"curies":[{"name":"wp","href":"https:\/\/api.w.org\/{rel}","templated":true}]}}