{"id":6852,"date":"2025-08-29T10:16:40","date_gmt":"2025-08-29T10:16:40","guid":{"rendered":"https:\/\/gridamokykloms.lt\/produktas\/rinkinys-medziagos-ir-energijos-apykaita-ekosistemose\/"},"modified":"2025-08-29T10:16:40","modified_gmt":"2025-08-29T10:16:40","slug":"rinkinys-medziagos-ir-energijos-apykaita-ekosistemose","status":"publish","type":"product","link":"https:\/\/gridamokykloms.lt\/en\/produktas\/rinkinys-medziagos-ir-energijos-apykaita-ekosistemose\/","title":{"rendered":"Rinkinys &#8220;Med\u017eiagos ir energijos apykaita ekosistemose&#8221;"},"content":{"rendered":"<p>\u201eMed\u017eiagos ir energijos apykaita ekosistemose\u201c \u2013 tai rinkinys skirtas 5 klas\u0117s mokiniams. Padeda suprasti ekosistem\u0173 sandar\u0105 ir veikimo principus. Naudodami \u0161\u012f rinkin\u012f, mokiniai tyrin\u0117ja, kaip med\u017eiagos ir energija juda tarp gyv\u0173j\u0173 organizm\u0173 ir aplinkos, susipa\u017e\u012fsta su maisto grandin\u0117mis, energijos perdavimu ir perdirbimu gamtoje.<\/p>\n","protected":false},"excerpt":{"rendered":"<p>Rinkinys 5 klas\u0117s mokiniams, skirtas tyrin\u0117ti ekosistem\u0173 veikim\u0105, med\u017eiag\u0173 ir energijos srautus.<\/p>\n","protected":false},"featured_media":6854,"comment_status":"open","ping_status":"closed","template":"","meta":{"_acf_changed":false},"product_brand":[],"product_cat":[298],"product_tag":[],"class_list":{"0":"post-6852","1":"product","2":"type-product","3":"status-publish","4":"has-post-thumbnail","6":"product_cat-carolina","8":"first","9":"instock","10":"taxable","11":"shipping-taxable","12":"purchasable","13":"product-type-simple"},"acf":[],"_links":{"self":[{"href":"https:\/\/gridamokykloms.lt\/en\/wp-json\/wp\/v2\/product\/6852","targetHints":{"allow":["GET"]}}],"collection":[{"href":"https:\/\/gridamokykloms.lt\/en\/wp-json\/wp\/v2\/product"}],"about":[{"href":"https:\/\/gridamokykloms.lt\/en\/wp-json\/wp\/v2\/types\/product"}],"replies":[{"embeddable":true,"href":"https:\/\/gridamokykloms.lt\/en\/wp-json\/wp\/v2\/comments?post=6852"}],"wp:featuredmedia":[{"embeddable":true,"href":"https:\/\/gridamokykloms.lt\/en\/wp-json\/wp\/v2\/media\/6854"}],"wp:attachment":[{"href":"https:\/\/gridamokykloms.lt\/en\/wp-json\/wp\/v2\/media?parent=6852"}],"wp:term":[{"taxonomy":"product_brand","embeddable":true,"href":"https:\/\/gridamokykloms.lt\/en\/wp-json\/wp\/v2\/product_brand?post=6852"},{"taxonomy":"product_cat","embeddable":true,"href":"https:\/\/gridamokykloms.lt\/en\/wp-json\/wp\/v2\/product_cat?post=6852"},{"taxonomy":"product_tag","embeddable":true,"href":"https:\/\/gridamokykloms.lt\/en\/wp-json\/wp\/v2\/product_tag?post=6852"}],"curies":[{"name":"wp","href":"https:\/\/api.w.org\/{rel}","templated":true}]}}