{"id":6855,"date":"2025-08-29T10:16:40","date_gmt":"2025-08-29T10:16:40","guid":{"rendered":"https:\/\/gridamokykloms.lt\/produktas\/rinkinys-medziagu-struktura-ir-savybes\/"},"modified":"2025-08-29T10:16:40","modified_gmt":"2025-08-29T10:16:40","slug":"rinkinys-medziagu-struktura-ir-savybes","status":"publish","type":"product","link":"https:\/\/gridamokykloms.lt\/en\/produktas\/rinkinys-medziagu-struktura-ir-savybes\/","title":{"rendered":"Rinkinys &#8220;Med\u017eiag\u0173 strukt\u016bra ir savyb\u0117s&#8221;"},"content":{"rendered":"<p>\u201eMed\u017eiag\u0173 strukt\u016bra ir savyb\u0117s\u201c \u2013 tai rinkinys skirtas 5 klas\u0117s mokiniams, kuris supa\u017eindina su med\u017eiag\u0173 strukt\u016bros ir savybi\u0173 pagrindais. Vaikai tyrin\u0117ja med\u017eiag\u0173 fizines ir chemines savybes, atlieka eksperimentus ir stebi, kaip \u012fvairios med\u017eiagos elgiasi skirtingomis s\u0105lygomis. Rinkinys skatina moksli\u0161k\u0105 m\u0105stym\u0105, analiz\u0119 ir eksperimentavim\u0105, padeda mokiniams geriau suprasti med\u017eiag\u0173 pasaul\u012f.<\/p>\n","protected":false},"excerpt":{"rendered":"<p>Rinkinys skirtas 5 klas\u0117s mokiniams, kuriame tyrin\u0117jama med\u017eiag\u0173 strukt\u016bra bei fizin\u0117s ir chemin\u0117s savyb\u0117s.<\/p>\n","protected":false},"featured_media":6856,"comment_status":"open","ping_status":"closed","template":"","meta":{"_acf_changed":false},"product_brand":[],"product_cat":[298],"product_tag":[],"class_list":{"0":"post-6855","1":"product","2":"type-product","3":"status-publish","4":"has-post-thumbnail","6":"product_cat-carolina","8":"first","9":"instock","10":"taxable","11":"shipping-taxable","12":"purchasable","13":"product-type-simple"},"acf":[],"_links":{"self":[{"href":"https:\/\/gridamokykloms.lt\/en\/wp-json\/wp\/v2\/product\/6855","targetHints":{"allow":["GET"]}}],"collection":[{"href":"https:\/\/gridamokykloms.lt\/en\/wp-json\/wp\/v2\/product"}],"about":[{"href":"https:\/\/gridamokykloms.lt\/en\/wp-json\/wp\/v2\/types\/product"}],"replies":[{"embeddable":true,"href":"https:\/\/gridamokykloms.lt\/en\/wp-json\/wp\/v2\/comments?post=6855"}],"wp:featuredmedia":[{"embeddable":true,"href":"https:\/\/gridamokykloms.lt\/en\/wp-json\/wp\/v2\/media\/6856"}],"wp:attachment":[{"href":"https:\/\/gridamokykloms.lt\/en\/wp-json\/wp\/v2\/media?parent=6855"}],"wp:term":[{"taxonomy":"product_brand","embeddable":true,"href":"https:\/\/gridamokykloms.lt\/en\/wp-json\/wp\/v2\/product_brand?post=6855"},{"taxonomy":"product_cat","embeddable":true,"href":"https:\/\/gridamokykloms.lt\/en\/wp-json\/wp\/v2\/product_cat?post=6855"},{"taxonomy":"product_tag","embeddable":true,"href":"https:\/\/gridamokykloms.lt\/en\/wp-json\/wp\/v2\/product_tag?post=6855"}],"curies":[{"name":"wp","href":"https:\/\/api.w.org\/{rel}","templated":true}]}}