{"id":6859,"date":"2025-08-29T10:16:40","date_gmt":"2025-08-29T10:16:40","guid":{"rendered":"https:\/\/gridamokykloms.lt\/produktas\/rinkinys-augalu-ir-gyvunu-strukturos\/"},"modified":"2025-08-29T10:16:40","modified_gmt":"2025-08-29T10:16:40","slug":"rinkinys-augalu-ir-gyvunu-strukturos","status":"publish","type":"product","link":"https:\/\/gridamokykloms.lt\/en\/produktas\/rinkinys-augalu-ir-gyvunu-strukturos\/","title":{"rendered":"Rinkinys &#8220;Augal\u0173 ir gyv\u016bn\u0173 strukt\u016bros&#8221;"},"content":{"rendered":"<p>\u201eAugal\u0173 ir gyv\u016bn\u0173 strukt\u016bros\u201c \u2013 tai rinkinys skirtas 4 klas\u0117s mokiniams. Vaikai nagrin\u0117ja \u012fvairias augal\u0173 ir gyv\u016bn\u0173 strukt\u016bras: tiek vidines, tiek i\u0161orines, ir supranta j\u0173 funkcijas bei tarpusavio s\u0105veikas. Rinkinys skatina steb\u0117jim\u0105, klasifikavim\u0105, eksperimentavim\u0105 ir duomen\u0173 analiz\u0119, padeda mokiniams gilinti biologijos \u017einias ir formuoti sistemin\u012f supratim\u0105 apie gyv\u0173j\u0173 organizm\u0173 sandar\u0105.<\/p>\n","protected":false},"excerpt":{"rendered":"<p>Rinkinys skirtas 4 klas\u0117s mokiniams, kuriame tyrin\u0117jamos augal\u0173 ir gyv\u016bn\u0173 vidin\u0117s bei i\u0161orin\u0117s strukt\u016bros.<\/p>\n","protected":false},"featured_media":6860,"comment_status":"open","ping_status":"closed","template":"","meta":{"_acf_changed":false},"product_brand":[],"product_cat":[298],"product_tag":[],"class_list":{"0":"post-6859","1":"product","2":"type-product","3":"status-publish","4":"has-post-thumbnail","6":"product_cat-carolina","8":"first","9":"instock","10":"taxable","11":"shipping-taxable","12":"purchasable","13":"product-type-simple"},"acf":[],"_links":{"self":[{"href":"https:\/\/gridamokykloms.lt\/en\/wp-json\/wp\/v2\/product\/6859","targetHints":{"allow":["GET"]}}],"collection":[{"href":"https:\/\/gridamokykloms.lt\/en\/wp-json\/wp\/v2\/product"}],"about":[{"href":"https:\/\/gridamokykloms.lt\/en\/wp-json\/wp\/v2\/types\/product"}],"replies":[{"embeddable":true,"href":"https:\/\/gridamokykloms.lt\/en\/wp-json\/wp\/v2\/comments?post=6859"}],"wp:featuredmedia":[{"embeddable":true,"href":"https:\/\/gridamokykloms.lt\/en\/wp-json\/wp\/v2\/media\/6860"}],"wp:attachment":[{"href":"https:\/\/gridamokykloms.lt\/en\/wp-json\/wp\/v2\/media?parent=6859"}],"wp:term":[{"taxonomy":"product_brand","embeddable":true,"href":"https:\/\/gridamokykloms.lt\/en\/wp-json\/wp\/v2\/product_brand?post=6859"},{"taxonomy":"product_cat","embeddable":true,"href":"https:\/\/gridamokykloms.lt\/en\/wp-json\/wp\/v2\/product_cat?post=6859"},{"taxonomy":"product_tag","embeddable":true,"href":"https:\/\/gridamokykloms.lt\/en\/wp-json\/wp\/v2\/product_tag?post=6859"}],"curies":[{"name":"wp","href":"https:\/\/api.w.org\/{rel}","templated":true}]}}