{"id":6861,"date":"2025-08-29T10:16:39","date_gmt":"2025-08-29T10:16:39","guid":{"rendered":"https:\/\/gridamokykloms.lt\/produktas\/rinkinys-rastai-aplink-mus\/"},"modified":"2025-08-29T10:16:39","modified_gmt":"2025-08-29T10:16:39","slug":"rinkinys-rastai-aplink-mus","status":"publish","type":"product","link":"https:\/\/gridamokykloms.lt\/en\/produktas\/rinkinys-rastai-aplink-mus\/","title":{"rendered":"Rinkinys &#8220;Ra\u0161tai aplink mus&#8221;"},"content":{"rendered":"<p>\u0160is ugdomasis rinkinys skirtas ikimokyklinio am\u017eiaus vaikams ir leid\u017eia atrasti ra\u0161t\u0173 pasaul\u012f naudojant kasdienius objektus bei nat\u016bralius pavyzd\u017eius. Vaikai r\u016b\u0161iuoja kriaukles, ie\u0161ko ra\u0161t\u0173 gamtoje, kuria spalvingas formas, tyrin\u0117ja paros, met\u0173 laik\u0173 bei gyvenimo ciklus. U\u017esi\u0117mim\u0173 metu jie stebi dangaus k\u016bnus, aptaria m\u0117nulio fazes ir net kuria \u201e\u017evaig\u017ed\u017ei\u0173 \u017eem\u0117lapius\u201c. Rinkinys skirtas ugdyti pa\u017eintinius, socialinius ir k\u016brybinius \u012fg\u016bd\u017eius, taip pat padeda susipa\u017einti su gamtos mokslais, in\u017einerijos principais, skai\u010diavimu bei form\u0173 atpa\u017einimu. Komplektas pritaikytas 24 vaik\u0173 grupei ir apima mokytojo vadov\u0105 bei vis\u0105 reikaling\u0105 \u012frang\u0105.<\/p>\n","protected":false},"excerpt":{"rendered":"<p>Ugdomasis rinkinys ikimokyklinio am\u017eiaus vaikams padedantis tyrin\u0117ti ra\u0161tus gamtoje, kasdien\u0117je veikloje ir dangaus k\u016bnuose.<\/p>\n","protected":false},"featured_media":6862,"comment_status":"open","ping_status":"closed","template":"","meta":{"_acf_changed":false},"product_brand":[],"product_cat":[298],"product_tag":[],"class_list":{"0":"post-6861","1":"product","2":"type-product","3":"status-publish","4":"has-post-thumbnail","6":"product_cat-carolina","8":"first","9":"instock","10":"taxable","11":"shipping-taxable","12":"purchasable","13":"product-type-simple"},"acf":[],"_links":{"self":[{"href":"https:\/\/gridamokykloms.lt\/en\/wp-json\/wp\/v2\/product\/6861","targetHints":{"allow":["GET"]}}],"collection":[{"href":"https:\/\/gridamokykloms.lt\/en\/wp-json\/wp\/v2\/product"}],"about":[{"href":"https:\/\/gridamokykloms.lt\/en\/wp-json\/wp\/v2\/types\/product"}],"replies":[{"embeddable":true,"href":"https:\/\/gridamokykloms.lt\/en\/wp-json\/wp\/v2\/comments?post=6861"}],"wp:featuredmedia":[{"embeddable":true,"href":"https:\/\/gridamokykloms.lt\/en\/wp-json\/wp\/v2\/media\/6862"}],"wp:attachment":[{"href":"https:\/\/gridamokykloms.lt\/en\/wp-json\/wp\/v2\/media?parent=6861"}],"wp:term":[{"taxonomy":"product_brand","embeddable":true,"href":"https:\/\/gridamokykloms.lt\/en\/wp-json\/wp\/v2\/product_brand?post=6861"},{"taxonomy":"product_cat","embeddable":true,"href":"https:\/\/gridamokykloms.lt\/en\/wp-json\/wp\/v2\/product_cat?post=6861"},{"taxonomy":"product_tag","embeddable":true,"href":"https:\/\/gridamokykloms.lt\/en\/wp-json\/wp\/v2\/product_tag?post=6861"}],"curies":[{"name":"wp","href":"https:\/\/api.w.org\/{rel}","templated":true}]}}