{"id":6863,"date":"2025-08-29T10:16:39","date_gmt":"2025-08-29T10:16:39","guid":{"rendered":"https:\/\/gridamokykloms.lt\/produktas\/rinkinys-augalu-pazinimas\/"},"modified":"2025-08-29T10:16:39","modified_gmt":"2025-08-29T10:16:39","slug":"rinkinys-augalu-pazinimas","status":"publish","type":"product","link":"https:\/\/gridamokykloms.lt\/en\/produktas\/rinkinys-augalu-pazinimas\/","title":{"rendered":"Rinkinys &#8220;Augal\u0173 pa\u017einimas&#8221;"},"content":{"rendered":"<p>\u0160is rinkinys leid\u017eia vaikams prakti\u0161kai tyrin\u0117ti ko reikia augalams, kad jie augt\u0173 ir vystyt\u0173si. Vaikai ap\u017ei\u016bri \u012fvairias s\u0117klas, sodina jas, stebi dygim\u0105 ir pri\u017ei\u016bri augalus viso gyvyb\u0117s ciklo metu \u2013 nuo s\u0117klos iki subrendusio augalo. U\u017esi\u0117mim\u0173 metu jie nagrin\u0117ja \u0161aknis, stiebus, lapus, \u017eiedus ir s\u0117kl\u0173 ank\u0161tis, lygina skirtingas augal\u0173 r\u016b\u0161is bei matuoja j\u0173 augimo poky\u010dius. Baigiant tem\u0105, vaikai atlieka paprastus eksperimentus klas\u0117s dar\u017ee, siekdami i\u0161siai\u0161kinti, kaip \u0161viesa, vanduo ir aplinkos s\u0105lygos veikia augal\u0173 augim\u0105. Rinkinys pritaikytas iki 24 mokini\u0173 grupei.<\/p>\n","protected":false},"excerpt":{"rendered":"<p>Ugdomasis rinkinys padedantis vaikams tyrin\u0117ti augalus, j\u0173 dalis, augimo s\u0105lygas ir gyvyb\u0117s cikl\u0105.<\/p>\n","protected":false},"featured_media":6864,"comment_status":"open","ping_status":"closed","template":"","meta":{"_acf_changed":false},"product_brand":[],"product_cat":[298],"product_tag":[],"class_list":{"0":"post-6863","1":"product","2":"type-product","3":"status-publish","4":"has-post-thumbnail","6":"product_cat-carolina","8":"first","9":"instock","10":"taxable","11":"shipping-taxable","12":"purchasable","13":"product-type-simple"},"acf":[],"_links":{"self":[{"href":"https:\/\/gridamokykloms.lt\/en\/wp-json\/wp\/v2\/product\/6863","targetHints":{"allow":["GET"]}}],"collection":[{"href":"https:\/\/gridamokykloms.lt\/en\/wp-json\/wp\/v2\/product"}],"about":[{"href":"https:\/\/gridamokykloms.lt\/en\/wp-json\/wp\/v2\/types\/product"}],"replies":[{"embeddable":true,"href":"https:\/\/gridamokykloms.lt\/en\/wp-json\/wp\/v2\/comments?post=6863"}],"wp:featuredmedia":[{"embeddable":true,"href":"https:\/\/gridamokykloms.lt\/en\/wp-json\/wp\/v2\/media\/6864"}],"wp:attachment":[{"href":"https:\/\/gridamokykloms.lt\/en\/wp-json\/wp\/v2\/media?parent=6863"}],"wp:term":[{"taxonomy":"product_brand","embeddable":true,"href":"https:\/\/gridamokykloms.lt\/en\/wp-json\/wp\/v2\/product_brand?post=6863"},{"taxonomy":"product_cat","embeddable":true,"href":"https:\/\/gridamokykloms.lt\/en\/wp-json\/wp\/v2\/product_cat?post=6863"},{"taxonomy":"product_tag","embeddable":true,"href":"https:\/\/gridamokykloms.lt\/en\/wp-json\/wp\/v2\/product_tag?post=6863"}],"curies":[{"name":"wp","href":"https:\/\/api.w.org\/{rel}","templated":true}]}}