{"id":6865,"date":"2025-08-29T10:16:39","date_gmt":"2025-08-29T10:16:39","guid":{"rendered":"https:\/\/gridamokykloms.lt\/produktas\/jegu-ir-judejimo-pazinimo-rinkiny\/"},"modified":"2025-08-29T10:16:39","modified_gmt":"2025-08-29T10:16:39","slug":"jegu-ir-judejimo-pazinimo-rinkiny","status":"publish","type":"product","link":"https:\/\/gridamokykloms.lt\/en\/produktas\/jegu-ir-judejimo-pazinimo-rinkiny\/","title":{"rendered":"J\u0117g\u0173 ir jud\u0117jimo pa\u017einimo rinkinys"},"content":{"rendered":"<p>\u201eStumk, Trauk, Jud\u0117k\u201c \u2013 rinkinys skirtas vaikams nuo 5 met\u0173 (prie\u0161mokyklinio am\u017eiaus klas\u0117ms). Per 5 pamokas (13 u\u017esi\u0117mim\u0173) vaikai tyrin\u0117ja, kas priver\u010dia daiktus jud\u0117ti, kokios j\u0117gos veikia ir kaip jos kei\u010dia jud\u0117jim\u0105. Pamokos strukt\u016bruotos 30 minu\u010di\u0173 trukm\u0117s u\u017esi\u0117mimams, tod\u0117l lengvai pritaikomos kasdien\u0117je veikloje.<\/p>\n","protected":false},"excerpt":{"rendered":"<p>Interaktyvus mokomasis rinkinys skirtas vaikams tyrin\u0117ti jud\u0117jim\u0105 ir j\u0117gas per praktinius bandymus.<\/p>\n","protected":false},"featured_media":6866,"comment_status":"open","ping_status":"closed","template":"","meta":{"_acf_changed":false},"product_brand":[],"product_cat":[298],"product_tag":[],"class_list":{"0":"post-6865","1":"product","2":"type-product","3":"status-publish","4":"has-post-thumbnail","6":"product_cat-carolina","8":"first","9":"instock","10":"taxable","11":"shipping-taxable","12":"purchasable","13":"product-type-simple"},"acf":[],"_links":{"self":[{"href":"https:\/\/gridamokykloms.lt\/en\/wp-json\/wp\/v2\/product\/6865","targetHints":{"allow":["GET"]}}],"collection":[{"href":"https:\/\/gridamokykloms.lt\/en\/wp-json\/wp\/v2\/product"}],"about":[{"href":"https:\/\/gridamokykloms.lt\/en\/wp-json\/wp\/v2\/types\/product"}],"replies":[{"embeddable":true,"href":"https:\/\/gridamokykloms.lt\/en\/wp-json\/wp\/v2\/comments?post=6865"}],"wp:featuredmedia":[{"embeddable":true,"href":"https:\/\/gridamokykloms.lt\/en\/wp-json\/wp\/v2\/media\/6866"}],"wp:attachment":[{"href":"https:\/\/gridamokykloms.lt\/en\/wp-json\/wp\/v2\/media?parent=6865"}],"wp:term":[{"taxonomy":"product_brand","embeddable":true,"href":"https:\/\/gridamokykloms.lt\/en\/wp-json\/wp\/v2\/product_brand?post=6865"},{"taxonomy":"product_cat","embeddable":true,"href":"https:\/\/gridamokykloms.lt\/en\/wp-json\/wp\/v2\/product_cat?post=6865"},{"taxonomy":"product_tag","embeddable":true,"href":"https:\/\/gridamokykloms.lt\/en\/wp-json\/wp\/v2\/product_tag?post=6865"}],"curies":[{"name":"wp","href":"https:\/\/api.w.org\/{rel}","templated":true}]}}