{"id":6867,"date":"2025-08-29T10:16:39","date_gmt":"2025-08-29T10:16:39","guid":{"rendered":"https:\/\/gridamokykloms.lt\/produktas\/pazintinis-rinkinys-gyvi-organizmai-ir-ju-poreikiai\/"},"modified":"2025-08-29T10:16:39","modified_gmt":"2025-08-29T10:16:39","slug":"pazintinis-rinkinys-gyvi-organizmai-ir-ju-poreikiai","status":"publish","type":"product","link":"https:\/\/gridamokykloms.lt\/en\/produktas\/pazintinis-rinkinys-gyvi-organizmai-ir-ju-poreikiai\/","title":{"rendered":"Pa\u017eintinis rinkinys &#8220;Gyvi organizmai ir j\u0173 poreikiai&#8221;"},"content":{"rendered":"<p>\u201eGyvi organizmai ir j\u0173 poreikiai\u201c \u2013 tai mokomasis rinkinys, skirtas prie\u0161mokyklinio am\u017eiaus vaikams. Jo tikslas \u2013 pad\u0117ti vaikams tyrin\u0117ti ir suprasti, ko reikia augalams ir gyv\u016bnams gyvybei palaikyti.<\/p>\n<p>Rinkin\u012f sudaro priemon\u0117s praktiniams tyrimams mokymuisi klas\u0117je. Pamokos strukt\u016bruotos taip, kad lengvai tilpt\u0173 \u012f kasdien\u0119 veikl\u0105 ir skatint\u0173 aktyv\u0173 dalyvavim\u0105 bei steb\u0117jim\u0105.<\/p>\n","protected":false},"excerpt":{"rendered":"<p>Rinkinys skirtas vaikams, kuriame tyrin\u0117jama ko reikia augalams ir gyv\u016bnams, kad jie i\u0161gyvent\u0173.<\/p>\n","protected":false},"featured_media":6868,"comment_status":"open","ping_status":"closed","template":"","meta":{"_acf_changed":false},"product_brand":[],"product_cat":[298],"product_tag":[],"class_list":{"0":"post-6867","1":"product","2":"type-product","3":"status-publish","4":"has-post-thumbnail","6":"product_cat-carolina","8":"first","9":"instock","10":"taxable","11":"shipping-taxable","12":"purchasable","13":"product-type-simple"},"acf":[],"_links":{"self":[{"href":"https:\/\/gridamokykloms.lt\/en\/wp-json\/wp\/v2\/product\/6867","targetHints":{"allow":["GET"]}}],"collection":[{"href":"https:\/\/gridamokykloms.lt\/en\/wp-json\/wp\/v2\/product"}],"about":[{"href":"https:\/\/gridamokykloms.lt\/en\/wp-json\/wp\/v2\/types\/product"}],"replies":[{"embeddable":true,"href":"https:\/\/gridamokykloms.lt\/en\/wp-json\/wp\/v2\/comments?post=6867"}],"wp:featuredmedia":[{"embeddable":true,"href":"https:\/\/gridamokykloms.lt\/en\/wp-json\/wp\/v2\/media\/6868"}],"wp:attachment":[{"href":"https:\/\/gridamokykloms.lt\/en\/wp-json\/wp\/v2\/media?parent=6867"}],"wp:term":[{"taxonomy":"product_brand","embeddable":true,"href":"https:\/\/gridamokykloms.lt\/en\/wp-json\/wp\/v2\/product_brand?post=6867"},{"taxonomy":"product_cat","embeddable":true,"href":"https:\/\/gridamokykloms.lt\/en\/wp-json\/wp\/v2\/product_cat?post=6867"},{"taxonomy":"product_tag","embeddable":true,"href":"https:\/\/gridamokykloms.lt\/en\/wp-json\/wp\/v2\/product_tag?post=6867"}],"curies":[{"name":"wp","href":"https:\/\/api.w.org\/{rel}","templated":true}]}}