{"id":6871,"date":"2025-08-22T15:59:00","date_gmt":"2025-08-22T15:59:00","guid":{"rendered":"https:\/\/gridamokykloms.lt\/produktas\/zioxi-produktu-katalogas-c22\/"},"modified":"2025-08-22T15:59:00","modified_gmt":"2025-08-22T15:59:00","slug":"zioxi-produktu-katalogas-c22","status":"publish","type":"product","link":"https:\/\/gridamokykloms.lt\/en\/produktas\/zioxi-produktu-katalogas-c22\/","title":{"rendered":"Zioxi produkt\u0173 katalogas C22"},"content":{"rendered":"<p>\u201eZioxi\u201c projektuoja ir gamina novatori\u0161kus, pa\u017eangius ir sujungtus baldus, kurie skland\u017eiai integruojasi su technologijomis. Mums patinka spr\u0119sti problemas per dizain\u0105, kuriant \u012fkvepian\u010dius produktus, kurie gali b\u016bti naudojami prakti\u0161k\u0173, bet nuostabi\u0173, daugiafunkcini\u0173 erdvi\u0173 k\u016brimui.<\/p>\n","protected":false},"excerpt":{"rendered":"<p>\u201eZioxi\u201c projektuoja ir gamina novatori\u0161kus, pa\u017eangius ir sujungtus baldus, kurie skland\u017eiai integruojasi su technologijomis.<\/p>\n","protected":false},"featured_media":6874,"comment_status":"closed","ping_status":"closed","template":"","meta":{"_acf_changed":false},"product_brand":[],"product_cat":[272],"product_tag":[],"class_list":{"0":"post-6871","1":"product","2":"type-product","3":"status-publish","4":"has-post-thumbnail","6":"product_cat-katalogai","8":"first","9":"instock","10":"virtual","11":"purchasable","12":"product-type-simple"},"acf":[],"_links":{"self":[{"href":"https:\/\/gridamokykloms.lt\/en\/wp-json\/wp\/v2\/product\/6871","targetHints":{"allow":["GET"]}}],"collection":[{"href":"https:\/\/gridamokykloms.lt\/en\/wp-json\/wp\/v2\/product"}],"about":[{"href":"https:\/\/gridamokykloms.lt\/en\/wp-json\/wp\/v2\/types\/product"}],"replies":[{"embeddable":true,"href":"https:\/\/gridamokykloms.lt\/en\/wp-json\/wp\/v2\/comments?post=6871"}],"wp:featuredmedia":[{"embeddable":true,"href":"https:\/\/gridamokykloms.lt\/en\/wp-json\/wp\/v2\/media\/6874"}],"wp:attachment":[{"href":"https:\/\/gridamokykloms.lt\/en\/wp-json\/wp\/v2\/media?parent=6871"}],"wp:term":[{"taxonomy":"product_brand","embeddable":true,"href":"https:\/\/gridamokykloms.lt\/en\/wp-json\/wp\/v2\/product_brand?post=6871"},{"taxonomy":"product_cat","embeddable":true,"href":"https:\/\/gridamokykloms.lt\/en\/wp-json\/wp\/v2\/product_cat?post=6871"},{"taxonomy":"product_tag","embeddable":true,"href":"https:\/\/gridamokykloms.lt\/en\/wp-json\/wp\/v2\/product_tag?post=6871"}],"curies":[{"name":"wp","href":"https:\/\/api.w.org\/{rel}","templated":true}]}}