{"id":6872,"date":"2025-08-22T15:56:35","date_gmt":"2025-08-22T15:56:35","guid":{"rendered":"https:\/\/gridamokykloms.lt\/produktas\/uts-katalogas\/"},"modified":"2025-08-22T15:56:35","modified_gmt":"2025-08-22T15:56:35","slug":"uts-katalogas","status":"publish","type":"product","link":"https:\/\/gridamokykloms.lt\/en\/produktas\/uts-katalogas\/","title":{"rendered":"UTS katalogas"},"content":{"rendered":"<p>iSandBOX yra interaktyvi sm\u0117lio d\u0117\u017e\u0117, kuri sm\u0117lio pavir\u0161i\u0173 paver\u010dia spalvinga 3D \u017eaidim\u0173 aik\u0161tele, reaguojan\u010dia \u012f kiekvien\u0105 \u017eaid\u0117jo judes\u012f. iSandBOX naudotojai \u017eaid\u017eia ir mokosi visatoje, kuri\u0105 patys kuria ir formuoja savo rankomis. iSandBox programin\u0117 \u012franga apima 36 interaktyvius re\u017eimus, skirtus \u0161vietimui, pramogoms ir poilsiui.<\/p>\n","protected":false},"excerpt":{"rendered":"<p>iSandBOX yra interaktyvi sm\u0117lio d\u0117\u017e\u0117, kuri sm\u0117lio pavir\u0161i\u0173 paver\u010dia spalvinga 3D \u017eaidim\u0173 aik\u0161tele, reaguojan\u010dia \u012f kiekvien\u0105 \u017eaid\u0117jo judes\u012f.<\/p>\n","protected":false},"featured_media":6876,"comment_status":"closed","ping_status":"closed","template":"","meta":{"_acf_changed":false},"product_brand":[],"product_cat":[272],"product_tag":[],"class_list":{"0":"post-6872","1":"product","2":"type-product","3":"status-publish","4":"has-post-thumbnail","6":"product_cat-katalogai","8":"first","9":"instock","10":"virtual","11":"purchasable","12":"product-type-simple"},"acf":[],"_links":{"self":[{"href":"https:\/\/gridamokykloms.lt\/en\/wp-json\/wp\/v2\/product\/6872","targetHints":{"allow":["GET"]}}],"collection":[{"href":"https:\/\/gridamokykloms.lt\/en\/wp-json\/wp\/v2\/product"}],"about":[{"href":"https:\/\/gridamokykloms.lt\/en\/wp-json\/wp\/v2\/types\/product"}],"replies":[{"embeddable":true,"href":"https:\/\/gridamokykloms.lt\/en\/wp-json\/wp\/v2\/comments?post=6872"}],"wp:featuredmedia":[{"embeddable":true,"href":"https:\/\/gridamokykloms.lt\/en\/wp-json\/wp\/v2\/media\/6876"}],"wp:attachment":[{"href":"https:\/\/gridamokykloms.lt\/en\/wp-json\/wp\/v2\/media?parent=6872"}],"wp:term":[{"taxonomy":"product_brand","embeddable":true,"href":"https:\/\/gridamokykloms.lt\/en\/wp-json\/wp\/v2\/product_brand?post=6872"},{"taxonomy":"product_cat","embeddable":true,"href":"https:\/\/gridamokykloms.lt\/en\/wp-json\/wp\/v2\/product_cat?post=6872"},{"taxonomy":"product_tag","embeddable":true,"href":"https:\/\/gridamokykloms.lt\/en\/wp-json\/wp\/v2\/product_tag?post=6872"}],"curies":[{"name":"wp","href":"https:\/\/api.w.org\/{rel}","templated":true}]}}