{"id":6910,"date":"2025-08-05T13:47:16","date_gmt":"2025-08-05T13:47:16","guid":{"rendered":"https:\/\/gridamokykloms.lt\/produktas\/unimat-ml-dizaino-ir-technologiju-edukacinis-rinkinys\/"},"modified":"2025-08-05T13:47:16","modified_gmt":"2025-08-05T13:47:16","slug":"unimat-ml-dizaino-ir-technologiju-edukacinis-rinkinys","status":"publish","type":"product","link":"https:\/\/gridamokykloms.lt\/en\/produktas\/unimat-ml-dizaino-ir-technologiju-edukacinis-rinkinys\/","title":{"rendered":"UNIMAT ML dizaino ir technologij\u0173 edukacinis rinkinys"},"content":{"rendered":"<p>UNIMAT ML dizaino ir technologij\u0173 edukacinis rinkinys \u2013 tai profesionalus, vaikams saugus \u012franki\u0173 komplektas i\u0161 tvirtos MetalLine konstrukcijos, sukurtas intensyviam ir ilgalaikiam naudojimui. Idealiai tinka mokini\u0173 tyrim\u0173 centrams, k\u016brybin\u0117ms dirbtuv\u0117ms ir technologij\u0173 pamokoms.<\/p>\n<p>Rinkinys leid\u017eia sukomplektuoti \u0161ias ma\u0161inas:<\/p>\n<p>Pj\u016bklelis su trumpaeigiu, vaikams saugiu mechanizmu<br \/>\nTekinimo stakl\u0117s<br \/>\nRankinis gr\u0105\u017etas ir rankinis \u0161lifuoklis<br \/>\nStacionarus \u0161lifuoklis<\/p>\n<p>Saugumas ir tikslumas:<br \/>\nTrumpaeig\u0117 pj\u016bklo technologija u\u017etikrina, kad net ir palietus od\u0105, ji nebus su\u017eeista \u2013 oda tik vibruoja kartu su a\u0161menimis.<br \/>\nTinka pjauti: faner\u0105 (iki 7 mm), balzos medien\u0105 (iki 20 mm), plastik\u0105 ir plonus spalvotuosius metalus.<br \/>\nGalima pjauti vidines formas neperstatant ruo\u0161inio.<br \/>\nPridedami dviej\u0173 stori\u0173 pj\u016bklo a\u0161menys.<\/p>\n<p>Techniniai duomenys:<\/p>\n<p>Variklis: 12 V DC, 20 000 aps.\/min<br \/>\nStumdomasis atraminis stovas: eiga 145 mm<br \/>\nGalinis atraminis centras: besisukantis<br \/>\nAtstumas tarp centr\u0173 (medienai): 140 mm<br \/>\nApdirbamo ruo\u0161inio skersmuo (medienai): iki 50 mm<br \/>\nMaitinimo adapteris: 110\u2013240 V, 50\/60 Hz, 14 V, 2 A<\/p>\n","protected":false},"excerpt":{"rendered":"<p>Modulinis, vaikams saugus ir ilgaam\u017eis \u012franki\u0173 rinkinys techniniam ugdymui mokyklose ir dirbtuv\u0117se.<\/p>\n","protected":false},"featured_media":6911,"comment_status":"open","ping_status":"closed","template":"","meta":{"_acf_changed":false},"product_brand":[],"product_cat":[296],"product_tag":[],"class_list":{"0":"post-6910","1":"product","2":"type-product","3":"status-publish","4":"has-post-thumbnail","6":"product_cat-medzio-apdirbimo-iranga","8":"first","9":"instock","10":"taxable","11":"shipping-taxable","12":"purchasable","13":"product-type-simple"},"acf":[],"_links":{"self":[{"href":"https:\/\/gridamokykloms.lt\/en\/wp-json\/wp\/v2\/product\/6910","targetHints":{"allow":["GET"]}}],"collection":[{"href":"https:\/\/gridamokykloms.lt\/en\/wp-json\/wp\/v2\/product"}],"about":[{"href":"https:\/\/gridamokykloms.lt\/en\/wp-json\/wp\/v2\/types\/product"}],"replies":[{"embeddable":true,"href":"https:\/\/gridamokykloms.lt\/en\/wp-json\/wp\/v2\/comments?post=6910"}],"wp:featuredmedia":[{"embeddable":true,"href":"https:\/\/gridamokykloms.lt\/en\/wp-json\/wp\/v2\/media\/6911"}],"wp:attachment":[{"href":"https:\/\/gridamokykloms.lt\/en\/wp-json\/wp\/v2\/media?parent=6910"}],"wp:term":[{"taxonomy":"product_brand","embeddable":true,"href":"https:\/\/gridamokykloms.lt\/en\/wp-json\/wp\/v2\/product_brand?post=6910"},{"taxonomy":"product_cat","embeddable":true,"href":"https:\/\/gridamokykloms.lt\/en\/wp-json\/wp\/v2\/product_cat?post=6910"},{"taxonomy":"product_tag","embeddable":true,"href":"https:\/\/gridamokykloms.lt\/en\/wp-json\/wp\/v2\/product_tag?post=6910"}],"curies":[{"name":"wp","href":"https:\/\/api.w.org\/{rel}","templated":true}]}}