{"id":6912,"date":"2025-08-05T13:47:16","date_gmt":"2025-08-05T13:47:16","guid":{"rendered":"https:\/\/gridamokykloms.lt\/produktas\/unimat-1-vidurinio-ugdymo-rinkinys\/"},"modified":"2025-08-05T13:47:16","modified_gmt":"2025-08-05T13:47:16","slug":"unimat-1-vidurinio-ugdymo-rinkinys","status":"publish","type":"product","link":"https:\/\/gridamokykloms.lt\/en\/produktas\/unimat-1-vidurinio-ugdymo-rinkinys\/","title":{"rendered":"UNIMAT 1 vidurinio ugdymo rinkinys"},"content":{"rendered":"<p>UNIMAT 1 vidurinio ugdymo rinkinys \u2013 tai pa\u017eengusi, i\u0161pl\u0117sta \u201eUNIMAT\u201c vidurinio ugdymo rinkinio versija, skirta mokiniams nuo 12 met\u0173. Sukurtas specialiai technologij\u0173 pamokoms, k\u016brybin\u0117ms dirbtuv\u0117ms, popamokin\u0117ms veikloms ir projektiniam ugdymui.<\/p>\n<p>Bazinis komplektas (medienai):<br \/>\nTekinimo stakl\u0117s<br \/>\nPj\u016bklelis<br \/>\n\u0160lifavimo stakl\u0117s<br \/>\nRankinis gr\u0105\u017etas<\/p>\n<p>Papildoma \u012franga (viduriniam ir techniniam lavinimui):<\/p>\n<p>Metalo tekinimo stakl\u0117s<br \/>\nHorizontalios frezavimo stakl\u0117s<br \/>\nGr\u0119\u017eimo stakl\u0117s<br \/>\nVertikalios frezavimo stakl\u0117s<\/p>\n<p>Rinkin\u012f sudaro visos dalys \u0161i\u0173 ma\u0161in\u0173 surinkimui:<\/p>\n<p>3 a\u0161i\u0173 frezavimo stakl\u0117s (vertikalios arba horizontalios)<br \/>\nMetalo tekinimo stakl\u0117s<br \/>\nGr\u0119\u017eimo stakl\u0117s<br \/>\nMedienos tekinimo stakl\u0117s<br \/>\nPj\u016bklelis<br \/>\n\u0160lifavimo stakl\u0117s<br \/>\nRankinis gr\u0105\u017etas arba rankinis \u0161lifuoklis<\/p>\n<p>Taip pat pridedama:<\/p>\n<p>Saugus transformatorius: 14 V \/ 100\u2013240 V<br \/>\nMedienos tekinimo \u012frankiai<br \/>\n\u012evair\u016bs rankiniai \u012frankiai ir gr\u0105\u017etai<br \/>\nTekinimo stakli\u0173 pjovimo \u012frankiai<br \/>\n\u0160vitrinis popierius<br \/>\nTvirtinimo laikikliai ir montavimo plok\u0161t\u0117s<br \/>\nGr\u0119\u017eimo stalas<\/p>\n","protected":false},"excerpt":{"rendered":"<p>Modulinis techninio ugdymo rinkinys 12+ m. mokiniams \u2013 darbui su mediena, metalu ir plastiku.<\/p>\n","protected":false},"featured_media":6913,"comment_status":"open","ping_status":"closed","template":"","meta":{"_acf_changed":false},"product_brand":[],"product_cat":[296],"product_tag":[],"class_list":{"0":"post-6912","1":"product","2":"type-product","3":"status-publish","4":"has-post-thumbnail","6":"product_cat-medzio-apdirbimo-iranga","8":"first","9":"instock","10":"taxable","11":"shipping-taxable","12":"purchasable","13":"product-type-simple"},"acf":[],"_links":{"self":[{"href":"https:\/\/gridamokykloms.lt\/en\/wp-json\/wp\/v2\/product\/6912","targetHints":{"allow":["GET"]}}],"collection":[{"href":"https:\/\/gridamokykloms.lt\/en\/wp-json\/wp\/v2\/product"}],"about":[{"href":"https:\/\/gridamokykloms.lt\/en\/wp-json\/wp\/v2\/types\/product"}],"replies":[{"embeddable":true,"href":"https:\/\/gridamokykloms.lt\/en\/wp-json\/wp\/v2\/comments?post=6912"}],"wp:featuredmedia":[{"embeddable":true,"href":"https:\/\/gridamokykloms.lt\/en\/wp-json\/wp\/v2\/media\/6913"}],"wp:attachment":[{"href":"https:\/\/gridamokykloms.lt\/en\/wp-json\/wp\/v2\/media?parent=6912"}],"wp:term":[{"taxonomy":"product_brand","embeddable":true,"href":"https:\/\/gridamokykloms.lt\/en\/wp-json\/wp\/v2\/product_brand?post=6912"},{"taxonomy":"product_cat","embeddable":true,"href":"https:\/\/gridamokykloms.lt\/en\/wp-json\/wp\/v2\/product_cat?post=6912"},{"taxonomy":"product_tag","embeddable":true,"href":"https:\/\/gridamokykloms.lt\/en\/wp-json\/wp\/v2\/product_tag?post=6912"}],"curies":[{"name":"wp","href":"https:\/\/api.w.org\/{rel}","templated":true}]}}