{"id":6914,"date":"2025-08-05T13:47:16","date_gmt":"2025-08-05T13:47:16","guid":{"rendered":"https:\/\/gridamokykloms.lt\/produktas\/unimat-ml-technics-metalo-apdirbimo-rinkinys\/"},"modified":"2025-08-05T13:47:16","modified_gmt":"2025-08-05T13:47:16","slug":"unimat-ml-technics-metalo-apdirbimo-rinkinys","status":"publish","type":"product","link":"https:\/\/gridamokykloms.lt\/en\/produktas\/unimat-ml-technics-metalo-apdirbimo-rinkinys\/","title":{"rendered":"UNIMAT ML Technics \u2013 metalo apdirbimo rinkinys"},"content":{"rendered":"<p>UNIMAT ML Technics rinkinys \u2013 tai pa\u017eangus techninio ugdymo sprendimas, sukurtas specialiai darbui su metalu. Idealiai tinka technologij\u0173 pamokoms, mokomosioms dirbtuv\u0117ms bei ankstyvam profesiniam orientavimui. Rinkinys skirtas mokiniams nuo 12 met\u0173.<\/p>\n<p>MetalLine \u012frenginiai pasi\u017eymi ypa\u010d tvirta konstrukcija ir tikslumu, b\u016bdingu profesionaliai \u012frangai.<br \/>\nLeid\u017eia atlikti tikslius reguliavimus darbo metu<\/p>\n<p>Modulin\u0117 konstrukcija \u2013 lankstus pritaikymas<br \/>\nKaip ir kiti UNIMAT rinkiniai, \u0161is komplektas pagr\u012fstas moduline sistema.<br \/>\nPagrindin\u0117s stakl\u0117s \u2013 tekinimo, frezavimo ir gr\u0119\u017eimo \u2013 lengvai rekonstruojamos atliekant greitus pakeitimus.<\/p>\n<p>Komplektacija:<\/p>\n<p>Rinkinio pagalba galima surinkti \u0161ias ma\u0161inas:<br \/>\nTekinimo stakl\u0117s<br \/>\nHorizontalios frezavimo stakl\u0117s<br \/>\nVertikalios gr\u0119\u017eimo\/frezavimo stakl\u0117s<br \/>\nMedienos tekinimo stakl\u0117s<br \/>\nCentravimo gr\u0105\u017etas<br \/>\nPj\u016bklelis<br \/>\n\u0160lifavimo stakl\u0117s<br \/>\nRankinis gr\u0105\u017etas\/\u0161lifuoklis<\/p>\n<p>Elektrin\u0117 dalis:<br \/>\nSaugus transformatorius 14 V<\/p>\n<p>Tvirtinimo ir fiksavimo priedai:<br \/>\nPreciziniai spaustukai<br \/>\nMontavimo plok\u0161t\u0117s<br \/>\nMontavimo laikikliai<br \/>\nPlieniniai spaustuvai<\/p>\n<p>Tekinimas ir \u0161lifavimas:<br \/>\nPreciziniai gyvieji centrai<br \/>\n\u012eranki\u0173 \u0161lifavimo \u012ftaisas<br \/>\nMed\u017eio apdirbimo rinkinys<br \/>\n10 pj\u016bkl\u0173<\/p>\n<p>Bazin\u0117 \u012franga:<br \/>\nMedienos pagrindo plok\u0161t\u0117 su neslystan\u010diu pavir\u0161iumi<br \/>\n2 mikro spaustuvai<br \/>\n\u012evair\u016bs \u012frankiai<br \/>\nApsauginiai akiniai<\/p>\n<p>Papildomai:<br \/>\nLaikymo d\u0117\u017e\u0117<br \/>\nEdukacin\u0117 metodin\u0117 med\u017eiaga<\/p>\n","protected":false},"excerpt":{"rendered":"<p>Metalo apdirbimo rinkinys mokykloms ir techniniam ugdymui nuo 12 met\u0173.<\/p>\n","protected":false},"featured_media":6915,"comment_status":"open","ping_status":"closed","template":"","meta":{"_acf_changed":false},"product_brand":[],"product_cat":[296],"product_tag":[],"class_list":{"0":"post-6914","1":"product","2":"type-product","3":"status-publish","4":"has-post-thumbnail","6":"product_cat-medzio-apdirbimo-iranga","8":"first","9":"instock","10":"taxable","11":"shipping-taxable","12":"purchasable","13":"product-type-simple"},"acf":[],"_links":{"self":[{"href":"https:\/\/gridamokykloms.lt\/en\/wp-json\/wp\/v2\/product\/6914","targetHints":{"allow":["GET"]}}],"collection":[{"href":"https:\/\/gridamokykloms.lt\/en\/wp-json\/wp\/v2\/product"}],"about":[{"href":"https:\/\/gridamokykloms.lt\/en\/wp-json\/wp\/v2\/types\/product"}],"replies":[{"embeddable":true,"href":"https:\/\/gridamokykloms.lt\/en\/wp-json\/wp\/v2\/comments?post=6914"}],"wp:featuredmedia":[{"embeddable":true,"href":"https:\/\/gridamokykloms.lt\/en\/wp-json\/wp\/v2\/media\/6915"}],"wp:attachment":[{"href":"https:\/\/gridamokykloms.lt\/en\/wp-json\/wp\/v2\/media?parent=6914"}],"wp:term":[{"taxonomy":"product_brand","embeddable":true,"href":"https:\/\/gridamokykloms.lt\/en\/wp-json\/wp\/v2\/product_brand?post=6914"},{"taxonomy":"product_cat","embeddable":true,"href":"https:\/\/gridamokykloms.lt\/en\/wp-json\/wp\/v2\/product_cat?post=6914"},{"taxonomy":"product_tag","embeddable":true,"href":"https:\/\/gridamokykloms.lt\/en\/wp-json\/wp\/v2\/product_tag?post=6914"}],"curies":[{"name":"wp","href":"https:\/\/api.w.org\/{rel}","templated":true}]}}