{"id":6916,"date":"2025-08-05T13:47:16","date_gmt":"2025-08-05T13:47:16","guid":{"rendered":"https:\/\/gridamokykloms.lt\/produktas\/unimat-ml-technics-2-rinkinys\/"},"modified":"2025-08-05T13:47:16","modified_gmt":"2025-08-05T13:47:16","slug":"unimat-ml-technics-2-rinkinys","status":"publish","type":"product","link":"https:\/\/gridamokykloms.lt\/en\/produktas\/unimat-ml-technics-2-rinkinys\/","title":{"rendered":"UNIMAT ML Technics 2 rinkinys"},"content":{"rendered":"<p>UNIMAT ML Technics 2 skirtas papildyti pagrindin\u012f UNIMAT ML Technics rinkin\u012f. \u0160is rinkinys leid\u017eia i\u0161pl\u0117sti technini\u0173 darb\u0173 galimybes, \u012frengti antr\u0105 ma\u0161in\u0105 arba transformuoti esam\u0105 \u012frengin\u012f \u012f dar sud\u0117tingesn\u0119 technin\u0119 sistem\u0105.<\/p>\n<p>Rinkinyje yra papildomi komponentai, kurie atveria naujas metalo apdirbimo galimybes:<br \/>\nAntra tekinimo galvut\u0117<br \/>\nAntras variklis<br \/>\nDantra\u010di\u0173 pjovimo priedas<br \/>\nSukamasis stalas<br \/>\nDantra\u010di\u0173 pjovimo galvut\u0117<br \/>\nFrezavimo diskinis peilis (fly cutter)<br \/>\n4 vnt. frezavimo \u012franki\u0173 rinkinys<br \/>\n5 vnt. HSS plieno tekinimo peiliuk\u0173 rinkinys<br \/>\n330 mm lovys su 2 jungiamaisiais elementais<\/p>\n<p>Naudodami \u0161\u012f rinkin\u012f galite:<br \/>\nSurinkti antr\u0105 atskir\u0105 \u012frengin\u012f (pvz., gr\u0119\u017eimo ar frezavimo stakles)<br \/>\nPatobulinti jau turim\u0105 sistem\u0105.<\/p>\n","protected":false},"excerpt":{"rendered":"<p>Papildomas rinkinys UNIMAT ML Technics sistemai.<\/p>\n","protected":false},"featured_media":0,"comment_status":"open","ping_status":"closed","template":"","meta":{"_acf_changed":false},"product_brand":[],"product_cat":[296],"product_tag":[],"class_list":{"0":"post-6916","1":"product","2":"type-product","3":"status-publish","5":"product_cat-medzio-apdirbimo-iranga","7":"first","8":"instock","9":"taxable","10":"shipping-taxable","11":"purchasable","12":"product-type-simple"},"acf":[],"_links":{"self":[{"href":"https:\/\/gridamokykloms.lt\/en\/wp-json\/wp\/v2\/product\/6916","targetHints":{"allow":["GET"]}}],"collection":[{"href":"https:\/\/gridamokykloms.lt\/en\/wp-json\/wp\/v2\/product"}],"about":[{"href":"https:\/\/gridamokykloms.lt\/en\/wp-json\/wp\/v2\/types\/product"}],"replies":[{"embeddable":true,"href":"https:\/\/gridamokykloms.lt\/en\/wp-json\/wp\/v2\/comments?post=6916"}],"wp:attachment":[{"href":"https:\/\/gridamokykloms.lt\/en\/wp-json\/wp\/v2\/media?parent=6916"}],"wp:term":[{"taxonomy":"product_brand","embeddable":true,"href":"https:\/\/gridamokykloms.lt\/en\/wp-json\/wp\/v2\/product_brand?post=6916"},{"taxonomy":"product_cat","embeddable":true,"href":"https:\/\/gridamokykloms.lt\/en\/wp-json\/wp\/v2\/product_cat?post=6916"},{"taxonomy":"product_tag","embeddable":true,"href":"https:\/\/gridamokykloms.lt\/en\/wp-json\/wp\/v2\/product_tag?post=6916"}],"curies":[{"name":"wp","href":"https:\/\/api.w.org\/{rel}","templated":true}]}}