{"id":6917,"date":"2025-08-05T13:47:16","date_gmt":"2025-08-05T13:47:16","guid":{"rendered":"https:\/\/gridamokykloms.lt\/produktas\/liepos-medienos-ruosiniai-o30-x-90-mm-30-vnt\/"},"modified":"2025-08-05T13:47:16","modified_gmt":"2025-08-05T13:47:16","slug":"liepos-medienos-ruosiniai-o30-x-90-mm-30-vnt","status":"publish","type":"product","link":"https:\/\/gridamokykloms.lt\/en\/produktas\/liepos-medienos-ruosiniai-o30-x-90-mm-30-vnt\/","title":{"rendered":"Liepos medienos ruo\u0161iniai, \u00d830 x 90 mm (30 vnt.)"},"content":{"rendered":"<p>\u0160is med\u017eiag\u0173 rinkinys apima 30 vienet\u0173 auk\u0161tos kokyb\u0117s liepos medienos ruo\u0161ini\u0173, kuri\u0173 skersmuo 30 mm, ilgis 90 mm. Kiekvienas ruo\u0161inys turi i\u0161 anksto i\u0161gr\u0119\u017et\u0105 centr\u0105, tod\u0117l j\u012f lengva tvirtinti tekinimo stakl\u0117se ar kitose apdirbimo sistemose.<\/p>\n","protected":false},"excerpt":{"rendered":"<p>Mink\u0161tos liepos medienos ruo\u0161iniai \u2013 puikiai tinka \u012fvairiems k\u016brybiniams projektams.<\/p>\n","protected":false},"featured_media":6918,"comment_status":"open","ping_status":"closed","template":"","meta":{"_acf_changed":false},"product_brand":[],"product_cat":[296],"product_tag":[],"class_list":{"0":"post-6917","1":"product","2":"type-product","3":"status-publish","4":"has-post-thumbnail","6":"product_cat-medzio-apdirbimo-iranga","8":"first","9":"instock","10":"taxable","11":"shipping-taxable","12":"purchasable","13":"product-type-simple"},"acf":[],"_links":{"self":[{"href":"https:\/\/gridamokykloms.lt\/en\/wp-json\/wp\/v2\/product\/6917","targetHints":{"allow":["GET"]}}],"collection":[{"href":"https:\/\/gridamokykloms.lt\/en\/wp-json\/wp\/v2\/product"}],"about":[{"href":"https:\/\/gridamokykloms.lt\/en\/wp-json\/wp\/v2\/types\/product"}],"replies":[{"embeddable":true,"href":"https:\/\/gridamokykloms.lt\/en\/wp-json\/wp\/v2\/comments?post=6917"}],"wp:featuredmedia":[{"embeddable":true,"href":"https:\/\/gridamokykloms.lt\/en\/wp-json\/wp\/v2\/media\/6918"}],"wp:attachment":[{"href":"https:\/\/gridamokykloms.lt\/en\/wp-json\/wp\/v2\/media?parent=6917"}],"wp:term":[{"taxonomy":"product_brand","embeddable":true,"href":"https:\/\/gridamokykloms.lt\/en\/wp-json\/wp\/v2\/product_brand?post=6917"},{"taxonomy":"product_cat","embeddable":true,"href":"https:\/\/gridamokykloms.lt\/en\/wp-json\/wp\/v2\/product_cat?post=6917"},{"taxonomy":"product_tag","embeddable":true,"href":"https:\/\/gridamokykloms.lt\/en\/wp-json\/wp\/v2\/product_tag?post=6917"}],"curies":[{"name":"wp","href":"https:\/\/api.w.org\/{rel}","templated":true}]}}