{"id":6919,"date":"2025-08-05T13:47:16","date_gmt":"2025-08-05T13:47:16","guid":{"rendered":"https:\/\/gridamokykloms.lt\/produktas\/tuopos-faneros-lakstai-a4-formato-4-mm-30-vnt\/"},"modified":"2025-08-05T13:47:16","modified_gmt":"2025-08-05T13:47:16","slug":"tuopos-faneros-lakstai-a4-formato-4-mm-30-vnt","status":"publish","type":"product","link":"https:\/\/gridamokykloms.lt\/en\/produktas\/tuopos-faneros-lakstai-a4-formato-4-mm-30-vnt\/","title":{"rendered":"Tuopos faneros lak\u0161tai A4 formato, 4 mm (30 vnt.)"},"content":{"rendered":"<p>Tuopos fanera yra lengva, stabili ir lengvai apdirbama med\u017eiaga, tod\u0117l ypa\u010d tinka modeliavimo, projektavimo ir technologij\u0173 darbams.<\/p>\n","protected":false},"excerpt":{"rendered":"<p>A4 dyd\u017eio tuopos faneros lak\u0161tai.<\/p>\n","protected":false},"featured_media":6920,"comment_status":"open","ping_status":"closed","template":"","meta":{"_acf_changed":false},"product_brand":[],"product_cat":[296],"product_tag":[],"class_list":{"0":"post-6919","1":"product","2":"type-product","3":"status-publish","4":"has-post-thumbnail","6":"product_cat-medzio-apdirbimo-iranga","8":"first","9":"instock","10":"taxable","11":"shipping-taxable","12":"purchasable","13":"product-type-simple"},"acf":[],"_links":{"self":[{"href":"https:\/\/gridamokykloms.lt\/en\/wp-json\/wp\/v2\/product\/6919","targetHints":{"allow":["GET"]}}],"collection":[{"href":"https:\/\/gridamokykloms.lt\/en\/wp-json\/wp\/v2\/product"}],"about":[{"href":"https:\/\/gridamokykloms.lt\/en\/wp-json\/wp\/v2\/types\/product"}],"replies":[{"embeddable":true,"href":"https:\/\/gridamokykloms.lt\/en\/wp-json\/wp\/v2\/comments?post=6919"}],"wp:featuredmedia":[{"embeddable":true,"href":"https:\/\/gridamokykloms.lt\/en\/wp-json\/wp\/v2\/media\/6920"}],"wp:attachment":[{"href":"https:\/\/gridamokykloms.lt\/en\/wp-json\/wp\/v2\/media?parent=6919"}],"wp:term":[{"taxonomy":"product_brand","embeddable":true,"href":"https:\/\/gridamokykloms.lt\/en\/wp-json\/wp\/v2\/product_brand?post=6919"},{"taxonomy":"product_cat","embeddable":true,"href":"https:\/\/gridamokykloms.lt\/en\/wp-json\/wp\/v2\/product_cat?post=6919"},{"taxonomy":"product_tag","embeddable":true,"href":"https:\/\/gridamokykloms.lt\/en\/wp-json\/wp\/v2\/product_tag?post=6919"}],"curies":[{"name":"wp","href":"https:\/\/api.w.org\/{rel}","templated":true}]}}