{"id":6922,"date":"2025-08-05T13:47:16","date_gmt":"2025-08-05T13:47:16","guid":{"rendered":"https:\/\/gridamokykloms.lt\/produktas\/playmake-pradinis-gamybos-rinkinys\/"},"modified":"2025-08-05T13:47:16","modified_gmt":"2025-08-05T13:47:16","slug":"playmake-pradinis-gamybos-rinkinys","status":"publish","type":"product","link":"https:\/\/gridamokykloms.lt\/en\/produktas\/playmake-pradinis-gamybos-rinkinys\/","title":{"rendered":"PLAYmake pradinis gamybos rinkinys"},"content":{"rendered":"<p>\u0160is rinkinys skirtas prad\u0117ti medini\u0173 tu\u0161inuk\u0173 gamybos projekt\u0105 \u2013 jame rasite visas reikalingas med\u017eiagas ir detales dviej\u0173 ra\u0161ikli\u0173 pagaminimui.<\/p>\n<p>Rinkin\u012f sudaro:<br \/>\nKlevo medienos ruo\u0161iniai<br \/>\nRa\u0161iklio mechanizmai ir kiti komponentai<\/p>\n","protected":false},"excerpt":{"rendered":"<p>Rinkinys dviej\u0173 medini\u0173 tu\u0161inuk\u0173 gamybai su PLAYmake 4in1 dirbtuv\u0117mis.<\/p>\n","protected":false},"featured_media":6923,"comment_status":"open","ping_status":"closed","template":"","meta":{"_acf_changed":false},"product_brand":[],"product_cat":[296],"product_tag":[],"class_list":{"0":"post-6922","1":"product","2":"type-product","3":"status-publish","4":"has-post-thumbnail","6":"product_cat-medzio-apdirbimo-iranga","8":"first","9":"instock","10":"taxable","11":"shipping-taxable","12":"purchasable","13":"product-type-simple"},"acf":[],"_links":{"self":[{"href":"https:\/\/gridamokykloms.lt\/en\/wp-json\/wp\/v2\/product\/6922","targetHints":{"allow":["GET"]}}],"collection":[{"href":"https:\/\/gridamokykloms.lt\/en\/wp-json\/wp\/v2\/product"}],"about":[{"href":"https:\/\/gridamokykloms.lt\/en\/wp-json\/wp\/v2\/types\/product"}],"replies":[{"embeddable":true,"href":"https:\/\/gridamokykloms.lt\/en\/wp-json\/wp\/v2\/comments?post=6922"}],"wp:featuredmedia":[{"embeddable":true,"href":"https:\/\/gridamokykloms.lt\/en\/wp-json\/wp\/v2\/media\/6923"}],"wp:attachment":[{"href":"https:\/\/gridamokykloms.lt\/en\/wp-json\/wp\/v2\/media?parent=6922"}],"wp:term":[{"taxonomy":"product_brand","embeddable":true,"href":"https:\/\/gridamokykloms.lt\/en\/wp-json\/wp\/v2\/product_brand?post=6922"},{"taxonomy":"product_cat","embeddable":true,"href":"https:\/\/gridamokykloms.lt\/en\/wp-json\/wp\/v2\/product_cat?post=6922"},{"taxonomy":"product_tag","embeddable":true,"href":"https:\/\/gridamokykloms.lt\/en\/wp-json\/wp\/v2\/product_tag?post=6922"}],"curies":[{"name":"wp","href":"https:\/\/api.w.org\/{rel}","templated":true}]}}