{"id":6928,"date":"2025-08-05T13:47:15","date_gmt":"2025-08-05T13:47:15","guid":{"rendered":"https:\/\/gridamokykloms.lt\/produktas\/xgo-roboto-programavimo-rinkinys-be-microbit-plokstes\/"},"modified":"2025-08-05T13:47:15","modified_gmt":"2025-08-05T13:47:15","slug":"xgo-roboto-programavimo-rinkinys-be-microbit-plokstes","status":"publish","type":"product","link":"https:\/\/gridamokykloms.lt\/en\/produktas\/xgo-roboto-programavimo-rinkinys-be-microbit-plokstes\/","title":{"rendered":"XGO Roboto programavimo rinkinys (be micro:bit plok\u0161t\u0117s)"},"content":{"rendered":"<p>XGO Roboto programavimo rinkinys (be micro:bit plok\u0161t\u0117s) \u2013 tai dirbtinio intelekto edukacijai skirtas robotas-\u0161uo su 12 DOF. Sukurtas paaugliams, \u0161is robotas palaiko visakrypt\u012f jud\u0117jim\u0105 ir geba elgtis kaip tikras augintinis. Naudodamiesi \u0161iuo rinkiniu, mokiniai susipa\u017e\u012fsta su mechanikos principais, elektronikos pagrindais, programavimu bei AI technologijomis per k\u016brybi\u0161k\u0105 ir praktin\u012f mokym\u0105si. Tai puiki priemon\u0117 lavinti technologinius \u012fg\u016bd\u017eius ir gilinti supratim\u0105 apie i\u0161mani\u0105sias sistemas.<\/p>\n<p>Pastaba: micro:bit plok\u0161t\u0117 \u012f rinkin\u012f ne\u012ftraukta.<\/p>\n","protected":false},"excerpt":{"rendered":"<p>Pa\u017eangus keturkojis AI robotas, skirtas dirbtinio intelekto ir programavimo mokymuisi.<\/p>\n","protected":false},"featured_media":6930,"comment_status":"open","ping_status":"closed","template":"","meta":{"_acf_changed":false},"product_brand":[300],"product_cat":[294],"product_tag":[],"class_list":{"0":"post-6928","1":"product","2":"type-product","3":"status-publish","4":"has-post-thumbnail","6":"product_brand-microbit","7":"product_cat-robotika","9":"first","10":"instock","11":"taxable","12":"shipping-taxable","13":"purchasable","14":"product-type-simple"},"acf":[],"_links":{"self":[{"href":"https:\/\/gridamokykloms.lt\/en\/wp-json\/wp\/v2\/product\/6928","targetHints":{"allow":["GET"]}}],"collection":[{"href":"https:\/\/gridamokykloms.lt\/en\/wp-json\/wp\/v2\/product"}],"about":[{"href":"https:\/\/gridamokykloms.lt\/en\/wp-json\/wp\/v2\/types\/product"}],"replies":[{"embeddable":true,"href":"https:\/\/gridamokykloms.lt\/en\/wp-json\/wp\/v2\/comments?post=6928"}],"wp:featuredmedia":[{"embeddable":true,"href":"https:\/\/gridamokykloms.lt\/en\/wp-json\/wp\/v2\/media\/6930"}],"wp:attachment":[{"href":"https:\/\/gridamokykloms.lt\/en\/wp-json\/wp\/v2\/media?parent=6928"}],"wp:term":[{"taxonomy":"product_brand","embeddable":true,"href":"https:\/\/gridamokykloms.lt\/en\/wp-json\/wp\/v2\/product_brand?post=6928"},{"taxonomy":"product_cat","embeddable":true,"href":"https:\/\/gridamokykloms.lt\/en\/wp-json\/wp\/v2\/product_cat?post=6928"},{"taxonomy":"product_tag","embeddable":true,"href":"https:\/\/gridamokykloms.lt\/en\/wp-json\/wp\/v2\/product_tag?post=6928"}],"curies":[{"name":"wp","href":"https:\/\/api.w.org\/{rel}","templated":true}]}}