{"id":6929,"date":"2025-08-05T13:47:15","date_gmt":"2025-08-05T13:47:15","guid":{"rendered":"https:\/\/gridamokykloms.lt\/produktas\/microbit-v2-2-plokste\/"},"modified":"2025-08-05T13:47:15","modified_gmt":"2025-08-05T13:47:15","slug":"microbit-v2-2-plokste","status":"publish","type":"product","link":"https:\/\/gridamokykloms.lt\/en\/produktas\/microbit-v2-2-plokste\/","title":{"rendered":"micro:bit V2.2 plok\u0161t\u0117"},"content":{"rendered":"<p>ELECFREAKS micro:bit V2.2 \u2013 tai naujausia vis\u0173 pam\u0117gto delno dyd\u017eio mikrokompiuterio versija, sukurta siekiant \u012ftraukti vaikus \u012f programavim\u0105 ir k\u016brybin\u012f technologij\u0173 pritaikym\u0105. V2.2 modelis i\u0161laiko originalo form\u0105 ir veikimo princip\u0105, tod\u0117l yra visi\u0161kai suderinamas su ankstesn\u0117mis versijomis. Naudodamiesi intuityviais redagavimo \u012frankiais, tokiais kaip MakeCode ar Python, moksleiviai gali kurti savo programas, perkelti jas \u012f micro:bit per USB jungt\u012f ir akimirksniu i\u0161bandyti.<\/p>\n<p>\u0160i versija pasi\u017eymi tokiomis funkcijomis kaip integruotas garsiakalbis, MEMS mikrofonas su LED indikatorius, prisilietimui jautrus logotipas, akselerometras, kompasas, LED ekranas ir dar daugiau. Ji taip pat palaiko \u201eBluetooth Low Energy\u201c, radijo ry\u0161\u012f, serijin\u012f perdavim\u0105 ir turi 25 kontakt\u0173 kra\u0161tin\u0119 jungt\u012f i\u0161oriniams komponentams. \u012emontuotas energijos valdymas leid\u017eia naudoti micro:bit su baterijomis ir i\u0161jungti j\u012f energijos taupymui. Tai universalus \u012frankis edukacijai ir k\u016brybi\u0161kam mokymuisi per praktik\u0105.<\/p>\n","protected":false},"excerpt":{"rendered":"<p>Naujausia micro:bit versija \u2013 programuojamas mikrokompiuteris k\u016brybi\u0161koms veikloms.<\/p>\n","protected":false},"featured_media":6931,"comment_status":"open","ping_status":"closed","template":"","meta":{"_acf_changed":false},"product_brand":[300],"product_cat":[294],"product_tag":[],"class_list":{"0":"post-6929","1":"product","2":"type-product","3":"status-publish","4":"has-post-thumbnail","6":"product_brand-microbit","7":"product_cat-robotika","9":"first","10":"instock","11":"taxable","12":"shipping-taxable","13":"purchasable","14":"product-type-simple"},"acf":[],"_links":{"self":[{"href":"https:\/\/gridamokykloms.lt\/en\/wp-json\/wp\/v2\/product\/6929","targetHints":{"allow":["GET"]}}],"collection":[{"href":"https:\/\/gridamokykloms.lt\/en\/wp-json\/wp\/v2\/product"}],"about":[{"href":"https:\/\/gridamokykloms.lt\/en\/wp-json\/wp\/v2\/types\/product"}],"replies":[{"embeddable":true,"href":"https:\/\/gridamokykloms.lt\/en\/wp-json\/wp\/v2\/comments?post=6929"}],"wp:featuredmedia":[{"embeddable":true,"href":"https:\/\/gridamokykloms.lt\/en\/wp-json\/wp\/v2\/media\/6931"}],"wp:attachment":[{"href":"https:\/\/gridamokykloms.lt\/en\/wp-json\/wp\/v2\/media?parent=6929"}],"wp:term":[{"taxonomy":"product_brand","embeddable":true,"href":"https:\/\/gridamokykloms.lt\/en\/wp-json\/wp\/v2\/product_brand?post=6929"},{"taxonomy":"product_cat","embeddable":true,"href":"https:\/\/gridamokykloms.lt\/en\/wp-json\/wp\/v2\/product_cat?post=6929"},{"taxonomy":"product_tag","embeddable":true,"href":"https:\/\/gridamokykloms.lt\/en\/wp-json\/wp\/v2\/product_tag?post=6929"}],"curies":[{"name":"wp","href":"https:\/\/api.w.org\/{rel}","templated":true}]}}