{"id":6932,"date":"2025-08-05T13:47:15","date_gmt":"2025-08-05T13:47:15","guid":{"rendered":"https:\/\/gridamokykloms.lt\/produktas\/cm4-xgo-lite-roboto-suns-rinkinys\/"},"modified":"2025-08-05T13:47:15","modified_gmt":"2025-08-05T13:47:15","slug":"cm4-xgo-lite-roboto-suns-rinkinys","status":"publish","type":"product","link":"https:\/\/gridamokykloms.lt\/en\/produktas\/cm4-xgo-lite-roboto-suns-rinkinys\/","title":{"rendered":"CM4 XGO-Lite Roboto \u0161uns rinkinys"},"content":{"rendered":"<p>ELECFREAKS CM4 XGO-Lite Roboto \u0161uns rinkinys V2 \u2013 tai stalinio dyd\u017eio AI keturkojis robotas, sukurtas dirbti su Raspberry Pi Compute Module 4 platforma. Robotas turi 12 laisv\u0117s laipsni\u0173, \u012fskaitant integruot\u0105 griebtuv\u0105, ir palaiko \u012fvairias jud\u0117jimo strategijas: visomis kryptimis jud\u0117jim\u0105, \u0161e\u0161i\u0173 a\u0161i\u0173 laikysenos valdym\u0105, pusiausvyros palaikym\u0105 ir kelis jud\u0117jimo tipus.<\/p>\n<p>Rinkinys apr\u016bpintas CM4 moduliu su keturi\u0173 branduoli\u0173 procesoriumi (1.5 GHz), 4 GB RAM atminimi ir 32 GB Micro SD atminties kortele. Jis palaiko dviej\u0173 juost\u0173 Wi-Fi (2.4 GHz \/ 5 GHz) ir Bluetooth 5.0 BLE, tod\u0117l tinka \u012fvairiems dirbtinio intelekto kra\u0161tini\u0173 skai\u010diavim\u0173 (edge computing) projektams. \u0160is rinkinys yra puiki mokymo priemon\u0117 mokiniams ir studentams, siekiantiems gilintis \u012f robotik\u0105, AI bei tiksli\u0105 mechanik\u0105 per praktin\u0119 veikl\u0105.<\/p>\n","protected":false},"excerpt":{"rendered":"<p>AI valdomas keturkojis robotas skirtas pa\u017eangiam programavimui ir dirbtinio intelekto projektams.<\/p>\n","protected":false},"featured_media":6935,"comment_status":"open","ping_status":"closed","template":"","meta":{"_acf_changed":false},"product_brand":[301],"product_cat":[294],"product_tag":[],"class_list":{"0":"post-6932","1":"product","2":"type-product","3":"status-publish","4":"has-post-thumbnail","6":"product_brand-rasberrypi","7":"product_cat-robotika","9":"first","10":"instock","11":"taxable","12":"shipping-taxable","13":"purchasable","14":"product-type-simple"},"acf":[],"_links":{"self":[{"href":"https:\/\/gridamokykloms.lt\/en\/wp-json\/wp\/v2\/product\/6932","targetHints":{"allow":["GET"]}}],"collection":[{"href":"https:\/\/gridamokykloms.lt\/en\/wp-json\/wp\/v2\/product"}],"about":[{"href":"https:\/\/gridamokykloms.lt\/en\/wp-json\/wp\/v2\/types\/product"}],"replies":[{"embeddable":true,"href":"https:\/\/gridamokykloms.lt\/en\/wp-json\/wp\/v2\/comments?post=6932"}],"wp:featuredmedia":[{"embeddable":true,"href":"https:\/\/gridamokykloms.lt\/en\/wp-json\/wp\/v2\/media\/6935"}],"wp:attachment":[{"href":"https:\/\/gridamokykloms.lt\/en\/wp-json\/wp\/v2\/media?parent=6932"}],"wp:term":[{"taxonomy":"product_brand","embeddable":true,"href":"https:\/\/gridamokykloms.lt\/en\/wp-json\/wp\/v2\/product_brand?post=6932"},{"taxonomy":"product_cat","embeddable":true,"href":"https:\/\/gridamokykloms.lt\/en\/wp-json\/wp\/v2\/product_cat?post=6932"},{"taxonomy":"product_tag","embeddable":true,"href":"https:\/\/gridamokykloms.lt\/en\/wp-json\/wp\/v2\/product_tag?post=6932"}],"curies":[{"name":"wp","href":"https:\/\/api.w.org\/{rel}","templated":true}]}}