{"id":6933,"date":"2025-08-05T13:47:15","date_gmt":"2025-08-05T13:47:15","guid":{"rendered":"https:\/\/gridamokykloms.lt\/produktas\/wukong2040-isradejo-rinkinys\/"},"modified":"2025-08-05T13:47:15","modified_gmt":"2025-08-05T13:47:15","slug":"wukong2040-isradejo-rinkinys","status":"publish","type":"product","link":"https:\/\/gridamokykloms.lt\/en\/produktas\/wukong2040-isradejo-rinkinys\/","title":{"rendered":"Wukong2040 i\u0161rad\u0117jo rinkinys"},"content":{"rendered":"<p>I\u0161rad\u0117jo rinkinys su Raspberry Pi \u2013 tai rinkinys, sukurtas norintiems mokytis elektronikos programavimo. Jame yra daugiafunkcin\u0117 pl\u0117timo plok\u0161t\u0117 Wukong2040, skirta Raspberry Pi Pico, bei 11 skirting\u0173 jutikli\u0173 ir vykdikli\u0173, leid\u017eian\u010di\u0173 kurti \u012fvairius \u012fdomius ir prakti\u0161kus projektus. Rinkinys palaiko MicroBlocks grafin\u012f programavim\u0105, tod\u0117l jis puikiai tinka pradedantiesiems \u2013 leid\u017eia greitai perprasti programavimo pagrindus.<\/p>\n<p>Wukong2040 pl\u0117timo plok\u0161t\u0117 pasi\u017eymi moduline konstrukcija bei galingomis integruotomis funkcijomis. Pa\u017eengusiems naudotojams ji suteikia galimyb\u0119 gilintis \u012f CircuitPython kodo programavim\u0105 ir kurti projektus dar grei\u010diau bei k\u016brybi\u0161kiau.<\/p>\n","protected":false},"excerpt":{"rendered":"<p>Programavimui skirtas i\u0161rad\u0117jo rinkinys su jutikliais ir moduline pl\u0117timo plok\u0161te Wukong2040.<\/p>\n","protected":false},"featured_media":6936,"comment_status":"open","ping_status":"closed","template":"","meta":{"_acf_changed":false},"product_brand":[301],"product_cat":[294],"product_tag":[],"class_list":{"0":"post-6933","1":"product","2":"type-product","3":"status-publish","4":"has-post-thumbnail","6":"product_brand-rasberrypi","7":"product_cat-robotika","9":"first","10":"instock","11":"taxable","12":"shipping-taxable","13":"purchasable","14":"product-type-simple"},"acf":[],"_links":{"self":[{"href":"https:\/\/gridamokykloms.lt\/en\/wp-json\/wp\/v2\/product\/6933","targetHints":{"allow":["GET"]}}],"collection":[{"href":"https:\/\/gridamokykloms.lt\/en\/wp-json\/wp\/v2\/product"}],"about":[{"href":"https:\/\/gridamokykloms.lt\/en\/wp-json\/wp\/v2\/types\/product"}],"replies":[{"embeddable":true,"href":"https:\/\/gridamokykloms.lt\/en\/wp-json\/wp\/v2\/comments?post=6933"}],"wp:featuredmedia":[{"embeddable":true,"href":"https:\/\/gridamokykloms.lt\/en\/wp-json\/wp\/v2\/media\/6936"}],"wp:attachment":[{"href":"https:\/\/gridamokykloms.lt\/en\/wp-json\/wp\/v2\/media?parent=6933"}],"wp:term":[{"taxonomy":"product_brand","embeddable":true,"href":"https:\/\/gridamokykloms.lt\/en\/wp-json\/wp\/v2\/product_brand?post=6933"},{"taxonomy":"product_cat","embeddable":true,"href":"https:\/\/gridamokykloms.lt\/en\/wp-json\/wp\/v2\/product_cat?post=6933"},{"taxonomy":"product_tag","embeddable":true,"href":"https:\/\/gridamokykloms.lt\/en\/wp-json\/wp\/v2\/product_tag?post=6933"}],"curies":[{"name":"wp","href":"https:\/\/api.w.org\/{rel}","templated":true}]}}