{"id":6937,"date":"2025-08-05T13:47:15","date_gmt":"2025-08-05T13:47:15","guid":{"rendered":"https:\/\/gridamokykloms.lt\/produktas\/nezha-a-arduino-3-in-1-pagrindine-valdymo-dezute\/"},"modified":"2025-08-05T13:47:15","modified_gmt":"2025-08-05T13:47:15","slug":"nezha-a-arduino-3-in-1-pagrindine-valdymo-dezute","status":"publish","type":"product","link":"https:\/\/gridamokykloms.lt\/en\/produktas\/nezha-a-arduino-3-in-1-pagrindine-valdymo-dezute\/","title":{"rendered":"Nezha-A \u201eArduino 3-in-1\u201c pagrindin\u0117 valdymo d\u0117\u017eut\u0117"},"content":{"rendered":"<p>\u201eArduino 3-in-1 Master Control Box\u201c \u2013 tai programuojama pagrindin\u0117 plok\u0161t\u0117, sukurta naudojant ATMEGA328P mikroschem\u0105. Ji turi dvigubas jungtis varikliams ir servomechanizmams, bei 8 jutikli\u0173 jungtis. Visos jutikli\u0173 jungtys naudoja RJ11 tipo ki\u0161tukus, kurie turi apsaug\u0105 nuo neteisingo prijungimo, tod\u0117l naudojimas tampa saugus ir paprastas.<\/p>\n<p>Plok\u0161t\u0117s korpuse yra LEGO\u00ae kalad\u0117l\u0117ms pritaikyti tvirtinimo ta\u0161kai, leid\u017eiantys lengvai integruoti j\u0105 \u012f konstrukcinius projektus su LEGO\u00ae.<\/p>\n<p>Pastaba: norint naudotis \u0161ia valdymo d\u0117\u017eute, b\u016btina prijungti atskir\u0105 baterij\u0173 blok\u0105 ir laid\u0105.<\/p>\n","protected":false},"excerpt":{"rendered":"<p>Programuojama valdymo plok\u0161t\u0117 su jutikli\u0173, varikli\u0173 ir servo jungtimis, suderinama su LEGO\u00ae kalad\u0117l\u0117mis.<\/p>\n","protected":false},"featured_media":6938,"comment_status":"open","ping_status":"closed","template":"","meta":{"_acf_changed":false},"product_brand":[302],"product_cat":[294],"product_tag":[],"class_list":{"0":"post-6937","1":"product","2":"type-product","3":"status-publish","4":"has-post-thumbnail","6":"product_brand-arduino","7":"product_cat-robotika","9":"first","10":"instock","11":"taxable","12":"shipping-taxable","13":"purchasable","14":"product-type-simple"},"acf":[],"_links":{"self":[{"href":"https:\/\/gridamokykloms.lt\/en\/wp-json\/wp\/v2\/product\/6937","targetHints":{"allow":["GET"]}}],"collection":[{"href":"https:\/\/gridamokykloms.lt\/en\/wp-json\/wp\/v2\/product"}],"about":[{"href":"https:\/\/gridamokykloms.lt\/en\/wp-json\/wp\/v2\/types\/product"}],"replies":[{"embeddable":true,"href":"https:\/\/gridamokykloms.lt\/en\/wp-json\/wp\/v2\/comments?post=6937"}],"wp:featuredmedia":[{"embeddable":true,"href":"https:\/\/gridamokykloms.lt\/en\/wp-json\/wp\/v2\/media\/6938"}],"wp:attachment":[{"href":"https:\/\/gridamokykloms.lt\/en\/wp-json\/wp\/v2\/media?parent=6937"}],"wp:term":[{"taxonomy":"product_brand","embeddable":true,"href":"https:\/\/gridamokykloms.lt\/en\/wp-json\/wp\/v2\/product_brand?post=6937"},{"taxonomy":"product_cat","embeddable":true,"href":"https:\/\/gridamokykloms.lt\/en\/wp-json\/wp\/v2\/product_cat?post=6937"},{"taxonomy":"product_tag","embeddable":true,"href":"https:\/\/gridamokykloms.lt\/en\/wp-json\/wp\/v2\/product_tag?post=6937"}],"curies":[{"name":"wp","href":"https:\/\/api.w.org\/{rel}","templated":true}]}}