{"id":6939,"date":"2025-08-05T13:47:15","date_gmt":"2025-08-05T13:47:15","guid":{"rendered":"https:\/\/gridamokykloms.lt\/produktas\/scottie-go-edu-programavmas-vaikams\/"},"modified":"2025-08-05T13:47:15","modified_gmt":"2025-08-05T13:47:15","slug":"scottie-go-edu-programavmas-vaikams","status":"publish","type":"product","link":"https:\/\/gridamokykloms.lt\/en\/produktas\/scottie-go-edu-programavmas-vaikams\/","title":{"rendered":"Scottie Go! Edu programavmas vaikams"},"content":{"rendered":"<p>Scottie Go! Edu \u2013 tai inovatyvus edukacinis \u017eaidimas, skirtas vaikams nuo 6 iki 15 met\u0173, padedantis lavinti algoritmin\u012f m\u0105stym\u0105 ir programavimo geb\u0117jimus pagal naujausias metodikos rekomendacijas. Mokytojams, vedantiems programavimo u\u017esi\u0117mimus su \u0161iuo \u017eaidimu, paruo\u0161tos pilnos pamok\u0173 scenarij\u0173 med\u017eiagos, apiman\u010dios visas tikslin\u0117s am\u017eiaus grup\u0117s klases.<\/p>\n<p>Visos u\u017eduotys padeda mokiniams \u012fgyti pagrindinius \u012fg\u016bd\u017eius, reikalingus tolimesniam programavimo kalb\u0173 mokymuisi.<br \/>\nKartu su \u017eaidimu pateikiamas mokytojo vadovas bei mokinio pa\u017eangos ataskait\u0173 \u0161ablonai (pasiekiami suvedus licencijos kod\u0105);<br \/>\n\u017daidime naudojamas blokinis programavimas \u2013 vaikai kuria programas i\u0161 kartonini\u0173 blokeli\u0173 ir sprend\u017eia 91 i\u0161\u0161\u016bk\u012f su vis did\u0117jan\u010diu sud\u0117tingumu;<\/p>\n<p>Kiekvienas rinkinys apima:<\/p>\n<p>179 kartoniniai programavimo blokai;<br \/>\nlicencijos kodas 3 \u012frenginiams;<br \/>\nd\u0117\u017eut\u0117;<br \/>\nprogramavimo pagrindo lenta blokeli\u0173 d\u0117liojimui;<br \/>\nScottie Go! vadovas.<\/p>\n","protected":false},"excerpt":{"rendered":"<p>Inovatyvus edukacinis \u017eaidimas, mokantis vaikus nuo 6 iki 15 met\u0173 programavimo pagrind\u0173 naudojant kartoninius programavimo blokelius ir interaktyvi\u0105 program\u0117l\u0119.<\/p>\n","protected":false},"featured_media":6941,"comment_status":"open","ping_status":"closed","template":"","meta":{"_acf_changed":false},"product_brand":[303],"product_cat":[294],"product_tag":[],"class_list":{"0":"post-6939","1":"product","2":"type-product","3":"status-publish","4":"has-post-thumbnail","6":"product_brand-scootie-go","7":"product_cat-robotika","9":"first","10":"instock","11":"virtual","12":"taxable","13":"purchasable","14":"product-type-simple"},"acf":[],"_links":{"self":[{"href":"https:\/\/gridamokykloms.lt\/en\/wp-json\/wp\/v2\/product\/6939","targetHints":{"allow":["GET"]}}],"collection":[{"href":"https:\/\/gridamokykloms.lt\/en\/wp-json\/wp\/v2\/product"}],"about":[{"href":"https:\/\/gridamokykloms.lt\/en\/wp-json\/wp\/v2\/types\/product"}],"replies":[{"embeddable":true,"href":"https:\/\/gridamokykloms.lt\/en\/wp-json\/wp\/v2\/comments?post=6939"}],"wp:featuredmedia":[{"embeddable":true,"href":"https:\/\/gridamokykloms.lt\/en\/wp-json\/wp\/v2\/media\/6941"}],"wp:attachment":[{"href":"https:\/\/gridamokykloms.lt\/en\/wp-json\/wp\/v2\/media?parent=6939"}],"wp:term":[{"taxonomy":"product_brand","embeddable":true,"href":"https:\/\/gridamokykloms.lt\/en\/wp-json\/wp\/v2\/product_brand?post=6939"},{"taxonomy":"product_cat","embeddable":true,"href":"https:\/\/gridamokykloms.lt\/en\/wp-json\/wp\/v2\/product_cat?post=6939"},{"taxonomy":"product_tag","embeddable":true,"href":"https:\/\/gridamokykloms.lt\/en\/wp-json\/wp\/v2\/product_tag?post=6939"}],"curies":[{"name":"wp","href":"https:\/\/api.w.org\/{rel}","templated":true}]}}