{"id":6940,"date":"2025-08-05T13:47:15","date_gmt":"2025-08-05T13:47:15","guid":{"rendered":"https:\/\/gridamokykloms.lt\/produktas\/scottie-go-basic\/"},"modified":"2025-08-05T13:47:15","modified_gmt":"2025-08-05T13:47:15","slug":"scottie-go-basic","status":"publish","type":"product","link":"https:\/\/gridamokykloms.lt\/en\/produktas\/scottie-go-basic\/","title":{"rendered":"Scottie Go! Basic"},"content":{"rendered":"<p>Scottie Go! Basic \u2013 tai inovatyvus edukacinis \u017eaidimas, skirtas vaikams nuo 4 met\u0173, mokantis programavimo pagrind\u0173 ir lavinantis algoritmin\u012f m\u0105stym\u0105. \u017daidimas sukurtas bendradarbiaujant su patyrusiais mokytojais ir edukologais pagal naujausias \u0161iuolaikin\u0117s metodikos rekomendacijas.<br \/>\n\u0160is \u017eaidimas padeda vaikams i\u0161mokti programavimo logikos per fizin\u012f jud\u0117jim\u0105, \u017eaidim\u0105 ir veiklas be ekran\u0173.<\/p>\n<p>Rinkinio sud\u0117tis:<\/p>\n<p>Sulankstomas 8\u00d712 kvadrat\u0173 \u017eaidimo pagrindas (vasaros ir \u017eiemos versijos);<br \/>\n42 \u017eetonai: kli\u016btys, vanduo, tiltai, \u0161iaudai, surenkami objektai;<br \/>\n47 programavimo blokeliai;<br \/>\n52 i\u0161\u0161\u016bki\u0173 kortel\u0117s program\u0173 modifikavimui;<br \/>\nMokytojo vadovas su u\u017eduotimis ir sprendimais;<br \/>\n3 mediniai veik\u0117j\u0173 \u017eetonai ir 6 Scottie lipdukai;<br \/>\nTu\u0161ti programavimo blokeliai, \u017eetonai ir kortel\u0117s suasmeninimui;<br \/>\nScottie Go! Basic vadovas;<br \/>\n2 lininiai mai\u0161eliai detali\u0173 laikymui;<\/p>\n<p>Visos Scottie Go! Basic rinkinio dalys pagamintos i\u0161 saugaus ir patvaraus kartono arba medienos.<br \/>\nPapildomos mokytojo med\u017eiagos (atsisiun\u010diamos \u012fvedus licencijos kod\u0105):<\/p>\n","protected":false},"excerpt":{"rendered":"<p>Programavimas ir kodavimas dar\u017eelinukams ir ikimokyklinio am\u017eiaus vaikams<\/p>\n","protected":false},"featured_media":6942,"comment_status":"open","ping_status":"closed","template":"","meta":{"_acf_changed":false},"product_brand":[303],"product_cat":[294],"product_tag":[],"class_list":{"0":"post-6940","1":"product","2":"type-product","3":"status-publish","4":"has-post-thumbnail","6":"product_brand-scootie-go","7":"product_cat-robotika","9":"first","10":"instock","11":"taxable","12":"shipping-taxable","13":"purchasable","14":"product-type-simple"},"acf":[],"_links":{"self":[{"href":"https:\/\/gridamokykloms.lt\/en\/wp-json\/wp\/v2\/product\/6940","targetHints":{"allow":["GET"]}}],"collection":[{"href":"https:\/\/gridamokykloms.lt\/en\/wp-json\/wp\/v2\/product"}],"about":[{"href":"https:\/\/gridamokykloms.lt\/en\/wp-json\/wp\/v2\/types\/product"}],"replies":[{"embeddable":true,"href":"https:\/\/gridamokykloms.lt\/en\/wp-json\/wp\/v2\/comments?post=6940"}],"wp:featuredmedia":[{"embeddable":true,"href":"https:\/\/gridamokykloms.lt\/en\/wp-json\/wp\/v2\/media\/6942"}],"wp:attachment":[{"href":"https:\/\/gridamokykloms.lt\/en\/wp-json\/wp\/v2\/media?parent=6940"}],"wp:term":[{"taxonomy":"product_brand","embeddable":true,"href":"https:\/\/gridamokykloms.lt\/en\/wp-json\/wp\/v2\/product_brand?post=6940"},{"taxonomy":"product_cat","embeddable":true,"href":"https:\/\/gridamokykloms.lt\/en\/wp-json\/wp\/v2\/product_cat?post=6940"},{"taxonomy":"product_tag","embeddable":true,"href":"https:\/\/gridamokykloms.lt\/en\/wp-json\/wp\/v2\/product_tag?post=6940"}],"curies":[{"name":"wp","href":"https:\/\/api.w.org\/{rel}","templated":true}]}}