{"id":6943,"date":"2025-08-05T13:47:15","date_gmt":"2025-08-05T13:47:15","guid":{"rendered":"https:\/\/gridamokykloms.lt\/produktas\/scottie-go-dojo\/"},"modified":"2025-08-05T13:47:15","modified_gmt":"2025-08-05T13:47:15","slug":"scottie-go-dojo","status":"publish","type":"product","link":"https:\/\/gridamokykloms.lt\/en\/produktas\/scottie-go-dojo\/","title":{"rendered":"Scottie Go! DoJo"},"content":{"rendered":"<p>Scottie Go! DoJo \u2013 tai vizualaus programavimo aplinka ir mokomoji programavimo kalba, skirta vaikams nuo 6 iki 15 met\u0173.<br \/>\nProgram\u0117l\u0117 sukurta patrauklaus \u017eaidimo forma.<\/p>\n<p>Pagrindin\u0117s savyb\u0117s:<\/p>\n<p>Lavina login\u012f ir matematin\u012f m\u0105stym\u0105, bendravimo ir bendradarbiavimo \u012fg\u016bd\u017eius;<br \/>\nUgdo k\u016brybi\u0161kum\u0105 ir padeda ie\u0161koti nestandartini\u0173 problem\u0173 sprendim\u0173;<br \/>\nProgramavimas vyksta jungiant blokelius \u012f veiksm\u0173 sekas, valdan\u010dias veik\u0117j\u0173 elgsen\u0105 \u017eaidimo u\u017eduotyse;<br \/>\nYra skirting\u0173 sud\u0117tingumo lygi\u0173 bei gausu \u017eaidimo objekt\u0173, tad tinka ir pradedantiesiems, ir pa\u017eengusiems vaikams;<br \/>\nNaudojant vizual\u0173 programavim\u0105 lengviau pereiti prie tekstini\u0173 programavimo kalb\u0173, toki\u0173 kaip C++, C# ar Python.<\/p>\n<p>Programavimo blok\u0173 tipai:<\/p>\n<p>Komand\u0173 blokai<br \/>\nFunkcij\u0173 blokai<br \/>\nAktyvatoriai<br \/>\nValdymo strukt\u016br\u0173 blokai<\/p>\n<p>Blokus galima jungti kaip d\u0117lion\u0119 \u2013 jie susikabina specialiais \u012fpjovimais ir i\u0161siki\u0161imais, tod\u0117l mokiniams lengviau suprasti programavimo kalbos strukt\u016br\u0105 ir sintaks\u0119.<\/p>\n","protected":false},"excerpt":{"rendered":"<p>Nuotolinis programavimo mokymas ir mokymasis vaikams nuo 6 iki 15 met\u0173.<\/p>\n","protected":false},"featured_media":6944,"comment_status":"open","ping_status":"closed","template":"","meta":{"_acf_changed":false},"product_brand":[303],"product_cat":[294],"product_tag":[],"class_list":{"0":"post-6943","1":"product","2":"type-product","3":"status-publish","4":"has-post-thumbnail","6":"product_brand-scootie-go","7":"product_cat-robotika","9":"first","10":"instock","11":"taxable","12":"shipping-taxable","13":"purchasable","14":"product-type-simple"},"acf":[],"_links":{"self":[{"href":"https:\/\/gridamokykloms.lt\/en\/wp-json\/wp\/v2\/product\/6943","targetHints":{"allow":["GET"]}}],"collection":[{"href":"https:\/\/gridamokykloms.lt\/en\/wp-json\/wp\/v2\/product"}],"about":[{"href":"https:\/\/gridamokykloms.lt\/en\/wp-json\/wp\/v2\/types\/product"}],"replies":[{"embeddable":true,"href":"https:\/\/gridamokykloms.lt\/en\/wp-json\/wp\/v2\/comments?post=6943"}],"wp:featuredmedia":[{"embeddable":true,"href":"https:\/\/gridamokykloms.lt\/en\/wp-json\/wp\/v2\/media\/6944"}],"wp:attachment":[{"href":"https:\/\/gridamokykloms.lt\/en\/wp-json\/wp\/v2\/media?parent=6943"}],"wp:term":[{"taxonomy":"product_brand","embeddable":true,"href":"https:\/\/gridamokykloms.lt\/en\/wp-json\/wp\/v2\/product_brand?post=6943"},{"taxonomy":"product_cat","embeddable":true,"href":"https:\/\/gridamokykloms.lt\/en\/wp-json\/wp\/v2\/product_cat?post=6943"},{"taxonomy":"product_tag","embeddable":true,"href":"https:\/\/gridamokykloms.lt\/en\/wp-json\/wp\/v2\/product_tag?post=6943"}],"curies":[{"name":"wp","href":"https:\/\/api.w.org\/{rel}","templated":true}]}}