{"id":6945,"date":"2025-08-05T13:47:15","date_gmt":"2025-08-05T13:47:15","guid":{"rendered":"https:\/\/gridamokykloms.lt\/produktas\/scottie-go-magnetiniai-blokeliai\/"},"modified":"2025-08-05T13:47:15","modified_gmt":"2025-08-05T13:47:15","slug":"scottie-go-magnetiniai-blokeliai","status":"publish","type":"product","link":"https:\/\/gridamokykloms.lt\/en\/produktas\/scottie-go-magnetiniai-blokeliai\/","title":{"rendered":"Scottie Go! Magnetiniai blokeliai"},"content":{"rendered":"<p>Magnetiniai blokeliai \u2013 tai efektyvus \u012frankis, padedantis vaikams mokytis bendradarbiavimo, analizuoti sprendimus, aptarti klaidas ir mokytis, kaip jas rasti bei i\u0161taisyti. Jie ypa\u010d naudingi dirbant grup\u0117se ar pristatant sprendimus visai klasei.<\/p>\n<p>Tinka sprendim\u0173 demonstravimui, analizei ir paai\u0161kinimui;<br \/>\nSkatina diskusijas apie teisingus ir klaidingus sprendimus;<br \/>\nPadeda ugdyti komandinio darbo ir kritinio m\u0105stymo \u012fg\u016bd\u017eius.<\/p>\n<p>Rinkin\u012f sudaro:<\/p>\n<p>53 magnetiniai blokeliai, skirti naudoti su magnetine arba interaktyvia lenta, taip pat galima naudoti ir ant kilimo;<br \/>\nBlokeliai yra daug didesni nei standartiniai kartoniniai blokeliai, naudojami \u201eScottie Go!\u201c rinkiniuose;<br \/>\nBlokeliai padengia pirm\u0105sias 24 \u201eScottie Go! EDU\u201c program\u0117l\u0117s u\u017eduotis.<\/p>\n","protected":false},"excerpt":{"rendered":"<p>Lengvai naudojama mokymo priemon\u0117, papildanti \u201eScottie Go!\u201c edukacini\u0173 rinkini\u0173 serij\u0105.<\/p>\n","protected":false},"featured_media":6946,"comment_status":"open","ping_status":"closed","template":"","meta":{"_acf_changed":false},"product_brand":[303],"product_cat":[294],"product_tag":[],"class_list":{"0":"post-6945","1":"product","2":"type-product","3":"status-publish","4":"has-post-thumbnail","6":"product_brand-scootie-go","7":"product_cat-robotika","9":"first","10":"instock","11":"taxable","12":"shipping-taxable","13":"purchasable","14":"product-type-simple"},"acf":[],"_links":{"self":[{"href":"https:\/\/gridamokykloms.lt\/en\/wp-json\/wp\/v2\/product\/6945","targetHints":{"allow":["GET"]}}],"collection":[{"href":"https:\/\/gridamokykloms.lt\/en\/wp-json\/wp\/v2\/product"}],"about":[{"href":"https:\/\/gridamokykloms.lt\/en\/wp-json\/wp\/v2\/types\/product"}],"replies":[{"embeddable":true,"href":"https:\/\/gridamokykloms.lt\/en\/wp-json\/wp\/v2\/comments?post=6945"}],"wp:featuredmedia":[{"embeddable":true,"href":"https:\/\/gridamokykloms.lt\/en\/wp-json\/wp\/v2\/media\/6946"}],"wp:attachment":[{"href":"https:\/\/gridamokykloms.lt\/en\/wp-json\/wp\/v2\/media?parent=6945"}],"wp:term":[{"taxonomy":"product_brand","embeddable":true,"href":"https:\/\/gridamokykloms.lt\/en\/wp-json\/wp\/v2\/product_brand?post=6945"},{"taxonomy":"product_cat","embeddable":true,"href":"https:\/\/gridamokykloms.lt\/en\/wp-json\/wp\/v2\/product_cat?post=6945"},{"taxonomy":"product_tag","embeddable":true,"href":"https:\/\/gridamokykloms.lt\/en\/wp-json\/wp\/v2\/product_tag?post=6945"}],"curies":[{"name":"wp","href":"https:\/\/api.w.org\/{rel}","templated":true}]}}