{"id":6947,"date":"2025-08-05T13:47:13","date_gmt":"2025-08-05T13:47:13","guid":{"rendered":"https:\/\/gridamokykloms.lt\/produktas\/ismaniosios-zemdirbystes-rinkinys-be-microbit-plokstes\/"},"modified":"2025-08-05T13:47:13","modified_gmt":"2025-08-05T13:47:13","slug":"ismaniosios-zemdirbystes-rinkinys-be-microbit-plokstes","status":"publish","type":"product","link":"https:\/\/gridamokykloms.lt\/en\/produktas\/ismaniosios-zemdirbystes-rinkinys-be-microbit-plokstes\/","title":{"rendered":"I\u0161maniosios \u017eemdirbyst\u0117s rinkinys (be micro:bit plok\u0161t\u0117s)"},"content":{"rendered":"<p>I\u0161maniosios \u017eemdirbyst\u0117s rinkinys \u2013 tai edukacinis \u201epasidaryk pats\u201c rinkinys, skirtas pa\u017einti \u0161iuolaikin\u0117s \u017eemdirbyst\u0117s sprendimus ir j\u0173 s\u0105sajas su programavimu bei i\u0161maniosiomis technologijomis. Rinkinyje yra IoT:bit valdiklis, temperat\u016bros jutiklis, dirvo\u017eemio dr\u0117gm\u0117s jutiklis, vandens lygio jutiklis, PIR judesio jutiklis, servomechanizmai ir kiti komponentai.<\/p>\n<p>Naudodami \u0161\u012f rinkin\u012f, mokiniai gali sukurti projektus, tokius kaip i\u0161mani vabzd\u017ei\u0173 atbaidymo sistema, ekologinis \u0161iltnamis ar \u017euv\u0173 tvenkinio vandens lygio steb\u0117jimo \u012frenginys. Tai puikus b\u016bdas pa\u017einti moderni\u0105 \u017eemdirbyst\u0119, tobulinti programavimo \u012fg\u016bd\u017eius ir tyrin\u0117ti, kaip informacin\u0117s technologijos taikomos realiose aplinkose.<\/p>\n<p>Pagrindin\u0117s savyb\u0117s:<\/p>\n<p>Skatina dom\u0117jim\u0105si tvaria ir technologijomis gr\u012fsta \u017eemdirbyste<br \/>\nLeid\u017eia kurti \u012fvairius projektus \u017eem\u0117s \u016bkio tematika<br \/>\nKomplekte \u2013 pagrindiniai elektronikos komponentai ir jutikliai<\/p>\n<p>Pastaba: micro:bit plok\u0161t\u0117 \u012f rinkin\u012f ne\u012ftraukta.<\/p>\n","protected":false},"excerpt":{"rendered":"<p>Programavimo ir elektronikos rinkinys \u017eem\u0117s \u016bkiui modeliuoti bei \u0161iuolaikin\u0117ms IT technologijoms taikyti.<\/p>\n","protected":false},"featured_media":6948,"comment_status":"open","ping_status":"closed","template":"","meta":{"_acf_changed":false},"product_brand":[300],"product_cat":[294],"product_tag":[],"class_list":{"0":"post-6947","1":"product","2":"type-product","3":"status-publish","4":"has-post-thumbnail","6":"product_brand-microbit","7":"product_cat-robotika","9":"first","10":"instock","11":"taxable","12":"shipping-taxable","13":"purchasable","14":"product-type-simple"},"acf":[],"_links":{"self":[{"href":"https:\/\/gridamokykloms.lt\/en\/wp-json\/wp\/v2\/product\/6947","targetHints":{"allow":["GET"]}}],"collection":[{"href":"https:\/\/gridamokykloms.lt\/en\/wp-json\/wp\/v2\/product"}],"about":[{"href":"https:\/\/gridamokykloms.lt\/en\/wp-json\/wp\/v2\/types\/product"}],"replies":[{"embeddable":true,"href":"https:\/\/gridamokykloms.lt\/en\/wp-json\/wp\/v2\/comments?post=6947"}],"wp:featuredmedia":[{"embeddable":true,"href":"https:\/\/gridamokykloms.lt\/en\/wp-json\/wp\/v2\/media\/6948"}],"wp:attachment":[{"href":"https:\/\/gridamokykloms.lt\/en\/wp-json\/wp\/v2\/media?parent=6947"}],"wp:term":[{"taxonomy":"product_brand","embeddable":true,"href":"https:\/\/gridamokykloms.lt\/en\/wp-json\/wp\/v2\/product_brand?post=6947"},{"taxonomy":"product_cat","embeddable":true,"href":"https:\/\/gridamokykloms.lt\/en\/wp-json\/wp\/v2\/product_cat?post=6947"},{"taxonomy":"product_tag","embeddable":true,"href":"https:\/\/gridamokykloms.lt\/en\/wp-json\/wp\/v2\/product_tag?post=6947"}],"curies":[{"name":"wp","href":"https:\/\/api.w.org\/{rel}","templated":true}]}}