{"id":6949,"date":"2025-08-05T13:47:13","date_gmt":"2025-08-05T13:47:13","guid":{"rendered":"https:\/\/gridamokykloms.lt\/produktas\/ismanusis-sveikatos-rinkinys-be-microbit-plokstes\/"},"modified":"2025-08-05T13:47:13","modified_gmt":"2025-08-05T13:47:13","slug":"ismanusis-sveikatos-rinkinys-be-microbit-plokstes","status":"publish","type":"product","link":"https:\/\/gridamokykloms.lt\/en\/produktas\/ismanusis-sveikatos-rinkinys-be-microbit-plokstes\/","title":{"rendered":"I\u0161manusis sveikatos rinkinys (be micro:bit plok\u0161t\u0117s)"},"content":{"rendered":"<p>I\u0161mani\u0173j\u0173 sveikatos technologij\u0173 rinkinys \u2013 tai universalus mokomasis komplektas su \u012fvairiais jutikliais, padedan\u010diais mokiniams susipa\u017einti su \u017emogaus k\u016bnu ir jo funkcijomis. Naudojant micro:bit technologij\u0105, galima tyrin\u0117ti sveikatos temas ir suprasti, kaip skirtingi jutikliai atlieka matavimus. Praktini\u0173 u\u017eduo\u010di\u0173 metu mokiniai stebi, kaip j\u0173 sukurta programa veikia realiame pasaulyje, taip sveikatos mokymas tampa \u012ftraukus ir suprantamas. Rinkinys skatina giliau pa\u017einti sveik\u0105 gyvensen\u0105 ir technologij\u0173 taikym\u0105 sveikatos srityje.<\/p>\n<p>Pastaba: micro:bit plok\u0161t\u0117 \u012f rinkin\u012f ne\u012ftraukta.<\/p>\n","protected":false},"excerpt":{"rendered":"<p>Rinkinys k\u016bno funkcijoms tyrin\u0117ti ir sveikos gyvensenos principams pa\u017einti per praktinius u\u017esi\u0117mimus.<\/p>\n","protected":false},"featured_media":6950,"comment_status":"open","ping_status":"closed","template":"","meta":{"_acf_changed":false},"product_brand":[300],"product_cat":[294],"product_tag":[],"class_list":{"0":"post-6949","1":"product","2":"type-product","3":"status-publish","4":"has-post-thumbnail","6":"product_brand-microbit","7":"product_cat-robotika","9":"first","10":"instock","11":"taxable","12":"shipping-taxable","13":"purchasable","14":"product-type-simple"},"acf":[],"_links":{"self":[{"href":"https:\/\/gridamokykloms.lt\/en\/wp-json\/wp\/v2\/product\/6949","targetHints":{"allow":["GET"]}}],"collection":[{"href":"https:\/\/gridamokykloms.lt\/en\/wp-json\/wp\/v2\/product"}],"about":[{"href":"https:\/\/gridamokykloms.lt\/en\/wp-json\/wp\/v2\/types\/product"}],"replies":[{"embeddable":true,"href":"https:\/\/gridamokykloms.lt\/en\/wp-json\/wp\/v2\/comments?post=6949"}],"wp:featuredmedia":[{"embeddable":true,"href":"https:\/\/gridamokykloms.lt\/en\/wp-json\/wp\/v2\/media\/6950"}],"wp:attachment":[{"href":"https:\/\/gridamokykloms.lt\/en\/wp-json\/wp\/v2\/media?parent=6949"}],"wp:term":[{"taxonomy":"product_brand","embeddable":true,"href":"https:\/\/gridamokykloms.lt\/en\/wp-json\/wp\/v2\/product_brand?post=6949"},{"taxonomy":"product_cat","embeddable":true,"href":"https:\/\/gridamokykloms.lt\/en\/wp-json\/wp\/v2\/product_cat?post=6949"},{"taxonomy":"product_tag","embeddable":true,"href":"https:\/\/gridamokykloms.lt\/en\/wp-json\/wp\/v2\/product_tag?post=6949"}],"curies":[{"name":"wp","href":"https:\/\/api.w.org\/{rel}","templated":true}]}}