{"id":6951,"date":"2025-08-05T13:47:13","date_gmt":"2025-08-05T13:47:13","guid":{"rendered":"https:\/\/gridamokykloms.lt\/produktas\/kosmoso-mokslu-rinkinys\/"},"modified":"2025-08-05T13:47:13","modified_gmt":"2025-08-05T13:47:13","slug":"kosmoso-mokslu-rinkinys","status":"publish","type":"product","link":"https:\/\/gridamokykloms.lt\/en\/produktas\/kosmoso-mokslu-rinkinys\/","title":{"rendered":"Kosmoso moksl\u0173 rinkinys"},"content":{"rendered":"<p>Kosmoso moksl\u0173 rinkinys \u2013 tai STEAM edukacin\u0117 priemon\u0117, skirta pradini\u0173 ir pagrindini\u0173 mokykl\u0173 mokiniams. Komplekte naudojama Nezha breakout plok\u0161t\u0117 V2, PlanetX Smart variklis, \u012fvair\u016bs PlanetX jutikliai ir scenarijin\u0117 M\u0117nulio nusileidimo \u017eem\u0117lapio schema. Rinkinys suteikia galimyb\u0119 mokiniams kurti savo projektus, vykdyti simuliuotas misijas M\u0117nulyje ir gilinti \u017einias apie kosmos\u0105 bei technologijas per praktin\u0119 veikl\u0105.<\/p>\n","protected":false},"excerpt":{"rendered":"<p>\u0160vietimo rinkinys, leid\u017eiantis mokiniams kurti projektus ir imituoti M\u0117nulio misijas.<\/p>\n","protected":false},"featured_media":6952,"comment_status":"open","ping_status":"closed","template":"","meta":{"_acf_changed":false},"product_brand":[300],"product_cat":[294],"product_tag":[],"class_list":{"0":"post-6951","1":"product","2":"type-product","3":"status-publish","4":"has-post-thumbnail","6":"product_brand-microbit","7":"product_cat-robotika","9":"first","10":"instock","11":"taxable","12":"shipping-taxable","13":"purchasable","14":"product-type-simple"},"acf":[],"_links":{"self":[{"href":"https:\/\/gridamokykloms.lt\/en\/wp-json\/wp\/v2\/product\/6951","targetHints":{"allow":["GET"]}}],"collection":[{"href":"https:\/\/gridamokykloms.lt\/en\/wp-json\/wp\/v2\/product"}],"about":[{"href":"https:\/\/gridamokykloms.lt\/en\/wp-json\/wp\/v2\/types\/product"}],"replies":[{"embeddable":true,"href":"https:\/\/gridamokykloms.lt\/en\/wp-json\/wp\/v2\/comments?post=6951"}],"wp:featuredmedia":[{"embeddable":true,"href":"https:\/\/gridamokykloms.lt\/en\/wp-json\/wp\/v2\/media\/6952"}],"wp:attachment":[{"href":"https:\/\/gridamokykloms.lt\/en\/wp-json\/wp\/v2\/media?parent=6951"}],"wp:term":[{"taxonomy":"product_brand","embeddable":true,"href":"https:\/\/gridamokykloms.lt\/en\/wp-json\/wp\/v2\/product_brand?post=6951"},{"taxonomy":"product_cat","embeddable":true,"href":"https:\/\/gridamokykloms.lt\/en\/wp-json\/wp\/v2\/product_cat?post=6951"},{"taxonomy":"product_tag","embeddable":true,"href":"https:\/\/gridamokykloms.lt\/en\/wp-json\/wp\/v2\/product_tag?post=6951"}],"curies":[{"name":"wp","href":"https:\/\/api.w.org\/{rel}","templated":true}]}}